{"id":32780,"date":"2023-12-12T13:51:21","date_gmt":"2023-12-12T12:51:21","guid":{"rendered":"https:\/\/www.mkw-laser.de\/?page_id=32780"},"modified":"2025-12-19T09:29:09","modified_gmt":"2025-12-19T08:29:09","slug":"douche-laser-powertwin-21","status":"publish","type":"page","link":"https:\/\/www.mkw-laser.de\/fr\/medecine-humaine\/douche-laser-powertwin-21","title":{"rendered":"Douche laser PowerTwin 21"},"content":{"rendered":"<div class=\"wpb-content-wrapper\"><p>[vc_row][vc_column][vc_single_image image=&#8221;34626&#8243; img_size=&#8221;full&#8221; css=&#8221;.vc_custom_1766132932793{margin-top: 0px !important;margin-right: 0px !important;margin-bottom: 30px !important;margin-left: 0px !important;padding-top: 0px !important;padding-right: 0px !important;padding-left: 0px !important;}&#8221;][vc_empty_space height=&#8221;25px&#8221;][vc_column_text]<\/p>\n<h2 style=\"text-align: left;\">Douche Laser PowerTwin 21<\/h2>\n<h4 class=\"bodytext\">Une fa\u00e7on innovante de traiter avec la lumi\u00e8re<\/h4>\n<p>Id\u00e9al pour la th\u00e9rapie laser sur de grandes surfaces[\/vc_column_text][vc_row_inner css=&#8221;.vc_custom_1523533034292{margin-bottom: 0px !important;padding-bottom: 0px !important;}&#8221;][vc_column_inner width=&#8221;1\/3&#8243; css=&#8221;.vc_custom_1712744090073{padding-top: 5px !important;}&#8221; offset=&#8221;vc_hidden-xs&#8221;][vc_single_image image=&#8221;44979&#8243; img_size=&#8221;full&#8221; style=&#8221;vc_box_border&#8221; onclick=&#8221;zoom&#8221;][vc_media_grid element_width=&#8221;3&#8243; gap=&#8221;15&#8243; grid_id=&#8221;vc_gid:1766132912084-4de64343-ec51-0&#8243; include=&#8221;3621,32786,3627,3630&#8243;][\/vc_column_inner][vc_column_inner width=&#8221;2\/3&#8243; css=&#8221;.vc_custom_1712744074677{margin-left: 40px !important;}&#8221; offset=&#8221;vc_hidden-xs&#8221;][vc_column_text el_class=&#8221;li-check&#8221;]<\/p>\n<ul>\n<li>21 diodes laser puissantes<\/li>\n<li>Haute densit\u00e9 de laser sur une surface de traitement de 55 cm2<\/li>\n<li>Param\u00e8tres laser r\u00e9glables individuellement (puissance, programme, temps de th\u00e9rapie\/dose)<br \/>\nLes param\u00e8tres peuvent \u00eatre r\u00e9gl\u00e9s directement sur l&#8217;appareil (utilisation d&#8217;une seule main)<\/li>\n<li>9 s\u00e9ries de fr\u00e9quences (entre autres Nogier, Bahr, Reininger) pr\u00e9programm\u00e9es<\/li>\n<li>13 bandes FI et 5 sweeps en autorun<\/li>\n<li>Affichage du r\u00e9glage s\u00e9lectionn\u00e9 sur l&#8217;\u00e9cran couleur<\/li>\n<li>Adaptateur pour un travail hygi\u00e9nique et rapide<\/li>\n<li>Transformable en <a href=\"\/?page_id=32378\" target=\"_blank\" rel=\"noopener\">peigne laser<\/a> par simple clic<\/li>\n<\/ul>\n<p>&nbsp;<\/p>\n<p>Un verre filtrant sp\u00e9cial int\u00e9gr\u00e9 dans un adaptateur interchangeable prot\u00e8ge les<br \/>\ndiodes laser et permet de continuer \u00e0 travailler de mani\u00e8re rapide, hygi\u00e9nique et s\u00fbre.[\/vc_column_text][\/vc_column_inner][\/vc_row_inner][vc_row_inner css=&#8221;.vc_custom_1523533034292{margin-bottom: 0px !important;padding-bottom: 0px !important;}&#8221;][vc_column_inner width=&#8221;1\/3&#8243; css=&#8221;.vc_custom_1712744105571{padding-top: 5px !important;}&#8221; offset=&#8221;vc_hidden-lg vc_hidden-md vc_hidden-sm&#8221;][vc_single_image image=&#8221;44979&#8243; img_size=&#8221;full&#8221; style=&#8221;vc_box_border&#8221; onclick=&#8221;zoom&#8221;][\/vc_column_inner][vc_column_inner width=&#8221;2\/3&#8243; offset=&#8221;vc_hidden-lg vc_hidden-md vc_hidden-sm&#8221;][vc_column_text el_class=&#8221;li-check&#8221;]<\/p>\n<ul>\n<li>21 diodes laser puissantes<\/li>\n<li>Haute densit\u00e9 de laser sur une surface de traitement de 55 cm2<\/li>\n<li>Param\u00e8tres laser r\u00e9glables individuellement (puissance, programme, temps de th\u00e9rapie\/dose)<br \/>\nLes param\u00e8tres peuvent \u00eatre r\u00e9gl\u00e9s directement sur l&#8217;appareil (utilisation d&#8217;une seule main)<\/li>\n<li>9 s\u00e9ries de fr\u00e9quences (entre autres Nogier, Bahr, Reininger) pr\u00e9programm\u00e9es<\/li>\n<li>13 bandes FI et 5 sweeps en autorun<\/li>\n<li>Affichage du r\u00e9glage s\u00e9lectionn\u00e9 sur l&#8217;\u00e9cran couleur<\/li>\n<li>Adaptateur pour un travail hygi\u00e9nique et rapide<\/li>\n<li>Transformable en <a href=\"\/?page_id=32378\" target=\"_blank\" rel=\"noopener\">peigne laser<\/a> par simple clic<\/li>\n<\/ul>\n<p>&nbsp;<\/p>\n<p>Un verre filtrant sp\u00e9cial int\u00e9gr\u00e9 dans un adaptateur interchangeable prot\u00e8ge les<br \/>\ndiodes laser et permet de continuer \u00e0 travailler de mani\u00e8re rapide, hygi\u00e9nique et s\u00fbre.[\/vc_column_text][\/vc_column_inner][\/vc_row_inner][vc_row_inner css=&#8221;.vc_custom_1523533034292{margin-bottom: 0px !important;padding-bottom: 0px !important;}&#8221;][vc_column_inner width=&#8221;7\/12&#8243; css=&#8221;.vc_custom_1712744140700{padding-top: 5px !important;}&#8221; offset=&#8221;vc_hidden-xs&#8221;][vc_column_text]<\/p>\n<h2 style=\"text-align: left;\">VID\u00c9O PRODUIT<\/h2>\n<p>[\/vc_column_text][vc_video link=&#8221;https:\/\/vimeo.com\/512474956\/612d3406f1&#8243; css=&#8221;.vc_custom_1613389837751{margin-left: -20px !important;}&#8221;][\/vc_column_inner][vc_column_inner width=&#8221;5\/12&#8243; offset=&#8221;vc_hidden-lg vc_hidden-md vc_hidden-sm vc_hidden-xs&#8221;][vc_raw_html]JTNDaWZyYW1lJTIwc3JjJTNEJTIyaHR0cHMlM0ElMkYlMkZwbGF5ZXIudmltZW8uY29tJTJGdmlkZW8lMkY1MTI0NzQ5NTYlM0ZkbnQlM0QxJTIyJTIwd2lkdGglM0QlMjI2NDAlMjIlMjBoZWlnaHQlM0QlMjIzODQlMjIlMjBmcmFtZWJvcmRlciUzRCUyMjAlMjIlMjBhbGxvdyUzRCUyMmF1dG9wbGF5JTNCJTIwZnVsbHNjcmVlbiUzQiUyMHBpY3R1cmUtaW4tcGljdHVyZSUyMiUyMGFsbG93ZnVsbHNjcmVlbiUzRSUzQyUyRmlmcmFtZSUzRQ==[\/vc_raw_html][\/vc_column_inner][\/vc_row_inner][vc_row_inner css=&#8221;.vc_custom_1523533034292{margin-bottom: 0px !important;padding-bottom: 0px !important;}&#8221;][vc_column_inner width=&#8221;7\/12&#8243; css=&#8221;.vc_custom_1712744432779{padding-top: 5px !important;}&#8221; offset=&#8221;vc_hidden-lg vc_hidden-md vc_hidden-sm&#8221;][vc_column_text]<\/p>\n<h2 style=\"text-align: left;\">VID\u00c9O PRODUIT<\/h2>\n<p>[\/vc_column_text][vc_video link=&#8221;https:\/\/vimeo.com\/512474956\/612d3406f1&#8243; css=&#8221;.vc_custom_1712744286015{margin-left: -15px !important;}&#8221;][\/vc_column_inner][vc_column_inner width=&#8221;5\/12&#8243; offset=&#8221;vc_hidden-lg vc_hidden-md vc_hidden-sm vc_hidden-xs&#8221;][vc_raw_html]JTNDaWZyYW1lJTIwc3JjJTNEJTIyaHR0cHMlM0ElMkYlMkZwbGF5ZXIudmltZW8uY29tJTJGdmlkZW8lMkY1MTI0NzQ5NTYlM0ZkbnQlM0QxJTIyJTIwd2lkdGglM0QlMjI2NDAlMjIlMjBoZWlnaHQlM0QlMjIzODQlMjIlMjBmcmFtZWJvcmRlciUzRCUyMjAlMjIlMjBhbGxvdyUzRCUyMmF1dG9wbGF5JTNCJTIwZnVsbHNjcmVlbiUzQiUyMHBpY3R1cmUtaW4tcGljdHVyZSUyMiUyMGFsbG93ZnVsbHNjcmVlbiUzRSUzQyUyRmlmcmFtZSUzRQ==[\/vc_raw_html][\/vc_column_inner][\/vc_row_inner][vc_separator color=&#8221;custom&#8221; css=&#8221;.vc_custom_1523533006806{margin-top: 50px !important;margin-bottom: 60px !important;padding-top: 0px !important;padding-bottom: 0px !important;}&#8221; accent_color=&#8221;rgba(0,149,126,0.5)&#8221;][vc_column_text]<\/p>\n<h2 style=\"text-align: left;\">PLUS DE LASER &#8211; PLUS DE PUISSANCE &#8211; PLUS DE SURFACE<\/h2>\n<p>[\/vc_column_text][vc_row_inner][vc_column_inner width=&#8221;7\/12&#8243;][vc_column_text]De nombreuses applications n\u00e9cessitent une application de la lumi\u00e8re laser sur une grande surface. Cela pose un probl\u00e8me aux lasers ponctuels classiques et ne peut \u00eatre r\u00e9alis\u00e9 &#8211; si tant est que cela soit possible &#8211; qu&#8217;en y consacrant beaucoup de temps.<\/p>\n<p>D\u00e8s 1988, MKW a d\u00e9velopp\u00e9 la premi\u00e8re <a href=\"\/?page_id=32384\" target=\"_blank\" rel=\"noopener\">douche laser<\/a> au monde pour le traitement de grandes surfaces. Cette m\u00e9thode de traitement a \u00e9t\u00e9 perfectionn\u00e9e en permanence et trouve son apog\u00e9e provisoire dans la <strong>douche laser PowerTwin 21<\/strong>.[\/vc_column_text][vc_single_image image=&#8221;32542&#8243; img_size=&#8221;full&#8221; alignment=&#8221;center&#8221; style=&#8221;vc_box_border&#8221; css=&#8221;.vc_custom_1702461136163{margin-top: -20px !important;margin-right: 0px !important;margin-bottom: 30px !important;margin-left: 0px !important;padding-top: 0px !important;padding-right: 0px !important;padding-left: 0px !important;}&#8221;][\/vc_column_inner][vc_column_inner width=&#8221;5\/12&#8243; offset=&#8221;vc_hidden-xs&#8221;][vc_single_image image=&#8221;3659&#8243; img_size=&#8221;full&#8221;][\/vc_column_inner][\/vc_row_inner][vc_empty_space][vc_column_text css=&#8221;.vc_custom_1702384764409{border-top-width: 3px !important;border-right-width: 3px !important;border-bottom-width: 3px !important;border-left-width: 3px !important;padding-top: 8px !important;padding-right: 8px !important;padding-bottom: 8px !important;padding-left: 8px !important;border-left-color: rgba(0,149,126,0.5) !important;border-left-style: solid !important;border-right-color: rgba(0,149,126,0.5) !important;border-right-style: solid !important;border-top-color: rgba(0,149,126,0.5) !important;border-top-style: solid !important;border-bottom-color: rgba(0,149,126,0.5) !important;border-bottom-style: solid !important;border-radius: 3px !important;}&#8221;]<\/p>\n<h2 style=\"text-align: left;\">LE CLOU<\/h2>\n<p>D&#8217;un simple clic, la <a href=\"\/?page_id=32384\" target=\"_blank\" rel=\"noopener\">douche laser<\/a> peut \u00eatre transform\u00e9e en <a href=\"\/?page_id=32378\" target=\"_blank\" rel=\"noopener\">peigne laser<\/a> en quelques secondes, et ce sans perte d&#8217;alimentation. Ainsi, m\u00eame les peaux tr\u00e8s poilues peuvent \u00eatre trait\u00e9es sans probl\u00e8me.[\/vc_column_text][vc_empty_space][\/vc_column][\/vc_row][vc_row][vc_column][vc_tta_accordion color=&#8221;green&#8221; c_icon=&#8221;chevron&#8221; active_section=&#8221;-1&#8243; collapsible_all=&#8221;true&#8221;][vc_tta_section title=&#8221;Id\u00e9al pour les applications sp\u00e9ciales&#8221; tab_id=&#8221;1536153989223-a04bf755-9c2a&#8221;][vc_column_text]Pour les applications sp\u00e9ciales, la <strong>douche laser PowerTwin 21<\/strong> peut \u00eatre r\u00e9gl\u00e9e individuellement. La dose de traitement, le mode de fonctionnement ainsi que la dur\u00e9e de la th\u00e9rapie sont affich\u00e9s sur l&#8217;\u00e9cran couleur. Outre le mode de fonctionnement CW (ondes continues) et le spectre multifr\u00e9quences \u00e9prouv\u00e9, des programmes de fr\u00e9quences suppl\u00e9mentaires (comme les fr\u00e9quences Nogier, Bahr et Reininger) sont pr\u00e9r\u00e9gl\u00e9s. D&#8217;autres fr\u00e9quences peuvent \u00eatre choisies librement et programm\u00e9es sur 20 emplacements de m\u00e9moire. Convient parfaitement \u00e0 la <a href=\"\/?page_id=32422\" target=\"_blank\" rel=\"noopener\">th\u00e9rapie par champ laser ou \u00e0 la th\u00e9rapie par fr\u00e9quence laser<\/a>.<\/p>\n<p>&nbsp;<\/p>\n<h4>Deux versions de la douche laser PowerTwin sont disponibles :<\/h4>\n<p>\u2013 \u00a0 \u00a0 PowerTwin 21 Puissance totale des diodes 1.050 mW (21 x 50 mW)<br \/>\n\u2013 \u00a0 \u00a0 <a href=\"\/?page_id=32698\">PowerTwin21 XP5<\/a> Puissance totale des diodes 2.100 mW (21 x 100 mW)[\/vc_column_text][\/vc_tta_section][\/vc_tta_accordion][vc_tta_accordion color=&#8221;green&#8221; c_icon=&#8221;chevron&#8221; active_section=&#8221;-1&#8243; collapsible_all=&#8221;true&#8221;][vc_tta_section title=&#8221;Description de l&#8217;appareil&#8221; tab_id=&#8221;1536153197918-781aa00b-3498&#8243;][vc_column_text el_class=&#8221;li-check&#8221;]<\/p>\n<h4>Douche laser PowerTwin21<\/h4>\n<ul>\n<li>21 diodes laser irradient une surface de 55 cm2 avec une densit\u00e9 laser \u00e9lev\u00e9e<\/li>\n<li>Mobilit\u00e9 illimit\u00e9e gr\u00e2ce au raccordement direct au r\u00e9seau (100 V &#8211; 240 V ~)<\/li>\n<li>Quatre diodes rouges d\u00e9limitent la surface de traitement<\/li>\n<li>Puissance totale des diodes 1.050 mW (21 x 50 mW) &#8211; 785 nm<\/li>\n<li>Param\u00e8tres du laser r\u00e9glables<\/li>\n<li>Adaptateur interchangeable avec verre de protection int\u00e9gr\u00e9<\/li>\n<li>CW, multifr\u00e9quence, Alpha, Nogier, Bahr, Reininger, Solfeggio, fr\u00e9quences sp\u00e9ciales, bandes FI et balayages (Autorun)<\/li>\n<li>Fr\u00e9quences librement s\u00e9lectionnables<\/li>\n<li>\u00c9cran couleur<\/li>\n<li>Convertible en un clic de la <a href=\"\/?page_id=32384\" target=\"_blank\" rel=\"noopener\">douche laser<\/a> au <a href=\"\/?page_id=32378\" target=\"_blank\" rel=\"noopener\">peigne laser<\/a><\/li>\n<li><a href=\"\/?page_id=32788\" target=\"_blank\" rel=\"noopener\">Powerbank<\/a> en option pour un fonctionnement ind\u00e9pendant du secteur<\/li>\n<\/ul>\n<p>[\/vc_column_text][\/vc_tta_section][\/vc_tta_accordion][\/vc_column][\/vc_row][vc_row][vc_column][vc_empty_space height=&#8221;64px&#8221;][\/vc_column][\/vc_row][vc_row][vc_column width=&#8221;1\/4&#8243;][\/vc_column][vc_column width=&#8221;1\/2&#8243;][vc_column_text]<\/p>\n<p style=\"text-align: center;\"><a class=\"button angebot\" title=\"Request a quote here\" href=\"\/?page_id=32198\">Demander une offre<\/a><\/p>\n<p>[\/vc_column_text][\/vc_column][vc_column width=&#8221;1\/4&#8243;][\/vc_column][\/vc_row]<\/p>\n<\/div>","protected":false},"excerpt":{"rendered":"<p>Die neue Generation der Laserdusche. 21 Laserdioden bestrahlen mit h\u00f6chster Laserdichte eine Fl\u00e4che von 55 cm\u00b2. Mit Wechseladapter f\u00fcr schnelles und hygienisches Arbeiten.<\/p>\n","protected":false},"author":110,"featured_media":44979,"parent":32514,"menu_order":11,"comment_status":"closed","ping_status":"closed","template":"","meta":{"footnotes":"","_links_to":"","_links_to_target":""},"class_list":["post-32780","page","type-page","status-publish","has-post-thumbnail","hentry","description-off"],"_links":{"self":[{"href":"https:\/\/www.mkw-laser.de\/fr\/wp-json\/wp\/v2\/pages\/32780","targetHints":{"allow":["GET"]}}],"collection":[{"href":"https:\/\/www.mkw-laser.de\/fr\/wp-json\/wp\/v2\/pages"}],"about":[{"href":"https:\/\/www.mkw-laser.de\/fr\/wp-json\/wp\/v2\/types\/page"}],"author":[{"embeddable":true,"href":"https:\/\/www.mkw-laser.de\/fr\/wp-json\/wp\/v2\/users\/110"}],"replies":[{"embeddable":true,"href":"https:\/\/www.mkw-laser.de\/fr\/wp-json\/wp\/v2\/comments?post=32780"}],"version-history":[{"count":7,"href":"https:\/\/www.mkw-laser.de\/fr\/wp-json\/wp\/v2\/pages\/32780\/revisions"}],"predecessor-version":[{"id":46178,"href":"https:\/\/www.mkw-laser.de\/fr\/wp-json\/wp\/v2\/pages\/32780\/revisions\/46178"}],"up":[{"embeddable":true,"href":"https:\/\/www.mkw-laser.de\/fr\/wp-json\/wp\/v2\/pages\/32514"}],"wp:featuredmedia":[{"embeddable":true,"href":"https:\/\/www.mkw-laser.de\/fr\/wp-json\/wp\/v2\/media\/44979"}],"wp:attachment":[{"href":"https:\/\/www.mkw-laser.de\/fr\/wp-json\/wp\/v2\/media?parent=32780"}],"curies":[{"name":"wp","href":"https:\/\/api.w.org\/{rel}","templated":true}]}}