{"id":32876,"date":"2023-12-13T13:22:59","date_gmt":"2023-12-13T12:22:59","guid":{"rendered":"https:\/\/www.mkw-laser.de\/?page_id=32876"},"modified":"2024-04-10T14:44:30","modified_gmt":"2024-04-10T12:44:30","slug":"douche-laser-powertwin-21","status":"publish","type":"page","link":"https:\/\/www.mkw-laser.de\/fr\/medecine-veterinaire\/douche-laser-powertwin-21","title":{"rendered":"Douche laser PowerTwin 21"},"content":{"rendered":"<div class=\"wpb-content-wrapper\"><p>[vc_row][vc_column][vc_single_image image=&#8221;34626&#8243; img_size=&#8221;full&#8221; css=&#8221;.vc_custom_1711019754548{margin-top: 0px !important;margin-right: 0px !important;margin-bottom: 30px !important;margin-left: 0px !important;padding-top: 0px !important;padding-right: 0px !important;padding-left: 0px !important;}&#8221;][vc_empty_space height=&#8221;25px&#8221;][vc_column_text]<\/p>\n<h2 style=\"text-align: left;\">Douche Laser PowerTwin 21<\/h2>\n<h4 class=\"bodytext\">Une fa\u00e7on innovante de traiter avec la lumi\u00e8re<\/h4>\n<p>Id\u00e9al pour la th\u00e9rapie laser sur de grandes surfaces[\/vc_column_text][vc_row_inner css=&#8221;.vc_custom_1523533034292{margin-bottom: 0px !important;padding-bottom: 0px !important;}&#8221;][vc_column_inner width=&#8221;1\/3&#8243; css=&#8221;.vc_custom_1712751765512{padding-top: 5px !important;}&#8221; offset=&#8221;vc_hidden-xs&#8221;][vc_single_image image=&#8221;32878&#8243; img_size=&#8221;full&#8221; style=&#8221;vc_box_border&#8221; onclick=&#8221;zoom&#8221;][vc_media_grid element_width=&#8221;3&#8243; gap=&#8221;15&#8243; grid_id=&#8221;vc_gid:1712752998201-7bf243b3-a2da-3&#8243; include=&#8221;32879,35292,35296,32786&#8243;][\/vc_column_inner][vc_column_inner width=&#8221;2\/3&#8243; css=&#8221;.vc_custom_1712751777644{margin-left: 40px !important;}&#8221; offset=&#8221;vc_hidden-xs&#8221;][vc_column_text el_class=&#8221;li-check&#8221;]<\/p>\n<ul>\n<li>21 diodes laser puissantes<\/li>\n<li>Haute densit\u00e9 de laser sur une surface de traitement de 55 cm2<\/li>\n<li>Param\u00e8tres laser r\u00e9glables individuellement (puissance, programme, temps de th\u00e9rapie\/dose)<br \/>\nLes param\u00e8tres peuvent \u00eatre r\u00e9gl\u00e9s directement sur l&#8217;appareil (utilisation d&#8217;une seule main)<\/li>\n<li>9 s\u00e9ries de fr\u00e9quences (entre autres Nogier, Bahr, Reininger) pr\u00e9programm\u00e9es<\/li>\n<li>13 bandes FI et 5 balayages en autorun<\/li>\n<li>Choix libre des fr\u00e9quences &#8211; 20 emplacements de m\u00e9moire suppl\u00e9mentaires<\/li>\n<li>Adaptateur interchangeable pour diff\u00e9rents types de peaux<\/li>\n<li>Transformable en <a href=\"\/?page_id=32378\">peigne laser<\/a> par simple clic<\/li>\n<li><a href=\"\/?page_id=32788\">Powerbank<\/a> en option pour un fonctionnement ind\u00e9pendant du secteur<\/li>\n<\/ul>\n<p>[\/vc_column_text][vc_column_text el_class=&#8221;li-check&#8221;]<\/p>\n<h4>Deux versions de la douche laser PowerTwin sont disponibles :<\/h4>\n<p>\u2013\u00a0 \u00a0 \u00a0<a href=\"\/?page_id=32846\">PowerTwin XP5<\/a> Puissance totale des diodes 2.100 mW (21 x 100 mW)<br \/>\n\u2013\u00a0 \u00a0 \u00a0PowerTwin 21 Puissance totale des diodes 1.050 mW (21 x 50 mW)[\/vc_column_text][vc_empty_space][\/vc_column_inner][\/vc_row_inner][vc_row_inner css=&#8221;.vc_custom_1523533034292{margin-bottom: 0px !important;padding-bottom: 0px !important;}&#8221;][vc_column_inner width=&#8221;1\/3&#8243; css=&#8221;.vc_custom_1712751914194{padding-top: 5px !important;}&#8221; offset=&#8221;vc_hidden-lg vc_hidden-md vc_hidden-sm&#8221;][vc_single_image image=&#8221;32878&#8243; img_size=&#8221;full&#8221; style=&#8221;vc_box_border&#8221; onclick=&#8221;zoom&#8221;][\/vc_column_inner][vc_column_inner width=&#8221;2\/3&#8243; offset=&#8221;vc_hidden-lg vc_hidden-md vc_hidden-sm&#8221;][vc_column_text el_class=&#8221;li-check&#8221;]<\/p>\n<ul>\n<li>21 diodes laser puissantes<\/li>\n<li>Haute densit\u00e9 de laser sur une surface de traitement de 55 cm2<\/li>\n<li>Param\u00e8tres laser r\u00e9glables individuellement (puissance, programme, temps de th\u00e9rapie\/dose)<br \/>\nLes param\u00e8tres peuvent \u00eatre r\u00e9gl\u00e9s directement sur l&#8217;appareil (utilisation d&#8217;une seule main)<\/li>\n<li>9 s\u00e9ries de fr\u00e9quences (entre autres Nogier, Bahr, Reininger) pr\u00e9programm\u00e9es<\/li>\n<li>13 bandes FI et 5 balayages en autorun<\/li>\n<li>Choix libre des fr\u00e9quences &#8211; 20 emplacements de m\u00e9moire suppl\u00e9mentaires<\/li>\n<li>Adaptateur interchangeable pour diff\u00e9rents types de peaux<\/li>\n<li>Transformable en <a href=\"\/?page_id=32378\">peigne laser<\/a> par simple clic<\/li>\n<li><a href=\"\/?page_id=32788\">Powerbank<\/a> en option pour un fonctionnement ind\u00e9pendant du secteur<\/li>\n<\/ul>\n<p>[\/vc_column_text][vc_column_text el_class=&#8221;li-check&#8221;]<\/p>\n<h4>Deux versions de la douche laser PowerTwin sont disponibles :<\/h4>\n<p>\u2013\u00a0 \u00a0 \u00a0<a href=\"\/?page_id=32846\">PowerTwin XP5<\/a> Puissance totale des diodes 2.100 mW (21 x 100 mW)<br \/>\n\u2013\u00a0 \u00a0 \u00a0PowerTwin 21 Puissance totale des diodes 1.050 mW (21 x 50 mW)[\/vc_column_text][\/vc_column_inner][\/vc_row_inner][vc_row_inner css=&#8221;.vc_custom_1523533034292{margin-bottom: 0px !important;padding-bottom: 0px !important;}&#8221;][vc_column_inner css=&#8221;.vc_custom_1712752225124{padding-top: 5px !important;}&#8221; offset=&#8221;vc_hidden-xs&#8221;][vc_empty_space height=&#8221;25px&#8221;][\/vc_column_inner][\/vc_row_inner][vc_row_inner css=&#8221;.vc_custom_1523533034292{margin-bottom: 0px !important;padding-bottom: 0px !important;}&#8221;][vc_column_inner width=&#8221;7\/12&#8243; css=&#8221;.vc_custom_1523445157664{padding-top: 5px !important;}&#8221;][vc_column_text]<\/p>\n<h2 style=\"text-align: left;\">VIDEOS DE PRODUITS<\/h2>\n<p>[\/vc_column_text][\/vc_column_inner][vc_column_inner width=&#8221;5\/12&#8243;][vc_column_text]<\/p>\n<h2 style=\"text-align: left;\"><span style=\"color: #ffffff;\">_<\/span><\/h2>\n<p>[\/vc_column_text][\/vc_column_inner][\/vc_row_inner][vc_row_inner css=&#8221;.vc_custom_1523533034292{margin-bottom: 0px !important;padding-bottom: 0px !important;}&#8221;][vc_column_inner width=&#8221;1\/2&#8243; offset=&#8221;vc_hidden-xs&#8221;][vc_raw_html]JTNDaWZyYW1lJTIwc3JjJTNEJTIyaHR0cHMlM0ElMkYlMkZwbGF5ZXIudmltZW8uY29tJTJGdmlkZW8lMkY4NDY4ODQ5NTQlM0ZoJTNEOGQzMjM5N2E1MiUyMiUyMHdpZHRoJTNEJTIyNjQwJTIyJTIwaGVpZ2h0JTNEJTIyMzYwJTIyJTIwZnJhbWVib3JkZXIlM0QlMjIwJTIyJTIwYWxsb3clM0QlMjJhdXRvcGxheSUzQiUyMGZ1bGxzY3JlZW4lM0IlMjBwaWN0dXJlLWluLXBpY3R1cmUlMjIlMjBhbGxvd2Z1bGxzY3JlZW4lM0UlM0MlMkZpZnJhbWUlM0U=[\/vc_raw_html][vc_column_text css=&#8221;.vc_custom_1702470452290{margin-top: -65px !important;}&#8221;]Tout ce qu&#8217;il faut savoir sur la douche laser PowerTwin[\/vc_column_text][\/vc_column_inner][vc_column_inner width=&#8221;1\/2&#8243; offset=&#8221;vc_hidden-xs&#8221;][vc_raw_html css=&#8221;.vc_custom_1712749487838{margin-left: -px !important;}&#8221;]JTNDaWZyYW1lJTIwc3JjJTNEJTIyaHR0cHMlM0ElMkYlMkZwbGF5ZXIudmltZW8uY29tJTJGdmlkZW8lMkY4Mzc1NjYwNTElM0ZoJTNENjhjYjA1N2FhYyUyMiUyMHdpZHRoJTNEJTIyNjQwJTIyJTIwaGVpZ2h0JTNEJTIyMzYwJTIyJTIwZnJhbWVib3JkZXIlM0QlMjIwJTIyJTIwYWxsb3clM0QlMjJhdXRvcGxheSUzQiUyMGZ1bGxzY3JlZW4lM0IlMjBwaWN0dXJlLWluLXBpY3R1cmUlMjIlMjBhbGxvd2Z1bGxzY3JlZW4lM0UlM0MlMkZpZnJhbWUlM0U=[\/vc_raw_html][vc_column_text css=&#8221;.vc_custom_1702470490572{margin-top: -65px !important;}&#8221;]Pourquoi un peigne laser est-il n\u00e9cessaire en m\u00e9decine v\u00e9t\u00e9rinaire ?[\/vc_column_text][\/vc_column_inner][\/vc_row_inner][vc_row_inner bwd_tbc4vd_show_weekday=&#8221;&#8221; css=&#8221;.vc_custom_1712752684677{margin-top: -100px !important;margin-bottom: 0px !important;padding-bottom: 0px !important;}&#8221;][vc_column_inner width=&#8221;1\/2&#8243; offset=&#8221;vc_hidden-lg vc_hidden-md vc_hidden-sm&#8221;][vc_raw_html css=&#8221;.vc_custom_1712752664712{margin-top: -10px !important;}&#8221;]JTNDaWZyYW1lJTIwc3JjJTNEJTIyaHR0cHMlM0ElMkYlMkZwbGF5ZXIudmltZW8uY29tJTJGdmlkZW8lMkY4NDY4ODQ5NTQlM0ZoJTNEOGQzMjM5N2E1MiUyMiUyMHdpZHRoJTNEJTIyNjQwJTIyJTIwaGVpZ2h0JTNEJTIyMjYwJTIyJTIwZnJhbWVib3JkZXIlM0QlMjIwJTIyJTIwYWxsb3clM0QlMjJhdXRvcGxheSUzQiUyMGZ1bGxzY3JlZW4lM0IlMjBwaWN0dXJlLWluLXBpY3R1cmUlMjIlMjBhbGxvd2Z1bGxzY3JlZW4lM0UlM0MlMkZpZnJhbWUlM0U=[\/vc_raw_html][vc_column_text css=&#8221;.vc_custom_1702470452290{margin-top: -65px !important;}&#8221;]Tout ce qu&#8217;il faut savoir sur la douche laser PowerTwin[\/vc_column_text][\/vc_column_inner][vc_column_inner width=&#8221;1\/2&#8243; offset=&#8221;vc_hidden-lg vc_hidden-md vc_hidden-sm&#8221;][vc_raw_html css=&#8221;.vc_custom_1712752696774{margin-left: -px !important;}&#8221;]JTNDaWZyYW1lJTIwc3JjJTNEJTIyaHR0cHMlM0ElMkYlMkZwbGF5ZXIudmltZW8uY29tJTJGdmlkZW8lMkY4Mzc1NjYwNTElM0ZoJTNENjhjYjA1N2FhYyUyMiUyMHdpZHRoJTNEJTIyNjQwJTIyJTIwaGVpZ2h0JTNEJTIyMjYwJTIyJTIwZnJhbWVib3JkZXIlM0QlMjIwJTIyJTIwYWxsb3clM0QlMjJhdXRvcGxheSUzQiUyMGZ1bGxzY3JlZW4lM0IlMjBwaWN0dXJlLWluLXBpY3R1cmUlMjIlMjBhbGxvd2Z1bGxzY3JlZW4lM0UlM0MlMkZpZnJhbWUlM0U=[\/vc_raw_html][vc_column_text css=&#8221;.vc_custom_1702470490572{margin-top: -65px !important;}&#8221;]Pourquoi un peigne laser est-il n\u00e9cessaire en m\u00e9decine v\u00e9t\u00e9rinaire ?[\/vc_column_text][\/vc_column_inner][\/vc_row_inner][vc_empty_space height=&#8221;1px&#8221;][vc_separator color=&#8221;custom&#8221; accent_color=&#8221;rgba(0,149,126,0.5)&#8221; css=&#8221;.vc_custom_1523533006806{margin-top: 50px !important;margin-bottom: 60px !important;padding-top: 0px !important;padding-bottom: 0px !important;}&#8221;][vc_column_text]<\/p>\n<h2 style=\"text-align: left;\">LASER L\u00c0 O\u00d9 LES AUTRES NE PASSENT PAS<\/h2>\n<p>[\/vc_column_text][vc_row_inner][vc_column_inner width=&#8221;7\/12&#8243; offset=&#8221;vc_hidden-xs&#8221;][vc_column_text]Les cheveux r\u00e9fl\u00e9chissent le rayonnement &#8211; un probl\u00e8me pratiquement insurmontable pour les syst\u00e8mes laser traditionnels.<\/p>\n<p>MKW innove pour surmonter cette barri\u00e8re en pla\u00e7ant des fibres optiques devant. Ainsi, la lumi\u00e8re laser est transport\u00e9e directement sur la peau \u00e0 travers le poil, sans perte de lumi\u00e8re notable.<\/p>\n<p>Le traitement avec un <a href=\"\/?page_id=32378\" target=\"_blank\" rel=\"noopener\">peigne laser<\/a> est indispensable, en particulier pour les poils longs et denses. C&#8217;est la seule fa\u00e7on de garantir que la lumi\u00e8re laser soit absorb\u00e9e par les cellules de la peau avec une densit\u00e9 laser \u00e9lev\u00e9e. Il n&#8217;est pas n\u00e9cessaire de raser la zone \u00e0 traiter.<\/p>\n<p>D\u00e8s 1991, MKW a d\u00e9velopp\u00e9 le premier <a href=\"\/?page_id=32378\" target=\"_blank\" rel=\"noopener\">peigne laser<\/a> au monde pour le traitement de grandes surfaces en m\u00e9decine v\u00e9t\u00e9rinaire.[\/vc_column_text][vc_raw_html css=&#8221;.vc_custom_1702470629870{margin-top: 10px !important;}&#8221;]JTNDaWZyYW1lJTIwc3JjJTNEJTIyaHR0cHMlM0ElMkYlMkZwbGF5ZXIudmltZW8uY29tJTJGdmlkZW8lMkY1MTI1MDM4NzglMjIlMjB3aWR0aCUzRCUyMjY0MCUyMiUyMGhlaWdodCUzRCUyMjI0NCUyMiUyMGZyYW1lYm9yZGVyJTNEJTIyMCUyMiUyMGFsbG93JTNEJTIyYXV0b3BsYXklM0IlMjBmdWxsc2NyZWVuJTNCJTIwcGljdHVyZS1pbi1waWN0dXJlJTIyJTIwYWxsb3dmdWxsc2NyZWVuJTNFJTNDJTJGaWZyYW1lJTNF[\/vc_raw_html][vc_column_text css=&#8221;.vc_custom_1702470698895{margin-top: -20px !important;}&#8221;]Le mode d&#8217;action de la douche laser MKW[\/vc_column_text][\/vc_column_inner][vc_column_inner width=&#8221;5\/12&#8243; offset=&#8221;vc_hidden-xs&#8221;][vc_single_image image=&#8221;28143&#8243; img_size=&#8221;full&#8221;][vc_single_image image=&#8221;28146&#8243; img_size=&#8221;full&#8221;][\/vc_column_inner][\/vc_row_inner][vc_row_inner][vc_column_inner width=&#8221;7\/12&#8243; offset=&#8221;vc_hidden-lg vc_hidden-md vc_hidden-sm&#8221;][vc_column_text]Les cheveux r\u00e9fl\u00e9chissent le rayonnement &#8211; un probl\u00e8me pratiquement insurmontable pour les syst\u00e8mes laser traditionnels.<\/p>\n<p>MKW innove pour surmonter cette barri\u00e8re en pla\u00e7ant des fibres optiques devant. Ainsi, la lumi\u00e8re laser est transport\u00e9e directement sur la peau \u00e0 travers le poil, sans perte de lumi\u00e8re notable.<\/p>\n<p>Le traitement avec un <a href=\"\/?page_id=32378\" target=\"_blank\" rel=\"noopener\">peigne laser<\/a> est indispensable, en particulier pour les poils longs et denses. C&#8217;est la seule fa\u00e7on de garantir que la lumi\u00e8re laser soit absorb\u00e9e par les cellules de la peau avec une densit\u00e9 laser \u00e9lev\u00e9e. Il n&#8217;est pas n\u00e9cessaire de raser la zone \u00e0 traiter.<\/p>\n<p>D\u00e8s 1991, MKW a d\u00e9velopp\u00e9 le premier <a href=\"\/?page_id=32378\" target=\"_blank\" rel=\"noopener\">peigne laser<\/a> au monde pour le traitement de grandes surfaces en m\u00e9decine v\u00e9t\u00e9rinaire.[\/vc_column_text][vc_raw_html css=&#8221;.vc_custom_1712752963575{margin-top: 10px !important;}&#8221;]JTNDaWZyYW1lJTIwc3JjJTNEJTIyaHR0cHMlM0ElMkYlMkZwbGF5ZXIudmltZW8uY29tJTJGdmlkZW8lMkY1MTI1MDM4NzglMjIlMjB3aWR0aCUzRCUyMjY0MCUyMiUyMGhlaWdodCUzRCUyMjIwNCUyMiUyMGZyYW1lYm9yZGVyJTNEJTIyMCUyMiUyMGFsbG93JTNEJTIyYXV0b3BsYXklM0IlMjBmdWxsc2NyZWVuJTNCJTIwcGljdHVyZS1pbi1waWN0dXJlJTIyJTIwYWxsb3dmdWxsc2NyZWVuJTNFJTNDJTJGaWZyYW1lJTNF[\/vc_raw_html][vc_column_text css=&#8221;.vc_custom_1712752977806{margin-top: -50px !important;}&#8221;]Le mode d&#8217;action de la douche laser MKW[\/vc_column_text][\/vc_column_inner][vc_column_inner width=&#8221;5\/12&#8243; offset=&#8221;vc_hidden-lg vc_hidden-md vc_hidden-sm&#8221;][vc_single_image image=&#8221;28143&#8243; img_size=&#8221;full&#8221;][\/vc_column_inner][\/vc_row_inner][vc_empty_space height=&#8221;5px&#8221;][vc_separator color=&#8221;custom&#8221; accent_color=&#8221;rgba(0,149,126,0.5)&#8221; css=&#8221;.vc_custom_1523533006806{margin-top: 50px !important;margin-bottom: 60px !important;padding-top: 0px !important;padding-bottom: 0px !important;}&#8221;][vc_column_text]<\/p>\n<h2 style=\"text-align: left;\">BON POUR LES ANIMAUX \u2013 ID\u00c9AL POUR TOUS LES ANIMAUX \u00c0 FOURRURE<\/h2>\n<p>[\/vc_column_text][vc_row_inner][vc_column_inner width=&#8221;7\/12&#8243;][vc_column_text]La d<strong>ouche laser PowerTwin 21<\/strong> peut \u00eatre transform\u00e9e en <a href=\"\/?page_id=32378\" target=\"_blank\" rel=\"noopener\">peigne laser<\/a> en quelques secondes. Adaptateur de point suppl\u00e9mentaire pour les traitements laser ponctuels (laserpuncture).<\/p>\n<p>Peau lisse, poil court ou long : avec la <strong>douche laser PowerTwin 21<\/strong>, vous disposez de nombreuses possibilit\u00e9s de traitement ! Parfaitement adapt\u00e9e \u00e0 la <a href=\"\/?page_id=32422\" target=\"_blank\" rel=\"noopener\">th\u00e9rapie par champ laser ou \u00e0 la th\u00e9rapie par fr\u00e9quence laser<\/a>.<\/p>\n<p>Une <a href=\"\/?page_id=32788\" target=\"_blank\" rel=\"noopener\">PowerBank<\/a> puissante est disponible pour une utilisation ind\u00e9pendante du r\u00e9seau \u00e9lectrique.[\/vc_column_text][vc_single_image image=&#8221;32542&#8243; img_size=&#8221;full&#8221; alignment=&#8221;center&#8221; style=&#8221;vc_box_border&#8221; css=&#8221;.vc_custom_1530783346840{margin-top: 0px !important;margin-right: 0px !important;margin-bottom: 30px !important;margin-left: 0px !important;padding-top: 0px !important;padding-right: 0px !important;padding-left: 0px !important;}&#8221;][\/vc_column_inner][vc_column_inner width=&#8221;5\/12&#8243;][vc_single_image image=&#8221;32882&#8243; img_size=&#8221;full&#8221; css=&#8221;.vc_custom_1712753062764{margin-top: 3px !important;}&#8221;][\/vc_column_inner][\/vc_row_inner][vc_empty_space height=&#8221;25px&#8221;][vc_empty_space][\/vc_column][\/vc_row][vc_row][vc_column][vc_tta_accordion color=&#8221;green&#8221; c_icon=&#8221;chevron&#8221; active_section=&#8221;-1&#8243; collapsible_all=&#8221;true&#8221;][vc_tta_section title=&#8221;Id\u00e9al pour les applications sp\u00e9ciales&#8221; tab_id=&#8221;1536215414662-ee0bbbb6-b1ef&#8221;][vc_column_text]Pour les applications sp\u00e9ciales, la <strong>douche laser PowerTwin 21<\/strong> peut \u00eatre r\u00e9gl\u00e9e individuellement. La dose de traitement, le mode de fonctionnement ainsi que la dur\u00e9e de la th\u00e9rapie sont affich\u00e9s sur l&#8217;\u00e9cran couleur. Outre le mode de fonctionnement CW (ondes continues) et le spectre multifr\u00e9quences \u00e9prouv\u00e9, des programmes de fr\u00e9quences suppl\u00e9mentaires (comme les fr\u00e9quences Nogier, Bahr, Chakra et Reininger) sont pr\u00e9r\u00e9gl\u00e9s. D&#8217;autres fr\u00e9quences peuvent \u00eatre choisies librement et programm\u00e9es sur 20 emplacements de m\u00e9moire. Convient parfaitement \u00e0 la th\u00e9rapie par champ laser ou \u00e0 la th\u00e9rapie par fr\u00e9quence laser.<\/p>\n<p>&nbsp;<\/p>\n<h4>Deux versions de la douche laser PowerTwin sont disponibles :<\/h4>\n<p>\u2013\u00a0 \u00a0 \u00a0PowerTwin 21 Puissance totale des diodes 1.050 mW (21 x 50 mW)<br \/>\n\u2013\u00a0 \u00a0 \u00a0<a href=\"\/?page_id=32846\" target=\"_blank\" rel=\"noopener\">PowerTwin21 XP5<\/a> Puissance totale des diodes 2.100 mW (21 x 100 mW)[\/vc_column_text][\/vc_tta_section][\/vc_tta_accordion][vc_tta_accordion color=&#8221;green&#8221; c_icon=&#8221;chevron&#8221; active_section=&#8221;-1&#8243; collapsible_all=&#8221;true&#8221;][vc_tta_section title=&#8221;Description de l&#8217;appareil&#8221; tab_id=&#8221;1536215472041-d432dd51-f3fb&#8221;][vc_column_text el_class=&#8221;li-check&#8221;]<\/p>\n<h4>Douche laser PowerTwin21<\/h4>\n<ul>\n<li>21 diodes laser irradient une surface de 55 cm2 avec une densit\u00e9 laser \u00e9lev\u00e9e<\/li>\n<li>Mobilit\u00e9 illimit\u00e9e gr\u00e2ce au raccordement direct au r\u00e9seau (100 V &#8211; 240 V ~)<\/li>\n<li>Quatre diodes rouges d\u00e9limitent la surface de traitement<\/li>\n<li>Puissance totale des diodes 1.050 mW (21 x 50 mW) &#8211; 785 nm<\/li>\n<li>Param\u00e8tres du laser r\u00e9glables<\/li>\n<li>Adaptateur interchangeable avec verre de protection int\u00e9gr\u00e9<\/li>\n<li>CW, multifr\u00e9quence, Alpha, Nogier, Bahr, Reininger, Solfeggio, fr\u00e9quences sp\u00e9ciales, bandes FI et balayages (Autorun)<\/li>\n<li>Fr\u00e9quences librement s\u00e9lectionnables<\/li>\n<li>\u00c9cran couleur<\/li>\n<li>Convertible en un clic de la <a href=\"\/?page_id=32384\">douche laser<\/a> au <a href=\"\/?page_id=32378\">peigne laser<\/a><\/li>\n<li><a href=\"\/?page_id=32788\">Powerbank<\/a> en option pour un fonctionnement ind\u00e9pendant du secteur<\/li>\n<\/ul>\n<p>[\/vc_column_text][\/vc_tta_section][\/vc_tta_accordion][\/vc_column][\/vc_row][vc_row][vc_column][vc_empty_space height=&#8221;64px&#8221;][\/vc_column][\/vc_row][vc_row][vc_column width=&#8221;1\/4&#8243;][\/vc_column][vc_column width=&#8221;1\/2&#8243;][vc_column_text]<\/p>\n<p style=\"text-align: center;\"><a class=\"button angebot\" title=\"Request a quote here\" href=\"\/?page_id=32198\">Demander une offre<\/a><\/p>\n<p>[\/vc_column_text][\/vc_column][vc_column width=&#8221;1\/4&#8243;][\/vc_column][\/vc_row]<\/p>\n<\/div>","protected":false},"excerpt":{"rendered":"<p>Die neue Generation der Laserdusche. 21 Laserdioden bestrahlen mit h\u00f6chster Laserdichte eine Fl\u00e4che von 55 cm\u00b2. Mit Wechseladapter f\u00fcr schnelles und hygienisches Arbeiten.<\/p>\n","protected":false},"author":110,"featured_media":32878,"parent":32655,"menu_order":14,"comment_status":"closed","ping_status":"closed","template":"","meta":{"footnotes":"","_links_to":"","_links_to_target":""},"class_list":["post-32876","page","type-page","status-publish","has-post-thumbnail","hentry","description-off"],"_links":{"self":[{"href":"https:\/\/www.mkw-laser.de\/fr\/wp-json\/wp\/v2\/pages\/32876","targetHints":{"allow":["GET"]}}],"collection":[{"href":"https:\/\/www.mkw-laser.de\/fr\/wp-json\/wp\/v2\/pages"}],"about":[{"href":"https:\/\/www.mkw-laser.de\/fr\/wp-json\/wp\/v2\/types\/page"}],"author":[{"embeddable":true,"href":"https:\/\/www.mkw-laser.de\/fr\/wp-json\/wp\/v2\/users\/110"}],"replies":[{"embeddable":true,"href":"https:\/\/www.mkw-laser.de\/fr\/wp-json\/wp\/v2\/comments?post=32876"}],"version-history":[{"count":0,"href":"https:\/\/www.mkw-laser.de\/fr\/wp-json\/wp\/v2\/pages\/32876\/revisions"}],"up":[{"embeddable":true,"href":"https:\/\/www.mkw-laser.de\/fr\/wp-json\/wp\/v2\/pages\/32655"}],"wp:featuredmedia":[{"embeddable":true,"href":"https:\/\/www.mkw-laser.de\/fr\/wp-json\/wp\/v2\/media\/32878"}],"wp:attachment":[{"href":"https:\/\/www.mkw-laser.de\/fr\/wp-json\/wp\/v2\/media?parent=32876"}],"curies":[{"name":"wp","href":"https:\/\/api.w.org\/{rel}","templated":true}]}}