{"id":32902,"date":"2023-12-13T14:16:22","date_gmt":"2023-12-13T13:16:22","guid":{"rendered":"https:\/\/www.mkw-laser.de\/?page_id=32902"},"modified":"2025-02-19T14:24:49","modified_gmt":"2025-02-19T13:24:49","slug":"laserpen-la-x-p500","status":"publish","type":"page","link":"https:\/\/www.mkw-laser.de\/fr\/medecine-veterinaire\/laserpen-la-x-p500","title":{"rendered":"Laserpen LA-X P500"},"content":{"rendered":"<div class=\"wpb-content-wrapper\"><p>[vc_row][vc_column][vc_single_image image=&#8221;34622&#8243; img_size=&#8221;full&#8221; css=&#8221;.vc_custom_1711024714636{margin-top: 0px !important;margin-right: 0px !important;margin-bottom: 30px !important;margin-left: 0px !important;padding-top: 0px !important;padding-right: 0px !important;padding-left: 0px !important;}&#8221;][vc_empty_space height=&#8221;25px&#8221;][vc_column_text]<\/p>\n<h2 style=\"text-align: left;\">Laserpen LA-X P500<\/h2>\n<h4 class=\"bodytext\">Th\u00e9rapie laser ponctuelle pour les exigences \u00e9lev\u00e9es<\/h4>\n<p>Id\u00e9al pour les petites surfaces[\/vc_column_text][vc_row_inner css=&#8221;.vc_custom_1523533034292{margin-bottom: 0px !important;padding-bottom: 0px !important;}&#8221;][vc_column_inner width=&#8221;1\/3&#8243; css=&#8221;.vc_custom_1712823635400{padding-top: 5px !important;}&#8221; offset=&#8221;vc_hidden-xs&#8221;][vc_single_image image=&#8221;34718&#8243; img_size=&#8221;full&#8221; style=&#8221;vc_box_border&#8221; onclick=&#8221;zoom&#8221;][vc_media_grid element_width=&#8221;3&#8243; gap=&#8221;15&#8243; grid_id=&#8221;vc_gid:1739971404330-5e66a66b-3972-4&#8243; include=&#8221;32841,32804,32803,32802&#8243;][\/vc_column_inner][vc_column_inner width=&#8221;2\/3&#8243; css=&#8221;.vc_custom_1712823625390{margin-left: 40px !important;}&#8221; offset=&#8221;vc_hidden-xs&#8221;][vc_column_text el_class=&#8221;li-check&#8221;]<\/p>\n<ul>\n<li>808 nm &#8211; 500 mW (r\u00e9glable de 50 mW &#8211; 500 mW par pas de 50 mW)<\/li>\n<li>Fibres optiques interchangeables pour diff\u00e9rentes applications<\/li>\n<li>Avec lentille grand angle<\/li>\n<li>Puissance, mode, temps de th\u00e9rapie\/dose r\u00e9glables<\/li>\n<li>S\u00e9ries de fr\u00e9quences (entre autres Nogier, Bahr, Reininger) pr\u00e9programm\u00e9es<\/li>\n<li>Avec progiciel 5.X (<a href=\"\/?page_id=32712\" target=\"_blank\" rel=\"noopener\">bandes FI Autorun<\/a> et Sweeps)<\/li>\n<li>Libre choix de la fr\u00e9quence &#8211; 20 emplacements de m\u00e9moire suppl\u00e9mentaires<\/li>\n<li>Batteries NIMH interchangeables avec station de charge<\/li>\n<\/ul>\n<p>&nbsp;<\/p>\n<p>Apr\u00e8s le lancement r\u00e9ussi du proc\u00e9d\u00e9 utilisateur il y a plus d&#8217;une d\u00e9cennie, le <strong>Laserpen LA-X s\u00e9rie P<\/strong> constitue d\u00e9sormais la r\u00e9f\u00e9rence technique ultime.<\/p>\n<p>Du r\u00e9glage des param\u00e8tres du laser \u00e0 la recherche haute r\u00e9solution des points d&#8217;acupuncture par l&#8217;appareil, en passant par les programmes de fr\u00e9quences fixes, les bandes FI et les balayages en mode autorun ainsi que les fr\u00e9quences librement r\u00e9glables, le th\u00e9rapeute dispose litt\u00e9ralement d&#8217;un \u00e9ventail optimal de la th\u00e9rapie laser moderne.[\/vc_column_text][\/vc_column_inner][\/vc_row_inner][vc_row_inner css=&#8221;.vc_custom_1523533034292{margin-bottom: 0px !important;padding-bottom: 0px !important;}&#8221;][vc_column_inner width=&#8221;1\/3&#8243; css=&#8221;.vc_custom_1712823650820{padding-top: 5px !important;}&#8221; offset=&#8221;vc_hidden-lg vc_hidden-md vc_hidden-sm&#8221;][vc_single_image image=&#8221;34718&#8243; img_size=&#8221;full&#8221; style=&#8221;vc_box_border&#8221; onclick=&#8221;zoom&#8221;][\/vc_column_inner][vc_column_inner width=&#8221;2\/3&#8243; offset=&#8221;vc_hidden-lg vc_hidden-md vc_hidden-sm&#8221;][vc_column_text el_class=&#8221;li-check&#8221;]<\/p>\n<ul>\n<li>808 nm &#8211; 500 mW (r\u00e9glable de 50 mW &#8211; 500 mW par pas de 50 mW)<\/li>\n<li>Fibres optiques interchangeables pour diff\u00e9rentes applications<\/li>\n<li>Avec lentille grand angle<\/li>\n<li>Puissance, mode, temps de th\u00e9rapie\/dose r\u00e9glables<\/li>\n<li>S\u00e9ries de fr\u00e9quences (entre autres Nogier, Bahr, Reininger) pr\u00e9programm\u00e9es<\/li>\n<li>Avec progiciel 5.X (<a href=\"\/?page_id=32712\" target=\"_blank\" rel=\"noopener\">bandes FI Autorun<\/a> et Sweeps)<\/li>\n<li>Libre choix de la fr\u00e9quence &#8211; 20 emplacements de m\u00e9moire suppl\u00e9mentaires<\/li>\n<li>Batteries NIMH interchangeables avec station de charge<\/li>\n<\/ul>\n<p>&nbsp;<\/p>\n<p>Apr\u00e8s le lancement r\u00e9ussi du proc\u00e9d\u00e9 utilisateur il y a plus d&#8217;une d\u00e9cennie, le <strong>Laserpen LA-X s\u00e9rie P<\/strong> constitue d\u00e9sormais la r\u00e9f\u00e9rence technique ultime.<\/p>\n<p>Du r\u00e9glage des param\u00e8tres du laser \u00e0 la recherche haute r\u00e9solution des points d&#8217;acupuncture par l&#8217;appareil, en passant par les programmes de fr\u00e9quences fixes, les bandes FI et les balayages en mode autorun ainsi que les fr\u00e9quences librement r\u00e9glables, le th\u00e9rapeute dispose litt\u00e9ralement d&#8217;un \u00e9ventail optimal de la th\u00e9rapie laser moderne.[\/vc_column_text][\/vc_column_inner][\/vc_row_inner][vc_row_inner css=&#8221;.vc_custom_1523533034292{margin-bottom: 0px !important;padding-bottom: 0px !important;}&#8221;][vc_column_inner width=&#8221;7\/12&#8243; css=&#8221;.vc_custom_1712823730443{padding-top: 5px !important;}&#8221; offset=&#8221;vc_hidden-xs&#8221;][vc_column_text]<\/p>\n<h2 style=\"text-align: left;\">VID\u00c9O PRODUIT<\/h2>\n<p>[\/vc_column_text][vc_raw_html]JTNDaWZyYW1lJTIwc3JjJTNEJTIyaHR0cHMlM0ElMkYlMkZwbGF5ZXIudmltZW8uY29tJTJGdmlkZW8lMkY1MjA4NTEyNjUlMjIlMjB3aWR0aCUzRCUyMjY0MCUyMiUyMGhlaWdodCUzRCUyMjM2MCUyMiUyMGZyYW1lYm9yZGVyJTNEJTIyMCUyMiUyMGFsbG93JTNEJTIyYXV0b3BsYXklM0IlMjBmdWxsc2NyZWVuJTNCJTIwcGljdHVyZS1pbi1waWN0dXJlJTIyJTIwYWxsb3dmdWxsc2NyZWVuJTNFJTNDJTJGaWZyYW1lJTNF[\/vc_raw_html][\/vc_column_inner][vc_column_inner width=&#8221;5\/12&#8243;][\/vc_column_inner][\/vc_row_inner][vc_row_inner css=&#8221;.vc_custom_1523533034292{margin-bottom: 0px !important;padding-bottom: 0px !important;}&#8221;][vc_column_inner width=&#8221;7\/12&#8243; css=&#8221;.vc_custom_1712823745274{padding-top: 5px !important;}&#8221; offset=&#8221;vc_hidden-lg vc_hidden-md vc_hidden-sm&#8221;][vc_column_text]<\/p>\n<h2 style=\"text-align: left;\">VID\u00c9O PRODUIT<\/h2>\n<p>[\/vc_column_text][vc_raw_html]JTNDaWZyYW1lJTIwc3JjJTNEJTIyaHR0cHMlM0ElMkYlMkZwbGF5ZXIudmltZW8uY29tJTJGdmlkZW8lMkY1MjA4NTEyNjUlMjIlMjB3aWR0aCUzRCUyMjY0MCUyMiUyMGhlaWdodCUzRCUyMjIwMCUyMiUyMGZyYW1lYm9yZGVyJTNEJTIyMCUyMiUyMGFsbG93JTNEJTIyYXV0b3BsYXklM0IlMjBmdWxsc2NyZWVuJTNCJTIwcGljdHVyZS1pbi1waWN0dXJlJTIyJTIwYWxsb3dmdWxsc2NyZWVuJTNFJTNDJTJGaWZyYW1lJTNF[\/vc_raw_html][\/vc_column_inner][vc_column_inner width=&#8221;5\/12&#8243;][\/vc_column_inner][\/vc_row_inner][\/vc_column][\/vc_row][vc_row][vc_column offset=&#8221;vc_hidden-xs&#8221;][vc_separator color=&#8221;custom&#8221; css=&#8221;.vc_custom_1523533006806{margin-top: 50px !important;margin-bottom: 60px !important;padding-top: 0px !important;padding-bottom: 0px !important;}&#8221; accent_color=&#8221;rgba(0,149,126,0.5)&#8221;][\/vc_column][\/vc_row][vc_row][vc_column][vc_column_text]<\/p>\n<h2>TH\u00c9RAPIE LASER PONCTUELLE \u2013 FACILIT\u00c9 D&#8217;UTILISATION<\/h2>\n<p>[\/vc_column_text][\/vc_column][\/vc_row][vc_row][vc_column width=&#8221;7\/12&#8243; offset=&#8221;vc_hidden-xs&#8221;][vc_column_text el_class=&#8221;li-strich&#8221;]<\/p>\n<p class=\"bodytext\">L&#8217;acupuncture est \u00e9galement efficace chez les animaux. Cela vaut aussi bien pour l&#8217;acupuncture traditionnelle que pour la variante moderne utilisant la lumi\u00e8re laser. Le principe de la m\u00e9thode reste le m\u00eame, mais le traitement est totalement indolore.<\/p>\n<p>[\/vc_column_text][vc_empty_space height=&#8221;70px&#8221;][vc_tta_accordion color=&#8221;green&#8221; c_icon=&#8221;chevron&#8221; active_section=&#8221;-1&#8243; collapsible_all=&#8221;true&#8221;][vc_tta_section title=&#8221;Description de l&#8217;appareil&#8221; tab_id=&#8221;1536216340669-da834bf9-71fb&#8221;][vc_column_text el_class=&#8221;li-check&#8221;]<\/p>\n<p class=\"p1\"><span class=\"s1\"><b>Laserpen LA-X P500<\/b><\/span><\/p>\n<ul class=\"ul1\">\n<li class=\"li1\">808 nm \u2013 500 mW (r\u00e9glable de 50 mW \u2013 500 mW par pas de 50 mW)<\/li>\n<li class=\"li1\">Param\u00e8tres laser r\u00e9glables<\/li>\n<li class=\"li1\">CW, multifr\u00e9quence, Alpha, Nogier, Bahr, Reininger, Solfeggio, fr\u00e9quences sp\u00e9ciales, bandes FI et balayages (Autorun)<\/li>\n<li class=\"li1\">Fr\u00e9quences librement programmables de 1 \u00e0 9.999 Hz \u2013 20 emplacements de m\u00e9moire<\/li>\n<li class=\"li1\">Possibilit\u00e9 de r\u00e9gler le temps de th\u00e9rapie ou la dose<\/li>\n<li class=\"li1\">Calcul automatique du temps de th\u00e9rapie pour une dose pr\u00e9r\u00e9gl\u00e9e<\/li>\n<li class=\"li1\">Signal sonore toutes les 20 secondes, ainsi que triple signal sonore en cas d&#8217;arr\u00eat (signal sonore \u00e9galement d\u00e9sactivable)<\/li>\n<li class=\"li1\">Guidage simple de l&#8217;utilisateur pour le r\u00e9glage \/ la consultation des param\u00e8tres<\/li>\n<li class=\"li1\">Affichage des valeurs sur un \u00e9cran graphique<\/li>\n<li class=\"li1\">Fonction de m\u00e9moire des derni\u00e8res valeurs enregistr\u00e9es<\/li>\n<li class=\"li1\">Recherche de points \u00e0 haute r\u00e9solution 0 \u2013 100% avec indication visuelle et sonore<\/li>\n<li class=\"li1\">Mise en marche manuelle et automatique de la th\u00e9rapie laser<\/li>\n<li class=\"li1\">\u00c9cran graphique \u00e9clair\u00e9 pour l&#8217;affichage de tous les param\u00e8tres du laser<\/li>\n<li class=\"li1\">Arr\u00eat automatique en cas de non-utilisation<\/li>\n<li class=\"li1\">S\u00e9curit\u00e9 de mise en marche (goupille de s\u00e9curit\u00e9)<\/li>\n<li class=\"li1\">T\u00eate sp\u00e9ciale pour fibres optiques interchangeables<\/li>\n<li class=\"li1\">Bo\u00eetier moul\u00e9 par injection au design ergonomique<\/li>\n<li class=\"li1\">Accumulateurs NIMH interchangeables avec station de chargement<\/li>\n<li class=\"li1\">Poids 200 g \u2013 Dimensions 210 x 35 x 32 mm<\/li>\n<\/ul>\n<p>[\/vc_column_text][\/vc_tta_section][\/vc_tta_accordion][vc_tta_accordion color=&#8221;green&#8221; c_icon=&#8221;chevron&#8221; active_section=&#8221;-1&#8243; collapsible_all=&#8221;true&#8221;][vc_tta_section title=&#8221;Fiche produit&#8221; tab_id=&#8221;1687504790337-4a6e98b4-6754&#8243;][vc_column_text css=&#8221;&#8221; el_class=&#8221;li-check&#8221;]<a href=\"https:\/\/www.mkw-laser.de\/wp-content\/uploads\/2025\/02\/Flyer-Laserpen-LA-X-P500_VET_FR_2_low.pdf\" target=\"_blank\" rel=\"noopener\">Voir la fiche produit<\/a>[\/vc_column_text][\/vc_tta_section][\/vc_tta_accordion][\/vc_column][vc_column width=&#8221;5\/12&#8243; offset=&#8221;vc_hidden-xs&#8221;][vc_single_image image=&#8221;18247&#8243; img_size=&#8221;full&#8221;][\/vc_column][\/vc_row][vc_row][vc_column width=&#8221;7\/12&#8243; offset=&#8221;vc_hidden-lg vc_hidden-md vc_hidden-sm&#8221;][vc_column_text el_class=&#8221;li-strich&#8221;]<\/p>\n<p class=\"bodytext\">L&#8217;acupuncture est \u00e9galement efficace chez les animaux. Cela vaut aussi bien pour l&#8217;acupuncture traditionnelle que pour la variante moderne utilisant la lumi\u00e8re laser. Le principe de la m\u00e9thode reste le m\u00eame, mais le traitement est totalement indolore.<\/p>\n<p>[\/vc_column_text][vc_tta_accordion color=&#8221;green&#8221; c_icon=&#8221;chevron&#8221; active_section=&#8221;-1&#8243; collapsible_all=&#8221;true&#8221;][vc_tta_section title=&#8221;Description de l&#8217;appareil&#8221; tab_id=&#8221;1712823901984-f4a17f3b-85ac&#8221;][vc_column_text el_class=&#8221;li-check&#8221;]<\/p>\n<p class=\"p1\"><span class=\"s1\"><b>Laserpen LA-X P500<\/b><\/span><\/p>\n<ul class=\"ul1\">\n<li class=\"li1\">808 nm \u2013 500 mW (r\u00e9glable de 50 mW \u2013 500 mW par pas de 50 mW)<\/li>\n<li class=\"li1\">Param\u00e8tres laser r\u00e9glables<\/li>\n<li class=\"li1\">CW, multifr\u00e9quence, Alpha, Nogier, Bahr, Reininger, Solfeggio, fr\u00e9quences sp\u00e9ciales, bandes FI et balayages (Autorun)<\/li>\n<li class=\"li1\">Fr\u00e9quences librement programmables de 1 \u00e0 9.999 Hz \u2013 20 emplacements de m\u00e9moire<\/li>\n<li class=\"li1\">Possibilit\u00e9 de r\u00e9gler le temps de th\u00e9rapie ou la dose<\/li>\n<li class=\"li1\">Calcul automatique du temps de th\u00e9rapie pour une dose pr\u00e9r\u00e9gl\u00e9e<\/li>\n<li class=\"li1\">Signal sonore toutes les 20 secondes, ainsi que triple signal sonore en cas d&#8217;arr\u00eat (signal sonore \u00e9galement d\u00e9sactivable)<\/li>\n<li class=\"li1\">Guidage simple de l&#8217;utilisateur pour le r\u00e9glage \/ la consultation des param\u00e8tres<\/li>\n<li class=\"li1\">Affichage des valeurs sur un \u00e9cran graphique<\/li>\n<li class=\"li1\">Fonction de m\u00e9moire des derni\u00e8res valeurs enregistr\u00e9es<\/li>\n<li class=\"li1\">Recherche de points \u00e0 haute r\u00e9solution 0 \u2013 100% avec indication visuelle et sonore<\/li>\n<li class=\"li1\">Mise en marche manuelle et automatique de la th\u00e9rapie laser<\/li>\n<li class=\"li1\">\u00c9cran graphique \u00e9clair\u00e9 pour l&#8217;affichage de tous les param\u00e8tres du laser<\/li>\n<li class=\"li1\">Arr\u00eat automatique en cas de non-utilisation<\/li>\n<li class=\"li1\">S\u00e9curit\u00e9 de mise en marche (goupille de s\u00e9curit\u00e9)<\/li>\n<li class=\"li1\">T\u00eate sp\u00e9ciale pour fibres optiques interchangeables<\/li>\n<li class=\"li1\">Bo\u00eetier moul\u00e9 par injection au design ergonomique<\/li>\n<li class=\"li1\">Accumulateurs NIMH interchangeables avec station de chargement<\/li>\n<li class=\"li1\">Poids 200 g \u2013 Dimensions 210 x 35 x 32 mm<\/li>\n<\/ul>\n<p>[\/vc_column_text][\/vc_tta_section][\/vc_tta_accordion][vc_tta_accordion color=&#8221;green&#8221; c_icon=&#8221;chevron&#8221; active_section=&#8221;-1&#8243; collapsible_all=&#8221;true&#8221;][vc_tta_section title=&#8221;Fiche produit&#8221; tab_id=&#8221;1712823902049-76b561cb-f204&#8243;][vc_column_text css=&#8221;&#8221; el_class=&#8221;li-check&#8221;]<a href=\"https:\/\/www.mkw-laser.de\/wp-content\/uploads\/2025\/02\/Flyer-Laserpen-LA-X-P500_VET_FR_2_low.pdf\" target=\"_blank\" rel=\"noopener\">Voir la fiche produit<\/a>[\/vc_column_text][\/vc_tta_section][\/vc_tta_accordion][\/vc_column][vc_column width=&#8221;5\/12&#8243; offset=&#8221;vc_hidden-lg vc_hidden-md vc_hidden-sm&#8221;][vc_single_image image=&#8221;18247&#8243; img_size=&#8221;full&#8221;][\/vc_column][\/vc_row][vc_row][vc_column offset=&#8221;vc_hidden-xs&#8221;][vc_empty_space height=&#8221;64px&#8221;][\/vc_column][\/vc_row][vc_row][vc_column width=&#8221;1\/4&#8243;][\/vc_column][vc_column width=&#8221;1\/2&#8243;][vc_column_text]<\/p>\n<p style=\"text-align: center;\"><a class=\"button angebot\" title=\"Request a quote here\" href=\"\/?page_id=32198\">Demander une offre<\/a><\/p>\n<p>[\/vc_column_text][\/vc_column][vc_column width=&#8221;1\/4&#8243;][\/vc_column][\/vc_row]<\/p>\n<\/div>","protected":false},"excerpt":{"rendered":"<p>Die neue Generation der Laserdusche. 21 Laserdioden bestrahlen mit h\u00f6chster Laserdichte eine Fl\u00e4che von 55 cm\u00b2. Mit Wechseladapter f\u00fcr schnelles und hygienisches Arbeiten.<\/p>\n","protected":false},"author":110,"featured_media":34718,"parent":32655,"menu_order":111,"comment_status":"closed","ping_status":"closed","template":"","meta":{"footnotes":"","_links_to":"","_links_to_target":""},"class_list":["post-32902","page","type-page","status-publish","has-post-thumbnail","hentry","description-off"],"_links":{"self":[{"href":"https:\/\/www.mkw-laser.de\/fr\/wp-json\/wp\/v2\/pages\/32902","targetHints":{"allow":["GET"]}}],"collection":[{"href":"https:\/\/www.mkw-laser.de\/fr\/wp-json\/wp\/v2\/pages"}],"about":[{"href":"https:\/\/www.mkw-laser.de\/fr\/wp-json\/wp\/v2\/types\/page"}],"author":[{"embeddable":true,"href":"https:\/\/www.mkw-laser.de\/fr\/wp-json\/wp\/v2\/users\/110"}],"replies":[{"embeddable":true,"href":"https:\/\/www.mkw-laser.de\/fr\/wp-json\/wp\/v2\/comments?post=32902"}],"version-history":[{"count":0,"href":"https:\/\/www.mkw-laser.de\/fr\/wp-json\/wp\/v2\/pages\/32902\/revisions"}],"up":[{"embeddable":true,"href":"https:\/\/www.mkw-laser.de\/fr\/wp-json\/wp\/v2\/pages\/32655"}],"wp:featuredmedia":[{"embeddable":true,"href":"https:\/\/www.mkw-laser.de\/fr\/wp-json\/wp\/v2\/media\/34718"}],"wp:attachment":[{"href":"https:\/\/www.mkw-laser.de\/fr\/wp-json\/wp\/v2\/media?parent=32902"}],"curies":[{"name":"wp","href":"https:\/\/api.w.org\/{rel}","templated":true}]}}