{"id":32921,"date":"2023-12-13T15:11:53","date_gmt":"2023-12-13T14:11:53","guid":{"rendered":"https:\/\/www.mkw-laser.de\/?page_id=32921"},"modified":"2023-12-13T15:11:54","modified_gmt":"2023-12-13T14:11:54","slug":"avantages","status":"publish","type":"page","link":"https:\/\/www.mkw-laser.de\/fr\/avantages","title":{"rendered":"Avantages"},"content":{"rendered":"<div class=\"wpb-content-wrapper\"><p>[vc_row][vc_column][vc_single_image image=&#8221;13386&#8243; img_size=&#8221;full&#8221; css=&#8221;.vc_custom_1596785632129{margin-top: 0px !important;margin-right: 0px !important;margin-bottom: 30px !important;margin-left: 0px !important;padding-top: 0px !important;padding-right: 0px !important;padding-left: 0px !important;}&#8221;][vc_column_text css=&#8221;.vc_custom_1702476469999{margin-bottom: 10px !important;padding-bottom: 0px !important;}&#8221;]<\/p>\n<h1 style=\"text-align: left;\">Avantages pour vos patients \u2013 avantages pour vous<\/h1>\n<p>[\/vc_column_text][vc_empty_space height=&#8221;35px&#8221;][\/vc_column][\/vc_row][vc_row][vc_column width=&#8221;1\/2&#8243;][vc_column_text]<\/p>\n<p class=\"bodytext\"><span style=\"color: #017765;\"><b>En vogue<\/b><\/span><br \/>\nLes m\u00e9thodes de traitement de m\u00e9decine alternative sont souvent<br \/>\ndemand\u00e9es<\/p>\n<p class=\"bodytext\"><span style=\"color: #017765;\"><b>Facile \u00e0 utiliser<br \/>\n<\/b><\/span>Confort d&#8217;utilisation optimal gr\u00e2ce \u00e0 une manipulation simple \u2013 les syst\u00e8mes laser MKW peuvent \u00e9galement \u00eatre utilis\u00e9s par du personnel form\u00e9<\/p>\n<p class=\"bodytext\"><span style=\"color: #017765;\"><b>S\u00fbr<br \/>\n<\/b><\/span>Les traitements sont simples et faciles<\/p>\n<p class=\"bodytext\"><span style=\"color: #017765;\"><b>Am\u00e9lioration<br \/>\n<\/b><\/span>Vous \u00e9largissez votre zone de traitement et votre offre th\u00e9rapeutique<\/p>\n<p class=\"bodytext\"><span style=\"color: #017765;\"><b>Gain de temps<br \/>\n<\/b><\/span>Temps de traitement courts<\/p>\n<p>[\/vc_column_text][\/vc_column][vc_column width=&#8221;1\/2&#8243;][vc_column_text]<\/p>\n<p class=\"bodytext\"><span style=\"color: #017765;\"><b>Sans danger<br \/>\n<\/b><\/span>Indolore, en grande partie sans effets secondaires<\/p>\n<p class=\"bodytext\"><span style=\"color: #017765;\"><b>Image<br \/>\n<\/b><\/span>Moderne et innovant &#8211; vous vous d\u00e9marquez positivement de la moyenne<\/p>\n<p class=\"bodytext\"><span style=\"color: #017765;\"><b>On en parle beaucoup<br \/>\n<\/b><\/span>Les th\u00e9rapies au laser font souvent l&#8217;objet de publicit\u00e9 et de commentaires positifs dans les m\u00e9dias<\/p>\n<p class=\"bodytext\"><span style=\"color: #017765;\"><b>Autonome<br \/>\n<\/b><\/span>Selon le syst\u00e8me laser MKW, utilisation mobile illimit\u00e9e<\/p>\n<p class=\"bodytext\"><span style=\"color: #017765;\"><b>\u00c9conomique<br \/>\n<\/b><\/span>Excellent rapport co\u00fbt\/b\u00e9n\u00e9fice pour les syst\u00e8mes laser MKW<\/p>\n<p class=\"bodytext\"><span style=\"color: #017765;\"><b>Rentable<br \/>\n<\/b><\/span>Augmentation du chiffre d&#8217;affaires du cabinet<\/p>\n<p>[\/vc_column_text][\/vc_column][\/vc_row][vc_row][vc_column][vc_empty_space height=&#8221;24px&#8221;][\/vc_column][\/vc_row][vc_row][vc_column][vc_empty_space height=&#8221;24px&#8221;][\/vc_column][\/vc_row]<\/p>\n<\/div>","protected":false},"excerpt":{"rendered":"<p>Die neue Generation der Laserdusche. 21 Laserdioden bestrahlen mit h\u00f6chster Laserdichte eine Fl\u00e4che von 55 cm\u00b2. Mit Wechseladapter f\u00fcr schnelles und hygienisches Arbeiten.<\/p>\n","protected":false},"author":110,"featured_media":0,"parent":0,"menu_order":30,"comment_status":"closed","ping_status":"closed","template":"","meta":{"footnotes":"","_links_to":"","_links_to_target":""},"class_list":["post-32921","page","type-page","status-publish","hentry","description-off"],"_links":{"self":[{"href":"https:\/\/www.mkw-laser.de\/fr\/wp-json\/wp\/v2\/pages\/32921","targetHints":{"allow":["GET"]}}],"collection":[{"href":"https:\/\/www.mkw-laser.de\/fr\/wp-json\/wp\/v2\/pages"}],"about":[{"href":"https:\/\/www.mkw-laser.de\/fr\/wp-json\/wp\/v2\/types\/page"}],"author":[{"embeddable":true,"href":"https:\/\/www.mkw-laser.de\/fr\/wp-json\/wp\/v2\/users\/110"}],"replies":[{"embeddable":true,"href":"https:\/\/www.mkw-laser.de\/fr\/wp-json\/wp\/v2\/comments?post=32921"}],"version-history":[{"count":0,"href":"https:\/\/www.mkw-laser.de\/fr\/wp-json\/wp\/v2\/pages\/32921\/revisions"}],"wp:attachment":[{"href":"https:\/\/www.mkw-laser.de\/fr\/wp-json\/wp\/v2\/media?parent=32921"}],"curies":[{"name":"wp","href":"https:\/\/api.w.org\/{rel}","templated":true}]}}