{"id":32950,"date":"2023-12-14T13:09:09","date_gmt":"2023-12-14T12:09:09","guid":{"rendered":"https:\/\/www.mkw-laser.de\/?page_id=32950"},"modified":"2024-03-14T10:35:18","modified_gmt":"2024-03-14T09:35:18","slug":"litterature","status":"publish","type":"page","link":"https:\/\/www.mkw-laser.de\/fr\/litterature","title":{"rendered":"Litt\u00e9rature"},"content":{"rendered":"<div class=\"wpb-content-wrapper\"><p>[vc_row][vc_column][vc_single_image image=&#8221;32953&#8243; img_size=&#8221;full&#8221; css=&#8221;.vc_custom_1531477064395{margin-top: 0px !important;margin-right: 0px !important;margin-bottom: 30px !important;margin-left: 0px !important;padding-top: 0px !important;padding-right: 0px !important;padding-left: 0px !important;}&#8221;][vc_column_text css=&#8221;.vc_custom_1702555172204{margin-bottom: 10px !important;padding-bottom: 0px !important;}&#8221;]<\/p>\n<h1 style=\"text-align: left;\">Litt\u00e9rature<\/h1>\n<p>[\/vc_column_text][vc_empty_space height=&#8221;24px&#8221;][vc_column_text]Une vaste litt\u00e9rature sp\u00e9cialis\u00e9e est disponible, tant pour les applications m\u00e9dicales humaines que pour les applications v\u00e9t\u00e9rinaires.<br \/>\nVous trouverez ici une liste de livres recommand\u00e9s :[\/vc_column_text][vc_empty_space height=&#8221;24px&#8221;][vc_row_inner][vc_column_inner][vc_column_text]<\/p>\n<h2 style=\"text-align: left;\">M\u00e9decine humaine<\/h2>\n<p>[\/vc_column_text]<div class=\"woocommerce columns-4 \"><div class=\"wf-container dt-products  woo-hover products loading-effect-fade-in description-on-hover cart-btn-on-img wc-img-hover hide-description wc-grid\" data-padding=\"0px\" data-cur-page=\"1\" data-desktop-columns-num=\"4\" data-v-tablet-columns-num=\"2\" data-h-tablet-columns-num=\"3\" data-phone-columns-num=\"1\">\n\n<article class=\"post visible description-off product type-product post-34087 status-publish first instock product_cat-livres-techniques product_cat-ouvrages-de-reference-en-anglais has-post-thumbnail taxable shipping-taxable purchasable product-type-simple\">\n\n\t<figure class=\"woocom-project\">\n\t<div class=\"woo-buttons-on-img\">\n\n\t\t<a href=\"https:\/\/www.mkw-laser.de\/fr\/produkt\/laser-therapy-and-laser-puncture\" class=\"alignnone layzr-bg\"><img loading=\"lazy\" decoding=\"async\" width=\"300\" height=\"300\" src=\"data:image\/svg+xml;charset=utf-8,%3Csvg xmlns%3D&#039;http%3A%2F%2Fwww.w3.org%2F2000%2Fsvg&#039; viewBox%3D&#039;0 0 300 300&#039;%2F%3E\" class=\"attachment-woocommerce_thumbnail size-woocommerce_thumbnail lazy-load preload-me\" alt=\"Laser therapy and laser puncture\" data-src=\"https:\/\/www.mkw-laser.de\/wp-content\/uploads\/2018\/04\/Apply-low-level-laser-therapies-to-your-patients_1-300x300.jpg\" data-srcset=\"https:\/\/www.mkw-laser.de\/wp-content\/uploads\/2018\/04\/Apply-low-level-laser-therapies-to-your-patients_1-300x300.jpg 300w, https:\/\/www.mkw-laser.de\/wp-content\/uploads\/2018\/04\/Apply-low-level-laser-therapies-to-your-patients_1-150x150.jpg 150w, https:\/\/www.mkw-laser.de\/wp-content\/uploads\/2018\/04\/Apply-low-level-laser-therapies-to-your-patients_1-768x768.jpg 768w, https:\/\/www.mkw-laser.de\/wp-content\/uploads\/2018\/04\/Apply-low-level-laser-therapies-to-your-patients_1-600x600.jpg 600w, https:\/\/www.mkw-laser.de\/wp-content\/uploads\/2018\/04\/Apply-low-level-laser-therapies-to-your-patients_1-200x200.jpg 200w, https:\/\/www.mkw-laser.de\/wp-content\/uploads\/2018\/04\/Apply-low-level-laser-therapies-to-your-patients_1.jpg 1000w\" \/><img loading=\"lazy\" decoding=\"async\" width=\"300\" height=\"300\" src=\"data:image\/svg+xml;charset=utf-8,%3Csvg xmlns%3D&#039;http%3A%2F%2Fwww.w3.org%2F2000%2Fsvg&#039; viewBox%3D&#039;0 0 300 300&#039;%2F%3E\" class=\"show-on-hover back-image lazy-load preload-me\" alt=\"\" data-src=\"https:\/\/www.mkw-laser.de\/wp-content\/uploads\/2018\/04\/Apply-low-level-laser-therapies-to-your-patients_2-300x300.jpg\" data-srcset=\"https:\/\/www.mkw-laser.de\/wp-content\/uploads\/2018\/04\/Apply-low-level-laser-therapies-to-your-patients_2-300x300.jpg 300w, https:\/\/www.mkw-laser.de\/wp-content\/uploads\/2018\/04\/Apply-low-level-laser-therapies-to-your-patients_2-150x150.jpg 150w, https:\/\/www.mkw-laser.de\/wp-content\/uploads\/2018\/04\/Apply-low-level-laser-therapies-to-your-patients_2-768x768.jpg 768w, https:\/\/www.mkw-laser.de\/wp-content\/uploads\/2018\/04\/Apply-low-level-laser-therapies-to-your-patients_2-600x600.jpg 600w, https:\/\/www.mkw-laser.de\/wp-content\/uploads\/2018\/04\/Apply-low-level-laser-therapies-to-your-patients_2-200x200.jpg 200w, https:\/\/www.mkw-laser.de\/wp-content\/uploads\/2018\/04\/Apply-low-level-laser-therapies-to-your-patients_2.jpg 1000w\" \/><\/a>\n\t<\/div>\n\t<figcaption class=\"woocom-list-content\">\n\n\t\t\n\n\n\n\t<p class=\"wc-gzd-additional-info wc-gzd-additional-info-loop tax-info\">incl. 7% VAT<\/p>\n\n\t<p class=\"wc-gzd-additional-info wc-gzd-additional-info-loop shipping-costs-info\">zzgl. <a href=\"https:\/\/www.mkw-laser.de\/versandarten\" target=\"_blank\">Versandkosten<\/a><\/p>\n\n\n\t<\/figcaption>\n<\/figure>\n\n<\/article>\n\n\n\n<article class=\"post visible description-off product type-product post-34152 status-publish instock product_cat-livres-techniques product_cat-ouvrages-de-reference-en-anglais has-post-thumbnail taxable shipping-taxable purchasable product-type-simple\">\n\n\t<figure class=\"woocom-project\">\n\t<div class=\"woo-buttons-on-img\">\n\n\t\t<a href=\"https:\/\/www.mkw-laser.de\/fr\/produkt\/laser-field-therapy\" class=\"alignnone layzr-bg\"><img loading=\"lazy\" decoding=\"async\" width=\"300\" height=\"300\" src=\"data:image\/svg+xml;charset=utf-8,%3Csvg xmlns%3D&#039;http%3A%2F%2Fwww.w3.org%2F2000%2Fsvg&#039; viewBox%3D&#039;0 0 300 300&#039;%2F%3E\" class=\"attachment-woocommerce_thumbnail size-woocommerce_thumbnail lazy-load preload-me\" alt=\"Laser Field Therapy\" data-src=\"https:\/\/www.mkw-laser.de\/wp-content\/uploads\/2018\/11\/buch-LaserFeldTherapie_eng2-300x300.jpg\" data-srcset=\"https:\/\/www.mkw-laser.de\/wp-content\/uploads\/2018\/11\/buch-LaserFeldTherapie_eng2-300x300.jpg 300w, https:\/\/www.mkw-laser.de\/wp-content\/uploads\/2018\/11\/buch-LaserFeldTherapie_eng2-150x150.jpg 150w, https:\/\/www.mkw-laser.de\/wp-content\/uploads\/2018\/11\/buch-LaserFeldTherapie_eng2-768x768.jpg 768w, https:\/\/www.mkw-laser.de\/wp-content\/uploads\/2018\/11\/buch-LaserFeldTherapie_eng2-600x600.jpg 600w, https:\/\/www.mkw-laser.de\/wp-content\/uploads\/2018\/11\/buch-LaserFeldTherapie_eng2-200x200.jpg 200w, https:\/\/www.mkw-laser.de\/wp-content\/uploads\/2018\/11\/buch-LaserFeldTherapie_eng2.jpg 1000w\" \/><\/a>\n\t<\/div>\n\t<figcaption class=\"woocom-list-content\">\n\n\t\t\n\n\n\n\t<p class=\"wc-gzd-additional-info wc-gzd-additional-info-loop tax-info\">incl. 7% VAT<\/p>\n\n\t<p class=\"wc-gzd-additional-info wc-gzd-additional-info-loop shipping-costs-info\">zzgl. <a href=\"https:\/\/www.mkw-laser.de\/versandarten\" target=\"_blank\">Versandkosten<\/a><\/p>\n\n\n\t<\/figcaption>\n<\/figure>\n\n<\/article>\n\n<\/div><\/div>[vc_empty_space height=&#8221;80px&#8221;][\/vc_column_inner][\/vc_row_inner][vc_row_inner][vc_column_inner][vc_column_text]<\/p>\n<h2 style=\"text-align: left;\">M\u00e9decine v\u00e9t\u00e9rinaire<\/h2>\n<p>[\/vc_column_text]<div class=\"woocommerce columns-4 \"><div class=\"wf-container dt-products  woo-hover products loading-effect-fade-in description-on-hover cart-btn-on-img wc-img-hover hide-description wc-grid\" data-padding=\"0px\" data-cur-page=\"1\" data-desktop-columns-num=\"4\" data-v-tablet-columns-num=\"2\" data-h-tablet-columns-num=\"3\" data-phone-columns-num=\"1\">\n\n<article class=\"post visible description-off product type-product post-34191 status-publish first instock product_cat-livres-techniques product_cat-ouvrages-de-reference-en-anglais has-post-thumbnail taxable shipping-taxable purchasable product-type-simple\">\n\n\t<figure class=\"woocom-project\">\n\t<div class=\"woo-buttons-on-img\">\n\n\t\t<a href=\"https:\/\/www.mkw-laser.de\/fr\/produkt\/laser-therapy-and-laser-puncture-on-dogs-and-cats\" class=\"alignnone layzr-bg\"><img loading=\"lazy\" decoding=\"async\" width=\"300\" height=\"300\" src=\"data:image\/svg+xml;charset=utf-8,%3Csvg xmlns%3D&#039;http%3A%2F%2Fwww.w3.org%2F2000%2Fsvg&#039; viewBox%3D&#039;0 0 300 300&#039;%2F%3E\" class=\"attachment-woocommerce_thumbnail size-woocommerce_thumbnail lazy-load preload-me\" alt=\"Laser therapy and laser puncture on dogs and cats\" data-src=\"https:\/\/www.mkw-laser.de\/wp-content\/uploads\/2018\/04\/Apply-laser-therapy-to-pets_1-300x300.jpg\" data-srcset=\"https:\/\/www.mkw-laser.de\/wp-content\/uploads\/2018\/04\/Apply-laser-therapy-to-pets_1-300x300.jpg 300w, https:\/\/www.mkw-laser.de\/wp-content\/uploads\/2018\/04\/Apply-laser-therapy-to-pets_1-150x150.jpg 150w, https:\/\/www.mkw-laser.de\/wp-content\/uploads\/2018\/04\/Apply-laser-therapy-to-pets_1-768x768.jpg 768w, https:\/\/www.mkw-laser.de\/wp-content\/uploads\/2018\/04\/Apply-laser-therapy-to-pets_1-600x600.jpg 600w, https:\/\/www.mkw-laser.de\/wp-content\/uploads\/2018\/04\/Apply-laser-therapy-to-pets_1-200x200.jpg 200w, https:\/\/www.mkw-laser.de\/wp-content\/uploads\/2018\/04\/Apply-laser-therapy-to-pets_1.jpg 1000w\" \/><img loading=\"lazy\" decoding=\"async\" width=\"300\" height=\"300\" src=\"data:image\/svg+xml;charset=utf-8,%3Csvg xmlns%3D&#039;http%3A%2F%2Fwww.w3.org%2F2000%2Fsvg&#039; viewBox%3D&#039;0 0 300 300&#039;%2F%3E\" class=\"show-on-hover back-image lazy-load preload-me\" alt=\"\" data-src=\"https:\/\/www.mkw-laser.de\/wp-content\/uploads\/2018\/04\/Apply-laser-therapy-to-pets_2-300x300.jpg\" data-srcset=\"https:\/\/www.mkw-laser.de\/wp-content\/uploads\/2018\/04\/Apply-laser-therapy-to-pets_2-300x300.jpg 300w, https:\/\/www.mkw-laser.de\/wp-content\/uploads\/2018\/04\/Apply-laser-therapy-to-pets_2-150x150.jpg 150w, https:\/\/www.mkw-laser.de\/wp-content\/uploads\/2018\/04\/Apply-laser-therapy-to-pets_2-768x768.jpg 768w, https:\/\/www.mkw-laser.de\/wp-content\/uploads\/2018\/04\/Apply-laser-therapy-to-pets_2-600x600.jpg 600w, https:\/\/www.mkw-laser.de\/wp-content\/uploads\/2018\/04\/Apply-laser-therapy-to-pets_2-200x200.jpg 200w, https:\/\/www.mkw-laser.de\/wp-content\/uploads\/2018\/04\/Apply-laser-therapy-to-pets_2.jpg 1000w\" \/><\/a>\n\t<\/div>\n\t<figcaption class=\"woocom-list-content\">\n\n\t\t\n\n\n\n\t<p class=\"wc-gzd-additional-info wc-gzd-additional-info-loop tax-info\">incl. 7% VAT<\/p>\n\n\t<p class=\"wc-gzd-additional-info wc-gzd-additional-info-loop shipping-costs-info\">zzgl. <a href=\"https:\/\/www.mkw-laser.de\/versandarten\" target=\"_blank\">Versandkosten<\/a><\/p>\n\n\n\t<\/figcaption>\n<\/figure>\n\n<\/article>\n\n\n\n<article class=\"post visible description-off product type-product post-34187 status-publish instock product_cat-livres-techniques product_cat-ouvrages-de-reference-en-anglais has-post-thumbnail taxable shipping-taxable purchasable product-type-simple\">\n\n\t<figure class=\"woocom-project\">\n\t<div class=\"woo-buttons-on-img\">\n\n\t\t<a href=\"https:\/\/www.mkw-laser.de\/fr\/produkt\/laser-therapy-and-acupuncture-on-horses\" class=\"alignnone layzr-bg\"><img loading=\"lazy\" decoding=\"async\" width=\"300\" height=\"300\" src=\"data:image\/svg+xml;charset=utf-8,%3Csvg xmlns%3D&#039;http%3A%2F%2Fwww.w3.org%2F2000%2Fsvg&#039; viewBox%3D&#039;0 0 300 300&#039;%2F%3E\" class=\"attachment-woocommerce_thumbnail size-woocommerce_thumbnail lazy-load preload-me\" alt=\"Laser therapy and acupuncture on horses\" data-src=\"https:\/\/www.mkw-laser.de\/wp-content\/uploads\/2018\/04\/learn-how-top-apply-lll-therapy-to-horses_1-300x300.jpg\" data-srcset=\"https:\/\/www.mkw-laser.de\/wp-content\/uploads\/2018\/04\/learn-how-top-apply-lll-therapy-to-horses_1-300x300.jpg 300w, https:\/\/www.mkw-laser.de\/wp-content\/uploads\/2018\/04\/learn-how-top-apply-lll-therapy-to-horses_1-150x150.jpg 150w, https:\/\/www.mkw-laser.de\/wp-content\/uploads\/2018\/04\/learn-how-top-apply-lll-therapy-to-horses_1-768x768.jpg 768w, https:\/\/www.mkw-laser.de\/wp-content\/uploads\/2018\/04\/learn-how-top-apply-lll-therapy-to-horses_1-600x600.jpg 600w, https:\/\/www.mkw-laser.de\/wp-content\/uploads\/2018\/04\/learn-how-top-apply-lll-therapy-to-horses_1-200x200.jpg 200w, https:\/\/www.mkw-laser.de\/wp-content\/uploads\/2018\/04\/learn-how-top-apply-lll-therapy-to-horses_1.jpg 1000w\" \/><img loading=\"lazy\" decoding=\"async\" width=\"300\" height=\"300\" src=\"data:image\/svg+xml;charset=utf-8,%3Csvg xmlns%3D&#039;http%3A%2F%2Fwww.w3.org%2F2000%2Fsvg&#039; viewBox%3D&#039;0 0 300 300&#039;%2F%3E\" class=\"show-on-hover back-image lazy-load preload-me\" alt=\"\" data-src=\"https:\/\/www.mkw-laser.de\/wp-content\/uploads\/2018\/04\/learn-how-top-apply-lll-therapy-to-horses_2-300x300.jpg\" data-srcset=\"https:\/\/www.mkw-laser.de\/wp-content\/uploads\/2018\/04\/learn-how-top-apply-lll-therapy-to-horses_2-300x300.jpg 300w, https:\/\/www.mkw-laser.de\/wp-content\/uploads\/2018\/04\/learn-how-top-apply-lll-therapy-to-horses_2-150x150.jpg 150w, https:\/\/www.mkw-laser.de\/wp-content\/uploads\/2018\/04\/learn-how-top-apply-lll-therapy-to-horses_2-768x768.jpg 768w, https:\/\/www.mkw-laser.de\/wp-content\/uploads\/2018\/04\/learn-how-top-apply-lll-therapy-to-horses_2-600x600.jpg 600w, https:\/\/www.mkw-laser.de\/wp-content\/uploads\/2018\/04\/learn-how-top-apply-lll-therapy-to-horses_2-200x200.jpg 200w, https:\/\/www.mkw-laser.de\/wp-content\/uploads\/2018\/04\/learn-how-top-apply-lll-therapy-to-horses_2.jpg 1000w\" \/><\/a>\n\t<\/div>\n\t<figcaption class=\"woocom-list-content\">\n\n\t\t\n\n\n\n\t<p class=\"wc-gzd-additional-info wc-gzd-additional-info-loop tax-info\">incl. 7% VAT<\/p>\n\n\t<p class=\"wc-gzd-additional-info wc-gzd-additional-info-loop shipping-costs-info\">zzgl. <a href=\"https:\/\/www.mkw-laser.de\/versandarten\" target=\"_blank\">Versandkosten<\/a><\/p>\n\n\n\t<\/figcaption>\n<\/figure>\n\n<\/article>\n\n\n\n<article class=\"post visible description-off product type-product post-34152 status-publish instock product_cat-livres-techniques product_cat-ouvrages-de-reference-en-anglais has-post-thumbnail taxable shipping-taxable purchasable product-type-simple\">\n\n\t<figure class=\"woocom-project\">\n\t<div class=\"woo-buttons-on-img\">\n\n\t\t<a href=\"https:\/\/www.mkw-laser.de\/fr\/produkt\/laser-field-therapy\" class=\"alignnone layzr-bg\"><img loading=\"lazy\" decoding=\"async\" width=\"300\" height=\"300\" src=\"data:image\/svg+xml;charset=utf-8,%3Csvg xmlns%3D&#039;http%3A%2F%2Fwww.w3.org%2F2000%2Fsvg&#039; viewBox%3D&#039;0 0 300 300&#039;%2F%3E\" class=\"attachment-woocommerce_thumbnail size-woocommerce_thumbnail lazy-load preload-me\" alt=\"Laser Field Therapy\" data-src=\"https:\/\/www.mkw-laser.de\/wp-content\/uploads\/2018\/11\/buch-LaserFeldTherapie_eng2-300x300.jpg\" data-srcset=\"https:\/\/www.mkw-laser.de\/wp-content\/uploads\/2018\/11\/buch-LaserFeldTherapie_eng2-300x300.jpg 300w, https:\/\/www.mkw-laser.de\/wp-content\/uploads\/2018\/11\/buch-LaserFeldTherapie_eng2-150x150.jpg 150w, https:\/\/www.mkw-laser.de\/wp-content\/uploads\/2018\/11\/buch-LaserFeldTherapie_eng2-768x768.jpg 768w, https:\/\/www.mkw-laser.de\/wp-content\/uploads\/2018\/11\/buch-LaserFeldTherapie_eng2-600x600.jpg 600w, https:\/\/www.mkw-laser.de\/wp-content\/uploads\/2018\/11\/buch-LaserFeldTherapie_eng2-200x200.jpg 200w, https:\/\/www.mkw-laser.de\/wp-content\/uploads\/2018\/11\/buch-LaserFeldTherapie_eng2.jpg 1000w\" \/><\/a>\n\t<\/div>\n\t<figcaption class=\"woocom-list-content\">\n\n\t\t\n\n\n\n\t<p class=\"wc-gzd-additional-info wc-gzd-additional-info-loop tax-info\">incl. 7% VAT<\/p>\n\n\t<p class=\"wc-gzd-additional-info wc-gzd-additional-info-loop shipping-costs-info\">zzgl. <a href=\"https:\/\/www.mkw-laser.de\/versandarten\" target=\"_blank\">Versandkosten<\/a><\/p>\n\n\n\t<\/figcaption>\n<\/figure>\n\n<\/article>\n\n<\/div><\/div>[\/vc_column_inner][\/vc_row_inner][\/vc_column][\/vc_row][vc_row][vc_column][vc_empty_space height=&#8221;90px&#8221;][\/vc_column][\/vc_row][vc_row][vc_column width=&#8221;2\/3&#8243;][vc_column_text]<\/p>\n<h4 class=\"bodytext\">Vous trouverez de la litt\u00e9rature suppl\u00e9mentaire, des rapports d&#8217;exp\u00e9rience et des \u00e9tudes sur la th\u00e9rapie laser de bas niveau sur le portail &#8220;College f\u00fcr Laser Photomedizin&#8221;.<\/h4>\n<h4 class=\"bodytext\"><a href=\"https:\/\/www.colll.org\/index.php?lswitch=en\">www.colll.org<\/a><\/h4>\n<p>[\/vc_column_text][\/vc_column][vc_column width=&#8221;1\/3&#8243;][vc_single_image image=&#8221;21168&#8243; img_size=&#8221;179&#215;55&#8243; onclick=&#8221;custom_link&#8221; img_link_target=&#8221;_blank&#8221; link=&#8221;https:\/\/www.colll.org&#8221;][\/vc_column][\/vc_row]<\/p>\n<\/div>","protected":false},"excerpt":{"rendered":"<p>Die neue Generation der Laserdusche. 21 Laserdioden bestrahlen mit h\u00f6chster Laserdichte eine Fl\u00e4che von 55 cm\u00b2. Mit Wechseladapter f\u00fcr schnelles und hygienisches Arbeiten.<\/p>\n","protected":false},"author":110,"featured_media":32295,"parent":0,"menu_order":50,"comment_status":"closed","ping_status":"closed","template":"","meta":{"footnotes":"","_links_to":"","_links_to_target":""},"class_list":["post-32950","page","type-page","status-publish","has-post-thumbnail","hentry","description-off"],"_links":{"self":[{"href":"https:\/\/www.mkw-laser.de\/fr\/wp-json\/wp\/v2\/pages\/32950","targetHints":{"allow":["GET"]}}],"collection":[{"href":"https:\/\/www.mkw-laser.de\/fr\/wp-json\/wp\/v2\/pages"}],"about":[{"href":"https:\/\/www.mkw-laser.de\/fr\/wp-json\/wp\/v2\/types\/page"}],"author":[{"embeddable":true,"href":"https:\/\/www.mkw-laser.de\/fr\/wp-json\/wp\/v2\/users\/110"}],"replies":[{"embeddable":true,"href":"https:\/\/www.mkw-laser.de\/fr\/wp-json\/wp\/v2\/comments?post=32950"}],"version-history":[{"count":0,"href":"https:\/\/www.mkw-laser.de\/fr\/wp-json\/wp\/v2\/pages\/32950\/revisions"}],"wp:featuredmedia":[{"embeddable":true,"href":"https:\/\/www.mkw-laser.de\/fr\/wp-json\/wp\/v2\/media\/32295"}],"wp:attachment":[{"href":"https:\/\/www.mkw-laser.de\/fr\/wp-json\/wp\/v2\/media?parent=32950"}],"curies":[{"name":"wp","href":"https:\/\/api.w.org\/{rel}","templated":true}]}}