{"id":34121,"date":"2023-07-20T10:18:27","date_gmt":"2023-07-20T08:18:27","guid":{"rendered":"https:\/\/www.mkw-laser.de\/produkt\/lingettes-desinfectantes-meliseptol-wipes-sensitive-fr\/"},"modified":"2026-01-11T01:53:34","modified_gmt":"2026-01-11T00:53:34","slug":"lingettes-desinfectantes-meliseptol-wipes-sensitive-fr","status":"publish","type":"product","link":"https:\/\/www.mkw-laser.de\/fr\/produkt\/lingettes-desinfectantes-meliseptol-wipes-sensitive-fr","title":{"rendered":"Lingettes d\u00e9sinfectantes Meliseptol Wipes sensitive"},"content":{"rendered":"<h3>Lingettes de nettoyage et de d\u00e9sinfection pour lunettes de protection laser<\/h3>\n<p>Pour les filtres en plastique, il est recommand\u00e9 d&#8217;utiliser le produit de nettoyage et de d\u00e9sinfection sp\u00e9cialement con\u00e7u par la soci\u00e9t\u00e9 B. BRAUN. Le produit n&#8217;attaque pas les filtres, de sorte que la protection des yeux est garantie m\u00eame apr\u00e8s des ann\u00e9es.<\/p>\n<p>Pas d&#8217;adsorption, les substances actives du d\u00e9sinfectant sont lib\u00e9r\u00e9es en toute s\u00e9curit\u00e9 sur la surface \u00e0 d\u00e9sinfecter.<br \/>\nconvient parfaitement aux surfaces sensibles, par ex. aux appareils et t\u00eates \u00e0 ultrasons, au verre acrylique, aux tables et fauteuils d&#8217;examen, aux incubateurs, aux machines de dialyse, aux moniteurs, aux smartphones et aux tablettes<br \/>\ntest\u00e9 dermatologiquement<br \/>\nsans ald\u00e9hyde ni amine, sans parfum<br \/>\nliquide d&#8217;impr\u00e9gnation list\u00e9 DGHM\/VAH et dans la liste des d\u00e9sinfectants de l&#8217;IHO<br \/>\nDomaine d&#8217;utilisation \/ temps d&#8217;action<br \/>\nbact\u00e9ricide\/levurocide \/ 1 min<br \/>\ntuberculocide, mycobact\u00e9ricide \/ 3 min<br \/>\nvirucide limit\u00e9 (y compris VHB, VHC, VIH) \/ 1 min<br \/>\nrotavirus \/ 1 min<br \/>\nvirus de la grippe aviaire \/ 15 sec.<br \/>\npolyomavirus \/ 5 min<br \/>\nnorovirus \/ 5 Mi<\/p>\n<p>Contenu de la livraison : 1 bo\u00eete contient 60 lingettes<\/p>\n","protected":false},"excerpt":{"rendered":"<p>Lingettes de nettoyage et de d\u00e9sinfection pour lunettes de protection laser Pour les filtres en plastique, il est recommand\u00e9 d&#8217;utiliser le produit de nettoyage et de d\u00e9sinfection sp\u00e9cialement con\u00e7u par la soci\u00e9t\u00e9 B. BRAUN. Le produit n&#8217;attaque pas les filtres, de sorte que la protection des yeux est garantie m\u00eame apr\u00e8s des ann\u00e9es. Pas d&#8217;adsorption,&hellip;<\/p>\n","protected":false},"featured_media":34122,"comment_status":"closed","ping_status":"closed","template":"","meta":{"_links_to":"","_links_to_target":""},"product_brand":[],"product_cat":[203],"product_tag":[],"class_list":{"0":"post-34121","1":"product","2":"type-product","3":"status-publish","4":"has-post-thumbnail","6":"product_cat-hygiene-du-cabinet-medical-fr","7":"description-off","9":"first","10":"instock","11":"taxable","12":"shipping-taxable","13":"purchasable","14":"product-type-simple"},"_links":{"self":[{"href":"https:\/\/www.mkw-laser.de\/fr\/wp-json\/wp\/v2\/product\/34121","targetHints":{"allow":["GET"]}}],"collection":[{"href":"https:\/\/www.mkw-laser.de\/fr\/wp-json\/wp\/v2\/product"}],"about":[{"href":"https:\/\/www.mkw-laser.de\/fr\/wp-json\/wp\/v2\/types\/product"}],"replies":[{"embeddable":true,"href":"https:\/\/www.mkw-laser.de\/fr\/wp-json\/wp\/v2\/comments?post=34121"}],"wp:featuredmedia":[{"embeddable":true,"href":"https:\/\/www.mkw-laser.de\/fr\/wp-json\/wp\/v2\/media\/34122"}],"wp:attachment":[{"href":"https:\/\/www.mkw-laser.de\/fr\/wp-json\/wp\/v2\/media?parent=34121"}],"wp:term":[{"taxonomy":"product_brand","embeddable":true,"href":"https:\/\/www.mkw-laser.de\/fr\/wp-json\/wp\/v2\/product_brand?post=34121"},{"taxonomy":"product_cat","embeddable":true,"href":"https:\/\/www.mkw-laser.de\/fr\/wp-json\/wp\/v2\/product_cat?post=34121"},{"taxonomy":"product_tag","embeddable":true,"href":"https:\/\/www.mkw-laser.de\/fr\/wp-json\/wp\/v2\/product_tag?post=34121"}],"curies":[{"name":"wp","href":"https:\/\/api.w.org\/{rel}","templated":true}]}}