{"id":34123,"date":"2023-03-22T13:04:21","date_gmt":"2023-03-22T12:04:21","guid":{"rendered":"https:\/\/www.mkw-laser.de\/produkt\/laser-frequenztherapie-fr\/"},"modified":"2026-04-01T04:20:41","modified_gmt":"2026-04-01T02:20:41","slug":"laser-frequenztherapie-fr","status":"publish","type":"product","link":"https:\/\/www.mkw-laser.de\/fr\/produkt\/laser-frequenztherapie-fr","title":{"rendered":"Laser-Frequenztherapie"},"content":{"rendered":"<h3 class=\"product-page\"><b>Laser-Frequenztherapie \u2013 Frequenzkompass und Methoden<\/b><\/h3>\n<div class=\"product-wrap row\">\n<div class=\"product-info col-sm-8 col-md-7 col-md-offset-1\">\n<div class=\"product-tabs row\">\n<div class=\"tabsPages\">\n<div class=\"page info active\">\n<p class=\"p1\"><strong>von Claudia Loyall, Tilman Fritsch und Anja F\u00fcchtenbusch<\/strong><\/p>\n<\/div>\n<p class=\"p1\">Die Laser-Frequenztherapie ist eine neue, eigenst\u00e4ndige Therapiemethode, die vom College f\u00fcr Photomedizin e. V. (COLLL.org) Mitte der 2000er Jahre entwickelt wurde und seither von vielen Therapeuten in der Human- und Veterin\u00e4rmedizin angewendet wird. Sie ist kein abgeschlossenes System, sondern entwickelt sich laufend fort. Die Erfahrungen unz\u00e4hliger Anwender und die fortlaufende Erforschung der Wirkeffekte einzelner Resonanzfrequenzen sowie verschiedener Frequenzb\u00e4nder und Frequenz-Sweeps durch das COLLL-Researchteam erm\u00f6glichen es uns heute, die Laser-Frequenztherapie nochmals strukturierter und umfassender zu beschreiben.<br \/>\nW\u00e4hrend die Lasertherapie die Energetik des Stoffwechsels beeinflusst und damit die k\u00f6rpereigenen Regelungsmechanismen st\u00e4rkt, wirken aufmodulierte Resonanzfrequenzen auf weitere Steuerungsebenen, die im einen Fall pr\u00e4zise beschreibbar und im anderen Fall oftmals schwer zu objektivieren sind. Dabei ist die Synergie aus energetischen und informativen Wirkeffekten bei der Laser-Frequenztherapie konkurrenzlos. Das zeigt zumindest die Praxis dieser \u2013 im besten Sinne \u2013 Erfahrungsmedizin.<br \/>\nSie erhalten in diesem Buch einen Kompass, mit dem Sie sich sicher in der un\u00fcberschaubaren Welt der therapeutischen Frequenzen orientieren k\u00f6nnen. Dazu bekommen Sie detaillierte Wirkprofile der wichtigsten heute therapeutisch genutzten Frequenzen und damit einen Leitfaden f\u00fcr die praktische Anwendung. F\u00fcr den Einsteiger stellen wir Frequenz-B\u00e4nder mit klaren Wirkvorgaben vor, die ihm die Suche nach den passenden Einzelfrequenzen abnimmt. Dann lernen Sie Universalfrequenzen und Frequenz-Sweeps kennen, die Sie bei jeder Form von Lasertherapie zur Verbesserung ihrer therapeutischen Bilanz nutzen k\u00f6nnen. Last but not least zeigen wir Ihnen verschiedene \u00fcbergreifende lasertherapeutische Behandlungsans\u00e4tze, die mit einer gezielten Frequenzmodulation universal einsetzbar sind.<br \/>\nDas Buch ist f\u00fcr Therapeuten aus dem Veterin\u00e4r- und Humanbereich geeignet.<\/p>\n<p><a href=\"https:\/\/www.mkw-laser.de\/wp-content\/uploads\/2023\/03\/Leseprobe_Laser-Frequenztherapie.pdf\">Leseprobe<\/a>, <a href=\"https:\/\/www.mkw-laser.de\/wp-content\/uploads\/2023\/03\/IHV_Laser-Frequenztherapie.pdf\">Inhaltsverzeichnis<\/a><\/p>\n<\/div>\n<p>212 Seiten, 170&#215;240 mm, Softcover<\/p>\n<\/div>\n<p>&nbsp;<\/p>\n<\/div>\n<\/div>\n<div class=\"product-actions row\"><\/div>\n","protected":false},"excerpt":{"rendered":"<p>Laser-Frequenztherapie \u2013 Frequenzkompass und Methoden von Claudia Loyall, Tilman Fritsch und Anja F\u00fcchtenbusch Die Laser-Frequenztherapie ist eine neue, eigenst\u00e4ndige Therapiemethode, die vom College f\u00fcr Photomedizin e. V. (COLLL.org) Mitte der 2000er Jahre entwickelt wurde und seither von vielen Therapeuten in der Human- und Veterin\u00e4rmedizin angewendet wird. Sie ist kein abgeschlossenes System, sondern entwickelt sich laufend&hellip;<\/p>\n","protected":false},"featured_media":34124,"comment_status":"closed","ping_status":"closed","template":"","meta":{"_links_to":"","_links_to_target":""},"product_brand":[],"product_cat":[185,187,197],"product_tag":[],"class_list":{"0":"post-34123","1":"product","2":"type-product","3":"status-publish","4":"has-post-thumbnail","6":"product_cat-livres-techniques","7":"product_cat-medecine-humaine-laser","8":"product_cat-medecine-veterinaire-laser-fr","9":"description-off","11":"first","12":"instock","13":"sale","14":"taxable","15":"shipping-taxable","16":"purchasable","17":"product-type-simple"},"_links":{"self":[{"href":"https:\/\/www.mkw-laser.de\/fr\/wp-json\/wp\/v2\/product\/34123","targetHints":{"allow":["GET"]}}],"collection":[{"href":"https:\/\/www.mkw-laser.de\/fr\/wp-json\/wp\/v2\/product"}],"about":[{"href":"https:\/\/www.mkw-laser.de\/fr\/wp-json\/wp\/v2\/types\/product"}],"replies":[{"embeddable":true,"href":"https:\/\/www.mkw-laser.de\/fr\/wp-json\/wp\/v2\/comments?post=34123"}],"wp:featuredmedia":[{"embeddable":true,"href":"https:\/\/www.mkw-laser.de\/fr\/wp-json\/wp\/v2\/media\/34124"}],"wp:attachment":[{"href":"https:\/\/www.mkw-laser.de\/fr\/wp-json\/wp\/v2\/media?parent=34123"}],"wp:term":[{"taxonomy":"product_brand","embeddable":true,"href":"https:\/\/www.mkw-laser.de\/fr\/wp-json\/wp\/v2\/product_brand?post=34123"},{"taxonomy":"product_cat","embeddable":true,"href":"https:\/\/www.mkw-laser.de\/fr\/wp-json\/wp\/v2\/product_cat?post=34123"},{"taxonomy":"product_tag","embeddable":true,"href":"https:\/\/www.mkw-laser.de\/fr\/wp-json\/wp\/v2\/product_tag?post=34123"}],"curies":[{"name":"wp","href":"https:\/\/api.w.org\/{rel}","templated":true}]}}