{"id":34127,"date":"2022-05-18T13:20:34","date_gmt":"2022-05-18T11:20:34","guid":{"rendered":"https:\/\/www.mkw-laser.de\/produkt\/grundlagen-der-aurikulotherapie-fr\/"},"modified":"2026-01-11T01:53:33","modified_gmt":"2026-01-11T00:53:33","slug":"grundlagen-der-aurikulotherapie-fr","status":"publish","type":"product","link":"https:\/\/www.mkw-laser.de\/fr\/produkt\/grundlagen-der-aurikulotherapie-fr","title":{"rendered":"Grundlagen der Aurikulotherapie"},"content":{"rendered":"<h3 class=\"product-page\">Grundlagen der Aurikulotherapie<\/h3>\n<div class=\"product-wrap row\">\n<div class=\"product-info col-sm-8 col-md-7 col-md-offset-1\">\n<div class=\"product-tabs row\">\n<div class=\"tabsPages\">\n<div class=\"page info active\">\n<p class=\"p1\">Von\u00a0Ren\u00e9 J. Bourdiol<\/p>\n<\/div>\n<p>Im Werk \u201eElements d\u00b4\u00e1uriculoth\u00e9rapie\u201c (Originaltitel) hat R. Bourdiol die Erkenntnisse P. Nogiers nach dessen Weisungen zusammengefasst. Dieses Buch liegt nun erstmalig in deutscher Sprache vor.<br \/>\nKaum jemand kennt im deutschsprachigen Raum die originalen Detail-Karten und Punktcharakteristiken des Entdeckers der Aurikulotherapie bzw. der Ohrakupunktur. Diese wurden ins Englische, aber niemals ins Deutsche \u00fcbersetzt. Damit fehlt im deutschsprachigen Raum bis heute die Referenz des Originals, aufgrund dessen die Lehren der verschiedenen Schulen der Ohrakupunktur erst beurteilt werden k\u00f6nnen.<br \/>\nDieses Original ist ein Augen\u00f6ffner: Wir sehen erstmals die Pr\u00e4zision und Vollst\u00e4ndigkeit, mit welcher P. Nogier seine Entdeckung der Nachwelt hinterlassen hat.<br \/>\nDas wohl wichtigste Werk zur Aurikulotherapie mit den originalen Detailkarten ist hiermit also auch im Original verf\u00fcgbar. Diese Quelle sollte jedem Aurikulotherapeuten bekannt sein.<\/p>\n<p><em>Hinweis:<\/em><br \/>\nDas Buch <strong>Aurikulotherapie \u2013 Der Atlas nach den Originalen von P. Nogier <\/strong>gr\u00fcndet auf diesem Originalwerk R. Bourdiols. In diesem \u201emodernen\u201c Buch sind u. a. die Karten neu erstellt und zusammengef\u00fchrt und die F\u00fchrung durch die verschiedenen K\u00f6rpersysteme folgen einer eing\u00e4ngigeren Ordnung. Dazu wurden die Punktcharakteristiken zusammengefasst, sodass eine schnellere Orientierung m\u00f6glich ist.<br \/>\nDas Original ist ausf\u00fchrlicher und enth\u00e4lt auch viele Hinweise der Entdecker der Aurikulotherapie, die f\u00fcr den Therapeuten wegweisend sein k\u00f6nnen. F\u00fcr das Original ben\u00f6tigt man Zeit und einen offenen Geist, um sich auf die scheinbar antiquierte Darstellung einzulassen. Der Gewinn aber ist unbezahlbar und wird zu einer Renaissance der Aurikulotherapie\u00a0f\u00fchren.<\/p>\n<p><a href=\"https:\/\/www.mkw-laser.de\/wp-content\/uploads\/2022\/05\/Leseprobe_Grundlagen-Aurikulotherapie.pdf\">Leseprobe<\/a>,\u00a0<a href=\"https:\/\/www.mkw-laser.de\/wp-content\/uploads\/2022\/05\/IHV_Grundlagen-Aurikulotherapie.pdf\">Inhaltsverzeichnis<\/a><\/p>\n<p>268 Seiten, 4-farbig<\/p>\n<\/div>\n<\/div>\n<\/div>\n<\/div>\n<div class=\"product-actions row\"><\/div>\n","protected":false},"excerpt":{"rendered":"<p>Grundlagen der Aurikulotherapie Von\u00a0Ren\u00e9 J. Bourdiol Im Werk \u201eElements d\u00b4\u00e1uriculoth\u00e9rapie\u201c (Originaltitel) hat R. Bourdiol die Erkenntnisse P. Nogiers nach dessen Weisungen zusammengefasst. Dieses Buch liegt nun erstmalig in deutscher Sprache vor. Kaum jemand kennt im deutschsprachigen Raum die originalen Detail-Karten und Punktcharakteristiken des Entdeckers der Aurikulotherapie bzw. der Ohrakupunktur. Diese wurden ins Englische, aber niemals&hellip;<\/p>\n","protected":false},"featured_media":34128,"comment_status":"closed","ping_status":"closed","template":"","meta":{"_links_to":"","_links_to_target":""},"product_brand":[],"product_cat":[185,187],"product_tag":[],"class_list":{"0":"post-34127","1":"product","2":"type-product","3":"status-publish","4":"has-post-thumbnail","6":"product_cat-livres-techniques","7":"product_cat-medecine-humaine-laser","8":"description-off","10":"first","11":"instock","12":"taxable","13":"shipping-taxable","14":"purchasable","15":"product-type-simple"},"_links":{"self":[{"href":"https:\/\/www.mkw-laser.de\/fr\/wp-json\/wp\/v2\/product\/34127","targetHints":{"allow":["GET"]}}],"collection":[{"href":"https:\/\/www.mkw-laser.de\/fr\/wp-json\/wp\/v2\/product"}],"about":[{"href":"https:\/\/www.mkw-laser.de\/fr\/wp-json\/wp\/v2\/types\/product"}],"replies":[{"embeddable":true,"href":"https:\/\/www.mkw-laser.de\/fr\/wp-json\/wp\/v2\/comments?post=34127"}],"wp:featuredmedia":[{"embeddable":true,"href":"https:\/\/www.mkw-laser.de\/fr\/wp-json\/wp\/v2\/media\/34128"}],"wp:attachment":[{"href":"https:\/\/www.mkw-laser.de\/fr\/wp-json\/wp\/v2\/media?parent=34127"}],"wp:term":[{"taxonomy":"product_brand","embeddable":true,"href":"https:\/\/www.mkw-laser.de\/fr\/wp-json\/wp\/v2\/product_brand?post=34127"},{"taxonomy":"product_cat","embeddable":true,"href":"https:\/\/www.mkw-laser.de\/fr\/wp-json\/wp\/v2\/product_cat?post=34127"},{"taxonomy":"product_tag","embeddable":true,"href":"https:\/\/www.mkw-laser.de\/fr\/wp-json\/wp\/v2\/product_tag?post=34127"}],"curies":[{"name":"wp","href":"https:\/\/api.w.org\/{rel}","templated":true}]}}