{"id":34135,"date":"2021-05-19T09:12:54","date_gmt":"2021-05-19T07:12:54","guid":{"rendered":"https:\/\/www.mkw-laser.de\/produkt\/powertwin-adaptateur-darticulation-fr\/"},"modified":"2026-01-11T01:53:35","modified_gmt":"2026-01-11T00:53:35","slug":"powertwin-adaptateur-darticulation-fr","status":"publish","type":"product","link":"https:\/\/www.mkw-laser.de\/fr\/produkt\/powertwin-adaptateur-darticulation-fr","title":{"rendered":"PowerTwin adaptateur d&#8217;articulation"},"content":{"rendered":"<h3>Adaptateur articul\u00e9 pour la douche laser PowerTwin (Vet)<\/h3>\n<p>Les petites articulations peuvent \u00eatre trait\u00e9es de mani\u00e8re cibl\u00e9e avec l&#8217;adaptateur articulaire.<\/p>\n<p>La lumi\u00e8re laser est dirig\u00e9e vers le site de traitement par 4 pointes de peigne. La surface de traitement est d&#8217;environ 2 cm\u00b2.<\/p>\n<p>Longueur des pointes du peigne : 18,5 mm &#8211; Diam\u00e8tre des fibres optiques : 3 mm.<\/p>\n<p>(la puissance des 17 diodes laser restantes est r\u00e9duite de 95% gr\u00e2ce \u00e0 un film sp\u00e9cial)<\/p>\n","protected":false},"excerpt":{"rendered":"<p>Adaptateur articul\u00e9 pour la douche laser PowerTwin (Vet) Les petites articulations peuvent \u00eatre trait\u00e9es de mani\u00e8re cibl\u00e9e avec l&#8217;adaptateur articulaire. La lumi\u00e8re laser est dirig\u00e9e vers le site de traitement par 4 pointes de peigne. La surface de traitement est d&#8217;environ 2 cm\u00b2. Longueur des pointes du peigne : 18,5 mm &#8211; Diam\u00e8tre des fibres&hellip;<\/p>\n","protected":false},"featured_media":34136,"comment_status":"closed","ping_status":"closed","template":"","meta":{"_links_to":"","_links_to_target":""},"product_brand":[],"product_cat":[191,192],"product_tag":[],"class_list":{"0":"post-34135","1":"product","2":"type-product","3":"status-publish","4":"has-post-thumbnail","6":"product_cat-pieces-de-rechange-fr","7":"product_cat-embouts-adaptateurs-fr","8":"description-off","10":"first","11":"instock","12":"taxable","13":"shipping-taxable","14":"purchasable","15":"product-type-simple"},"_links":{"self":[{"href":"https:\/\/www.mkw-laser.de\/fr\/wp-json\/wp\/v2\/product\/34135","targetHints":{"allow":["GET"]}}],"collection":[{"href":"https:\/\/www.mkw-laser.de\/fr\/wp-json\/wp\/v2\/product"}],"about":[{"href":"https:\/\/www.mkw-laser.de\/fr\/wp-json\/wp\/v2\/types\/product"}],"replies":[{"embeddable":true,"href":"https:\/\/www.mkw-laser.de\/fr\/wp-json\/wp\/v2\/comments?post=34135"}],"wp:featuredmedia":[{"embeddable":true,"href":"https:\/\/www.mkw-laser.de\/fr\/wp-json\/wp\/v2\/media\/34136"}],"wp:attachment":[{"href":"https:\/\/www.mkw-laser.de\/fr\/wp-json\/wp\/v2\/media?parent=34135"}],"wp:term":[{"taxonomy":"product_brand","embeddable":true,"href":"https:\/\/www.mkw-laser.de\/fr\/wp-json\/wp\/v2\/product_brand?post=34135"},{"taxonomy":"product_cat","embeddable":true,"href":"https:\/\/www.mkw-laser.de\/fr\/wp-json\/wp\/v2\/product_cat?post=34135"},{"taxonomy":"product_tag","embeddable":true,"href":"https:\/\/www.mkw-laser.de\/fr\/wp-json\/wp\/v2\/product_tag?post=34135"}],"curies":[{"name":"wp","href":"https:\/\/api.w.org\/{rel}","templated":true}]}}