{"id":34147,"date":"2020-10-16T12:29:35","date_gmt":"2020-10-16T10:29:35","guid":{"rendered":"https:\/\/www.mkw-laser.de\/produkt\/lingettes-descosept-sensitive-fr\/"},"modified":"2026-01-11T01:53:34","modified_gmt":"2026-01-11T00:53:34","slug":"lingettes-descosept-sensitive-fr","status":"publish","type":"product","link":"https:\/\/www.mkw-laser.de\/fr\/produkt\/lingettes-descosept-sensitive-fr","title":{"rendered":"Lingettes Descosept Sensitive"},"content":{"rendered":"<h3>Lingettes alcoolis\u00e9es pour la d\u00e9sinfection rapide<\/h3>\n<p>Utilisation universelle, confortable et rapide<br \/>\nEfficacit\u00e9 compl\u00e8te et rapide<br \/>\nParticuli\u00e8rement adapt\u00e9 \u00e0 la d\u00e9sinfection des surfaces de taille moyenne dans les zones proches des patients.<\/p>\n<p>Conform\u00e9ment \u00e0 la MPG : d\u00e9sinfection rapide et nettoyage de dispositifs m\u00e9dicaux non investis, notamment pour les surfaces sensibles des dispositifs m\u00e9dicaux.<\/p>\n<p>Conform\u00e9ment \u00e0 l&#8217;ordonnance sur les produits biocides : d\u00e9sinfection rapide et nettoyage de l&#8217;\u00e9quipement m\u00e9dical et des surfaces de tous types, principalement dans l&#8217;environnement proche des patients.<\/p>\n<p>Spectre d&#8217;action et temps d&#8217;action :<br \/>\nRecommandation d&#8217;utilisation pour la d\u00e9sinfection des surfaces :<br \/>\nbact\u00e9ricide, levuricide 2 min<br \/>\ntuberculocide 30 s<br \/>\nmycobact\u00e9ricide 1 min<br \/>\nvirucide limit\u00e9 30 s<br \/>\nvirucide limit\u00e9 PLUS 3 min<\/p>\n<p>Contenu de la livraison : 1 paquet contient 60 lingettes \u00e0 20 x 22 cm<\/p>\n","protected":false},"excerpt":{"rendered":"<p>Lingettes alcoolis\u00e9es pour la d\u00e9sinfection rapide Utilisation universelle, confortable et rapide Efficacit\u00e9 compl\u00e8te et rapide Particuli\u00e8rement adapt\u00e9 \u00e0 la d\u00e9sinfection des surfaces de taille moyenne dans les zones proches des patients. Conform\u00e9ment \u00e0 la MPG : d\u00e9sinfection rapide et nettoyage de dispositifs m\u00e9dicaux non investis, notamment pour les surfaces sensibles des dispositifs m\u00e9dicaux. Conform\u00e9ment \u00e0&hellip;<\/p>\n","protected":false},"featured_media":34148,"comment_status":"closed","ping_status":"closed","template":"","meta":{"_links_to":"","_links_to_target":""},"product_brand":[],"product_cat":[203],"product_tag":[],"class_list":{"0":"post-34147","1":"product","2":"type-product","3":"status-publish","4":"has-post-thumbnail","6":"product_cat-hygiene-du-cabinet-medical-fr","7":"description-off","9":"first","10":"instock","11":"taxable","12":"shipping-taxable","13":"purchasable","14":"product-type-simple"},"_links":{"self":[{"href":"https:\/\/www.mkw-laser.de\/fr\/wp-json\/wp\/v2\/product\/34147","targetHints":{"allow":["GET"]}}],"collection":[{"href":"https:\/\/www.mkw-laser.de\/fr\/wp-json\/wp\/v2\/product"}],"about":[{"href":"https:\/\/www.mkw-laser.de\/fr\/wp-json\/wp\/v2\/types\/product"}],"replies":[{"embeddable":true,"href":"https:\/\/www.mkw-laser.de\/fr\/wp-json\/wp\/v2\/comments?post=34147"}],"wp:featuredmedia":[{"embeddable":true,"href":"https:\/\/www.mkw-laser.de\/fr\/wp-json\/wp\/v2\/media\/34148"}],"wp:attachment":[{"href":"https:\/\/www.mkw-laser.de\/fr\/wp-json\/wp\/v2\/media?parent=34147"}],"wp:term":[{"taxonomy":"product_brand","embeddable":true,"href":"https:\/\/www.mkw-laser.de\/fr\/wp-json\/wp\/v2\/product_brand?post=34147"},{"taxonomy":"product_cat","embeddable":true,"href":"https:\/\/www.mkw-laser.de\/fr\/wp-json\/wp\/v2\/product_cat?post=34147"},{"taxonomy":"product_tag","embeddable":true,"href":"https:\/\/www.mkw-laser.de\/fr\/wp-json\/wp\/v2\/product_tag?post=34147"}],"curies":[{"name":"wp","href":"https:\/\/api.w.org\/{rel}","templated":true}]}}