{"id":34156,"date":"2018-10-31T14:11:41","date_gmt":"2018-10-31T13:11:41","guid":{"rendered":"https:\/\/www.mkw-laser.de\/produkt\/cable-adaptateur-powerbank-pour-powertwin21-fr\/"},"modified":"2026-01-11T01:53:34","modified_gmt":"2026-01-11T00:53:34","slug":"cable-adaptateur-powerbank-pour-powertwin21-fr","status":"publish","type":"product","link":"https:\/\/www.mkw-laser.de\/fr\/produkt\/cable-adaptateur-powerbank-pour-powertwin21-fr","title":{"rendered":"C\u00e2ble adaptateur Powerbank pour PowerTwin21"},"content":{"rendered":"<h3>C\u00e2ble adaptateur sp\u00e9cial<\/h3>\n<p>&nbsp;<\/p>\n<p>La PowerBank et le c\u00e2ble adaptateur ne conviennent que pour les syst\u00e8mes laser PowerTwin21 de MKW.<\/p>\n<p>Si vous commandez une banque de puissance, ce c\u00e2ble adaptateur est d\u00e9j\u00e0 compris dans la livraison.<\/p>\n","protected":false},"excerpt":{"rendered":"<p>C\u00e2ble adaptateur sp\u00e9cial &nbsp; La PowerBank et le c\u00e2ble adaptateur ne conviennent que pour les syst\u00e8mes laser PowerTwin21 de MKW. Si vous commandez une banque de puissance, ce c\u00e2ble adaptateur est d\u00e9j\u00e0 compris dans la livraison.<\/p>\n","protected":false},"featured_media":34157,"comment_status":"closed","ping_status":"closed","template":"","meta":{"_links_to":"","_links_to_target":""},"product_brand":[],"product_cat":[202],"product_tag":[],"class_list":{"0":"post-34156","1":"product","2":"type-product","3":"status-publish","4":"has-post-thumbnail","6":"product_cat-banque-dalimentation-et-batterie-fr","7":"description-off","9":"first","10":"instock","11":"taxable","12":"shipping-taxable","13":"purchasable","14":"product-type-simple"},"_links":{"self":[{"href":"https:\/\/www.mkw-laser.de\/fr\/wp-json\/wp\/v2\/product\/34156","targetHints":{"allow":["GET"]}}],"collection":[{"href":"https:\/\/www.mkw-laser.de\/fr\/wp-json\/wp\/v2\/product"}],"about":[{"href":"https:\/\/www.mkw-laser.de\/fr\/wp-json\/wp\/v2\/types\/product"}],"replies":[{"embeddable":true,"href":"https:\/\/www.mkw-laser.de\/fr\/wp-json\/wp\/v2\/comments?post=34156"}],"wp:featuredmedia":[{"embeddable":true,"href":"https:\/\/www.mkw-laser.de\/fr\/wp-json\/wp\/v2\/media\/34157"}],"wp:attachment":[{"href":"https:\/\/www.mkw-laser.de\/fr\/wp-json\/wp\/v2\/media?parent=34156"}],"wp:term":[{"taxonomy":"product_brand","embeddable":true,"href":"https:\/\/www.mkw-laser.de\/fr\/wp-json\/wp\/v2\/product_brand?post=34156"},{"taxonomy":"product_cat","embeddable":true,"href":"https:\/\/www.mkw-laser.de\/fr\/wp-json\/wp\/v2\/product_cat?post=34156"},{"taxonomy":"product_tag","embeddable":true,"href":"https:\/\/www.mkw-laser.de\/fr\/wp-json\/wp\/v2\/product_tag?post=34156"}],"curies":[{"name":"wp","href":"https:\/\/api.w.org\/{rel}","templated":true}]}}