{"id":34158,"date":"2018-10-26T09:23:10","date_gmt":"2018-10-26T07:23:10","guid":{"rendered":"https:\/\/www.mkw-laser.de\/produkt\/bloc-dalimentation-12-v-pour-powertwin-avec-connecteur-redel-fr\/"},"modified":"2026-01-11T01:53:34","modified_gmt":"2026-01-11T00:53:34","slug":"bloc-dalimentation-12-v-pour-powertwin-avec-connecteur-redel-fr","status":"publish","type":"product","link":"https:\/\/www.mkw-laser.de\/fr\/produkt\/bloc-dalimentation-12-v-pour-powertwin-avec-connecteur-redel-fr","title":{"rendered":"Bloc d&#8217;alimentation 12 V pour PowerTwin avec connecteur Redel"},"content":{"rendered":"<div class=\"page info active\">\n<h3>Das 12 V DC Netzteil ist Bestandteil der MD-Zulassung der Laserdusche PowerTwin.<br \/>\nMit Redelstecker zum direkten Verbinden der Laserdusche PowerTwin21 \/ PowerTwin21+ \/ PowerTwin21 XP5 mit dem Netzanschluss.<\/h3>\n<ul>\n<li><strong>Standard<\/strong> : selon EN\/ IEC 60601-1 (s\u00e9curit\u00e9 de base pour les appareils \u00e9lectrom\u00e9dicaux).<\/li>\n<li><strong>Sortie DC<\/strong> : 12V\/ 15W<\/li>\n<li>Syst\u00e8me de prise universelle (adaptateur pour tous les raccordements secteur courants et sp\u00e9cifiques aux pays)<\/li>\n<li><strong>Tension d&#8217;entr\u00e9e<\/strong> : alimentation \u00e0 large plage 100-240 V<\/li>\n<li><strong>Fr\u00e9quence<\/strong> : 50\/60 Hz<\/li>\n<li><strong>Classe de protection<\/strong> : II<\/li>\n<li><strong>Longueur du c\u00e2ble<\/strong> : 100 cm (y compris le raccordement de l&#8217;appareil 3 m)<\/li>\n<\/ul>\n<p>Utilisation uniquement \u00e0 l&#8217;int\u00e9rieur et au sec !<br \/>\nLe mode d&#8217;emploi de la douche laser PowerTwin doit \u00eatre respect\u00e9.<\/p>\n<\/div>\n","protected":false},"excerpt":{"rendered":"<p>Das 12 V DC Netzteil ist Bestandteil der MD-Zulassung der Laserdusche PowerTwin. Mit Redelstecker zum direkten Verbinden der Laserdusche PowerTwin21 \/ PowerTwin21+ \/ PowerTwin21 XP5 mit dem Netzanschluss. Standard : selon EN\/ IEC 60601-1 (s\u00e9curit\u00e9 de base pour les appareils \u00e9lectrom\u00e9dicaux). Sortie DC : 12V\/ 15W Syst\u00e8me de prise universelle (adaptateur pour tous les raccordements&hellip;<\/p>\n","protected":false},"featured_media":34162,"comment_status":"closed","ping_status":"closed","template":"","meta":{"_links_to":"","_links_to_target":""},"product_brand":[],"product_cat":[191,193],"product_tag":[],"class_list":{"0":"post-34158","1":"product","2":"type-product","3":"status-publish","4":"has-post-thumbnail","6":"product_cat-pieces-de-rechange-fr","7":"product_cat-alimentations-fr","8":"description-off","10":"first","11":"instock","12":"taxable","13":"shipping-taxable","14":"purchasable","15":"product-type-simple"},"_links":{"self":[{"href":"https:\/\/www.mkw-laser.de\/fr\/wp-json\/wp\/v2\/product\/34158","targetHints":{"allow":["GET"]}}],"collection":[{"href":"https:\/\/www.mkw-laser.de\/fr\/wp-json\/wp\/v2\/product"}],"about":[{"href":"https:\/\/www.mkw-laser.de\/fr\/wp-json\/wp\/v2\/types\/product"}],"replies":[{"embeddable":true,"href":"https:\/\/www.mkw-laser.de\/fr\/wp-json\/wp\/v2\/comments?post=34158"}],"wp:featuredmedia":[{"embeddable":true,"href":"https:\/\/www.mkw-laser.de\/fr\/wp-json\/wp\/v2\/media\/34162"}],"wp:attachment":[{"href":"https:\/\/www.mkw-laser.de\/fr\/wp-json\/wp\/v2\/media?parent=34158"}],"wp:term":[{"taxonomy":"product_brand","embeddable":true,"href":"https:\/\/www.mkw-laser.de\/fr\/wp-json\/wp\/v2\/product_brand?post=34158"},{"taxonomy":"product_cat","embeddable":true,"href":"https:\/\/www.mkw-laser.de\/fr\/wp-json\/wp\/v2\/product_cat?post=34158"},{"taxonomy":"product_tag","embeddable":true,"href":"https:\/\/www.mkw-laser.de\/fr\/wp-json\/wp\/v2\/product_tag?post=34158"}],"curies":[{"name":"wp","href":"https:\/\/api.w.org\/{rel}","templated":true}]}}