{"id":34170,"date":"2018-05-09T15:53:35","date_gmt":"2018-05-09T13:53:35","guid":{"rendered":"https:\/\/www.mkw-laser.de\/produkt\/low-level-lasertherapie\/"},"modified":"2026-01-11T01:53:33","modified_gmt":"2026-01-11T00:53:33","slug":"low-level-lasertherapie","status":"publish","type":"product","link":"https:\/\/www.mkw-laser.de\/fr\/produkt\/low-level-lasertherapie","title":{"rendered":"Low Level Lasertherapie"},"content":{"rendered":"<h3 class=\"product-page\">Wolfgang Bringmann &#8220;Low Level Lasertherapie -Grundlagen und Praxis moderner Photomedizin&#8221;<\/h3>\n<div class=\"product-wrap row\">\n<div class=\"product-info col-sm-8 col-md-7 col-md-offset-1\">\n<div class=\"product-tabs row\">\n<div class=\"tabsPages\">\n<div class=\"page info active\">\n<p>Der Klassiker von Wolfgang Bringmann &#8220;Low Level Lasertherapie &#8211; Licht kann heilen&#8221; hat seit 2000 f\u00fcnf Auflagen erlebt. Wolfgang Bringmann gilt in Deutschland als einer der f\u00fchrenden Experten auf dem Gebiet der LLLT. Er hat ihr Potenzial bereits in 1990er Jahren erkannt und seither unz\u00e4hlige Beobachtungsstudien zu den unterschiedlichsten Anwendungen durchgef\u00fchrt und dokumentiert. In seinem neuen Buch &#8220;&#8221;Low Level Lasertherapie &#8211; Grundlagen und Praxis moderner Photomedizin&#8221; fasst er seine \u00fcber 20-j\u00e4hrigen Erfahrungen zusammen. Neben einer detaillierten Einf\u00fchrung in die Wirkweisen der LLLT findet der Therapeut Anwendungsschemata f\u00fcr \u00fcber 140 Indikationen, die anhand der in den letzten Jahren enorm gewachsenen wissenschaftlichen Literatur zur LLLT aktualisiert wurden. Das Buch ist nicht nur f\u00fcr reine LLL-Therapeuten, sondern auch f\u00fcr Anwender der Laserakupunktur und frequenzmodulierten Lasertherapie interessant.<\/p>\n<\/div>\n<\/div>\n<\/div>\n<\/div>\n<\/div>\n<div class=\"product-actions row\"><\/div>\n","protected":false},"excerpt":{"rendered":"<p>Wolfgang Bringmann &#8220;Low Level Lasertherapie -Grundlagen und Praxis moderner Photomedizin&#8221; Der Klassiker von Wolfgang Bringmann &#8220;Low Level Lasertherapie &#8211; Licht kann heilen&#8221; hat seit 2000 f\u00fcnf Auflagen erlebt. Wolfgang Bringmann gilt in Deutschland als einer der f\u00fchrenden Experten auf dem Gebiet der LLLT. Er hat ihr Potenzial bereits in 1990er Jahren erkannt und seither unz\u00e4hlige&hellip;<\/p>\n","protected":false},"featured_media":34173,"comment_status":"closed","ping_status":"closed","template":"","meta":{"_links_to":"","_links_to_target":""},"product_brand":[],"product_cat":[185,187],"product_tag":[],"class_list":{"0":"post-34170","1":"product","2":"type-product","3":"status-publish","4":"has-post-thumbnail","6":"product_cat-livres-techniques","7":"product_cat-medecine-humaine-laser","8":"description-off","10":"first","11":"instock","12":"taxable","13":"shipping-taxable","14":"purchasable","15":"product-type-simple"},"_links":{"self":[{"href":"https:\/\/www.mkw-laser.de\/fr\/wp-json\/wp\/v2\/product\/34170","targetHints":{"allow":["GET"]}}],"collection":[{"href":"https:\/\/www.mkw-laser.de\/fr\/wp-json\/wp\/v2\/product"}],"about":[{"href":"https:\/\/www.mkw-laser.de\/fr\/wp-json\/wp\/v2\/types\/product"}],"replies":[{"embeddable":true,"href":"https:\/\/www.mkw-laser.de\/fr\/wp-json\/wp\/v2\/comments?post=34170"}],"wp:featuredmedia":[{"embeddable":true,"href":"https:\/\/www.mkw-laser.de\/fr\/wp-json\/wp\/v2\/media\/34173"}],"wp:attachment":[{"href":"https:\/\/www.mkw-laser.de\/fr\/wp-json\/wp\/v2\/media?parent=34170"}],"wp:term":[{"taxonomy":"product_brand","embeddable":true,"href":"https:\/\/www.mkw-laser.de\/fr\/wp-json\/wp\/v2\/product_brand?post=34170"},{"taxonomy":"product_cat","embeddable":true,"href":"https:\/\/www.mkw-laser.de\/fr\/wp-json\/wp\/v2\/product_cat?post=34170"},{"taxonomy":"product_tag","embeddable":true,"href":"https:\/\/www.mkw-laser.de\/fr\/wp-json\/wp\/v2\/product_tag?post=34170"}],"curies":[{"name":"wp","href":"https:\/\/api.w.org\/{rel}","templated":true}]}}