{"id":34176,"date":"2018-05-09T15:48:16","date_gmt":"2018-05-09T13:48:16","guid":{"rendered":"https:\/\/www.mkw-laser.de\/produkt\/guide-de-lumiere-lentille-grand-angle-fr\/"},"modified":"2026-01-11T01:53:34","modified_gmt":"2026-01-11T00:53:34","slug":"guide-de-lumiere-lentille-grand-angle-fr","status":"publish","type":"product","link":"https:\/\/www.mkw-laser.de\/fr\/produkt\/guide-de-lumiere-lentille-grand-angle-fr","title":{"rendered":"Guide de lumi\u00e8re Lentille grand angle"},"content":{"rendered":"<h3 class=\"product-page\">Profil de faisceau nettement plus grand pour les traitements de petites surfaces comme les points douloureux et les points trigger<\/h3>\n<h4><\/h4>\n<p>Diam\u00e8tre 10 mm, surface 0,8 cm\u00b2, bo\u00eetier : acier inoxydable<\/p>\n<p>Une optique sp\u00e9ciale \u00e9largit la lumi\u00e8re laser de mani\u00e8re presque homog\u00e8ne sur une surface de 0,8 cm\u00b2.<\/p>\n<p>Id\u00e9al pour le traitement de petites surfaces comme les zones de douleur et les points trigger.<\/p>\n<p>Convient pour les appareils laser de bas niveau LA-X P200, LA-X P500<\/p>\n","protected":false},"excerpt":{"rendered":"<p>Profil de faisceau nettement plus grand pour les traitements de petites surfaces comme les points douloureux et les points trigger Diam\u00e8tre 10 mm, surface 0,8 cm\u00b2, bo\u00eetier : acier inoxydable Une optique sp\u00e9ciale \u00e9largit la lumi\u00e8re laser de mani\u00e8re presque homog\u00e8ne sur une surface de 0,8 cm\u00b2. Id\u00e9al pour le traitement de petites surfaces comme&hellip;<\/p>\n","protected":false},"featured_media":34181,"comment_status":"closed","ping_status":"closed","template":"","meta":{"_links_to":"","_links_to_target":""},"product_brand":[],"product_cat":[191,201],"product_tag":[],"class_list":{"0":"post-34176","1":"product","2":"type-product","3":"status-publish","4":"has-post-thumbnail","6":"product_cat-pieces-de-rechange-fr","7":"product_cat-fiber-optics-laser-pen-fr","8":"description-off","10":"first","11":"instock","12":"taxable","13":"shipping-taxable","14":"purchasable","15":"product-type-simple"},"_links":{"self":[{"href":"https:\/\/www.mkw-laser.de\/fr\/wp-json\/wp\/v2\/product\/34176","targetHints":{"allow":["GET"]}}],"collection":[{"href":"https:\/\/www.mkw-laser.de\/fr\/wp-json\/wp\/v2\/product"}],"about":[{"href":"https:\/\/www.mkw-laser.de\/fr\/wp-json\/wp\/v2\/types\/product"}],"replies":[{"embeddable":true,"href":"https:\/\/www.mkw-laser.de\/fr\/wp-json\/wp\/v2\/comments?post=34176"}],"wp:featuredmedia":[{"embeddable":true,"href":"https:\/\/www.mkw-laser.de\/fr\/wp-json\/wp\/v2\/media\/34181"}],"wp:attachment":[{"href":"https:\/\/www.mkw-laser.de\/fr\/wp-json\/wp\/v2\/media?parent=34176"}],"wp:term":[{"taxonomy":"product_brand","embeddable":true,"href":"https:\/\/www.mkw-laser.de\/fr\/wp-json\/wp\/v2\/product_brand?post=34176"},{"taxonomy":"product_cat","embeddable":true,"href":"https:\/\/www.mkw-laser.de\/fr\/wp-json\/wp\/v2\/product_cat?post=34176"},{"taxonomy":"product_tag","embeddable":true,"href":"https:\/\/www.mkw-laser.de\/fr\/wp-json\/wp\/v2\/product_tag?post=34176"}],"curies":[{"name":"wp","href":"https:\/\/api.w.org\/{rel}","templated":true}]}}