{"id":34182,"date":"2018-04-16T08:44:05","date_gmt":"2018-04-16T06:44:05","guid":{"rendered":"https:\/\/www.mkw-laser.de\/produkt\/laserterapia-y-laserpuntura\/"},"modified":"2026-01-11T01:53:34","modified_gmt":"2026-01-11T00:53:34","slug":"laserterapia-y-laserpuntura","status":"publish","type":"product","link":"https:\/\/www.mkw-laser.de\/fr\/produkt\/laserterapia-y-laserpuntura","title":{"rendered":"Laserterapia y Laserpuntura"},"content":{"rendered":"<h3>Libro t\u00e9cnico en espagnol<\/h3>\n<p>(de Anja F\u00fcchtenbusch y Dr. med. Wolfgang Bringmann)<\/p>\n<p>Lasertherapie und Laserpunktur: el manual para usuarios con 200 instrucciones breves para las indicaciones m\u00e1s frecuentes y con 40 instrucciones terap\u00e9uticas exhaustivas para indicaciones especialmente importantes. Con este libro se orientar\u00e1 r\u00e1pidamente acerca del espectro de aplicaciones y del modo de acci\u00f3n de la terapia l\u00e1ser low-level (LLLT) inici\u00e1ndose de manera poco complicada y directa en la aplicaci\u00f3n.<\/p>\n<p>La terapia l\u00e1ser low-level activa y acelera los procesos de curaci\u00f3n, siendo empleada hoy en d\u00eda con \u00e9xito como terapia independiente o en combinaci\u00f3n con la acupuntura y el tratamiento de los puntos reflejo en casi todas las especialidades m\u00e9dicas. Con este libro podr\u00e1 orientarse r\u00e1pidamente acerca de los modos de acci\u00f3n y del espectro de aplicaci\u00f3n de la terapia l\u00e1ser low-level, ofreciendo un inicio directo y poco complicado en la aplicaci\u00f3n.<\/p>\n<p>M\u00e1s de 200 instrucciones breves para las indicaciones m\u00e1s frecuentes de las especialidades traumatolog\u00eda, ortoped\u00eda, neurolog\u00eda, medicina interna, otorrinolaringolog\u00eda y dermatolog\u00eda. M\u00e1s de 40 instrucciones terap\u00e9uticas detalladas para indicaciones importantes. Programas complementarios opcionales para la acupuntura, la acupuntura del o\u00eddo y para el tratamiento con trigger y tender-points, por ejemplo con especializaci\u00f3n en la ortopedia y la fisioterapia. Las instrucciones terap\u00e9uticas se basan en recomendaciones del Dr. med. habil. Wolfgang Bringmann, autor del libro especializado Low Level Lasertherapie \u2013 Licht kann heilen, en los estudios de aplicaci\u00f3n de m\u00e9dicos, cl\u00ednicas y fisioterapeutas y en la evaluaci\u00f3n de los resultados m\u00e1s recientes, documentados en la literatura especializada internacional.<\/p>\n","protected":false},"excerpt":{"rendered":"<p>Libro t\u00e9cnico en espagnol (de Anja F\u00fcchtenbusch y Dr. med. Wolfgang Bringmann) Lasertherapie und Laserpunktur: el manual para usuarios con 200 instrucciones breves para las indicaciones m\u00e1s frecuentes y con 40 instrucciones terap\u00e9uticas exhaustivas para indicaciones especialmente importantes. Con este libro se orientar\u00e1 r\u00e1pidamente acerca del espectro de aplicaciones y del modo de acci\u00f3n de&hellip;<\/p>\n","protected":false},"featured_media":34185,"comment_status":"closed","ping_status":"closed","template":"","meta":{"_links_to":"","_links_to_target":""},"product_brand":[],"product_cat":[185,196],"product_tag":[],"class_list":{"0":"post-34182","1":"product","2":"type-product","3":"status-publish","4":"has-post-thumbnail","6":"product_cat-livres-techniques","7":"product_cat-laserterapia-libro-tecnico-fr","8":"description-off","10":"first","11":"instock","12":"taxable","13":"shipping-taxable","14":"purchasable","15":"product-type-simple"},"_links":{"self":[{"href":"https:\/\/www.mkw-laser.de\/fr\/wp-json\/wp\/v2\/product\/34182","targetHints":{"allow":["GET"]}}],"collection":[{"href":"https:\/\/www.mkw-laser.de\/fr\/wp-json\/wp\/v2\/product"}],"about":[{"href":"https:\/\/www.mkw-laser.de\/fr\/wp-json\/wp\/v2\/types\/product"}],"replies":[{"embeddable":true,"href":"https:\/\/www.mkw-laser.de\/fr\/wp-json\/wp\/v2\/comments?post=34182"}],"wp:featuredmedia":[{"embeddable":true,"href":"https:\/\/www.mkw-laser.de\/fr\/wp-json\/wp\/v2\/media\/34185"}],"wp:attachment":[{"href":"https:\/\/www.mkw-laser.de\/fr\/wp-json\/wp\/v2\/media?parent=34182"}],"wp:term":[{"taxonomy":"product_brand","embeddable":true,"href":"https:\/\/www.mkw-laser.de\/fr\/wp-json\/wp\/v2\/product_brand?post=34182"},{"taxonomy":"product_cat","embeddable":true,"href":"https:\/\/www.mkw-laser.de\/fr\/wp-json\/wp\/v2\/product_cat?post=34182"},{"taxonomy":"product_tag","embeddable":true,"href":"https:\/\/www.mkw-laser.de\/fr\/wp-json\/wp\/v2\/product_tag?post=34182"}],"curies":[{"name":"wp","href":"https:\/\/api.w.org\/{rel}","templated":true}]}}