{"id":34204,"date":"2018-03-23T11:25:54","date_gmt":"2018-03-23T10:25:54","guid":{"rendered":"https:\/\/www.mkw-laser.de\/produkt\/lunettes-de-protection-laser-egalement-pour-les-porteurs-de-lunettes-fr\/"},"modified":"2026-01-11T01:53:34","modified_gmt":"2026-01-11T00:53:34","slug":"lunettes-de-protection-laser-egalement-pour-les-porteurs-de-lunettes-fr","status":"publish","type":"product","link":"https:\/\/www.mkw-laser.de\/fr\/produkt\/lunettes-de-protection-laser-egalement-pour-les-porteurs-de-lunettes-fr","title":{"rendered":"Lunettes de protection laser (\u00e9galement pour les porteurs de lunettes)"},"content":{"rendered":"<h3>Lunettes de protection laser (\u00e9galement pour les porteurs de lunettes)<\/h3>\n<p>Nos lunettes de protection laser Protect garantissent une protection ad\u00e9quate de vos yeux contre les rayons laser. Elles sont conformes \u00e0 la r\u00e9glementation europ\u00e9enne sur l&#8217;utilisation des lasers m\u00e9dicaux de classe 3B.<\/p>\n<p>Les lunettes laser en plastique (\u00e9galement pour les porteurs de lunettes) ont une monture noire et sont suffisamment dimensionn\u00e9es pour \u00eatre port\u00e9es par-dessus vos lunettes de correction normales. Les filtres en plastique sp\u00e9cial ont une \u00e9paisseur d&#8217;environ 3,1 mm et sont certifi\u00e9s CE.<\/p>\n<p>Nos lunettes de protection laser r\u00e9pondent aux exigences de la directive 89\/686\/CEE (DIN EN 207).<\/p>\n<p>donn\u00e9es techniques :<\/p>\n<p>\u00c9paisseur du filtre : 3,1 mm, couleur du filtre : jaune-vert, VLT : env. 60 %.<\/p>\n<p>Convient aux longueurs d&#8217;onde suivantes :<\/p>\n<p>750-785 DIR LB2<\/p>\n<p>&gt;785-805 DIR LB3<\/p>\n<p>&gt;805-825 DIR LB4<\/p>\n<p>&gt;825-855 DIR LB5<\/p>\n<p>&gt;855-10710 D LB5 + IR LB6<\/p>\n<p>1064 D LB5 + IR LB7<\/p>\n<p>&gt;1070-1080 DIR LB5<\/p>\n<p>&gt;1080-1090 DIR LB4<\/p>\n<p>&gt;1090-1100 DIR LB3<\/p>\n<p>Contenu de la livraison : Lunettes de protection laser, chiffon de nettoyage pour lunettes, cordon pour lunettes, mode d&#8217;emploi avec consignes d&#8217;entretien<\/p>\n","protected":false},"excerpt":{"rendered":"<p>Lunettes de protection laser (\u00e9galement pour les porteurs de lunettes) Nos lunettes de protection laser Protect garantissent une protection ad\u00e9quate de vos yeux contre les rayons laser. Elles sont conformes \u00e0 la r\u00e9glementation europ\u00e9enne sur l&#8217;utilisation des lasers m\u00e9dicaux de classe 3B. Les lunettes laser en plastique (\u00e9galement pour les porteurs de lunettes) ont une&hellip;<\/p>\n","protected":false},"featured_media":34208,"comment_status":"closed","ping_status":"closed","template":"","meta":{"_links_to":"","_links_to_target":""},"product_brand":[],"product_cat":[190],"product_tag":[],"class_list":{"0":"post-34204","1":"product","2":"type-product","3":"status-publish","4":"has-post-thumbnail","6":"product_cat-lunettes-de-protection","7":"description-off","9":"first","10":"instock","11":"taxable","12":"shipping-taxable","13":"purchasable","14":"product-type-simple"},"_links":{"self":[{"href":"https:\/\/www.mkw-laser.de\/fr\/wp-json\/wp\/v2\/product\/34204","targetHints":{"allow":["GET"]}}],"collection":[{"href":"https:\/\/www.mkw-laser.de\/fr\/wp-json\/wp\/v2\/product"}],"about":[{"href":"https:\/\/www.mkw-laser.de\/fr\/wp-json\/wp\/v2\/types\/product"}],"replies":[{"embeddable":true,"href":"https:\/\/www.mkw-laser.de\/fr\/wp-json\/wp\/v2\/comments?post=34204"}],"wp:featuredmedia":[{"embeddable":true,"href":"https:\/\/www.mkw-laser.de\/fr\/wp-json\/wp\/v2\/media\/34208"}],"wp:attachment":[{"href":"https:\/\/www.mkw-laser.de\/fr\/wp-json\/wp\/v2\/media?parent=34204"}],"wp:term":[{"taxonomy":"product_brand","embeddable":true,"href":"https:\/\/www.mkw-laser.de\/fr\/wp-json\/wp\/v2\/product_brand?post=34204"},{"taxonomy":"product_cat","embeddable":true,"href":"https:\/\/www.mkw-laser.de\/fr\/wp-json\/wp\/v2\/product_cat?post=34204"},{"taxonomy":"product_tag","embeddable":true,"href":"https:\/\/www.mkw-laser.de\/fr\/wp-json\/wp\/v2\/product_tag?post=34204"}],"curies":[{"name":"wp","href":"https:\/\/api.w.org\/{rel}","templated":true}]}}