{"id":34216,"date":"2018-03-23T11:19:41","date_gmt":"2018-03-23T10:19:41","guid":{"rendered":"https:\/\/www.mkw-laser.de\/produkt\/powerbank-avec-chargeur-et-cable-adaptateur-fr\/"},"modified":"2026-01-11T01:53:34","modified_gmt":"2026-01-11T00:53:34","slug":"powerbank-avec-chargeur-et-cable-adaptateur-fr","status":"publish","type":"product","link":"https:\/\/www.mkw-laser.de\/fr\/produkt\/powerbank-avec-chargeur-et-cable-adaptateur-fr","title":{"rendered":"Powerbank avec chargeur et c\u00e2ble adaptateur"},"content":{"rendered":"<div class=\"wpb-content-wrapper\"><p>[vc_row][vc_column][vc_column_text]<\/p>\n<h3>Powerbank &#8211; chargeur et c\u00e2ble adaptateur inclus (Vet)<\/h3>\n<h4>Pour toutes les versions de la douche laser PowerTwin<\/h4>\n<p>En quelque sorte, la grosse batterie pour une utilisation permanente au paddock ou \u00e0 l&#8217;\u00e9curie, afin de ne pas devoir changer les piles pendant le traitement.<\/p>\n<p><strong>Les avantages de la banque de puissance :<\/strong><\/p>\n<ul style=\"list-style-type: circle;\">\n<li>Sp\u00e9cialement configur\u00e9 pour la douche laser PowerTwin<\/li>\n<li>petit et compact<\/li>\n<li>ne p\u00e8se que 560 g<\/li>\n<li>capacit\u00e9 de 26.800 mAh<\/li>\n<li>convient pour une utilisation par ex. sur le baudrier (une poche pratique pour la jambe est disponible en suppl\u00e9ment)<\/li>\n<li>env. 6 heures d&#8217;autonomie de la batterie<\/li>\n<li>dimensions : 14 x 8 x 3,5 cm<\/li>\n<\/ul>\n<p>[\/vc_column_text][\/vc_column][\/vc_row]<\/p>\n<\/div>","protected":false},"excerpt":{"rendered":"<p>[vc_row][vc_column][vc_column_text] Powerbank &#8211; chargeur et c\u00e2ble adaptateur inclus (Vet) Pour toutes les versions de la douche laser PowerTwin En quelque sorte, la grosse batterie pour une utilisation permanente au paddock ou \u00e0 l&#8217;\u00e9curie, afin de ne pas devoir changer les piles pendant le traitement. Les avantages de la banque de puissance : Sp\u00e9cialement configur\u00e9 pour&hellip;<\/p>\n","protected":false},"featured_media":34220,"comment_status":"closed","ping_status":"closed","template":"","meta":{"_links_to":"","_links_to_target":""},"product_brand":[],"product_cat":[202],"product_tag":[],"class_list":{"0":"post-34216","1":"product","2":"type-product","3":"status-publish","4":"has-post-thumbnail","6":"product_cat-banque-dalimentation-et-batterie-fr","7":"description-off","9":"first","10":"instock","11":"taxable","12":"shipping-taxable","13":"purchasable","14":"product-type-simple"},"_links":{"self":[{"href":"https:\/\/www.mkw-laser.de\/fr\/wp-json\/wp\/v2\/product\/34216","targetHints":{"allow":["GET"]}}],"collection":[{"href":"https:\/\/www.mkw-laser.de\/fr\/wp-json\/wp\/v2\/product"}],"about":[{"href":"https:\/\/www.mkw-laser.de\/fr\/wp-json\/wp\/v2\/types\/product"}],"replies":[{"embeddable":true,"href":"https:\/\/www.mkw-laser.de\/fr\/wp-json\/wp\/v2\/comments?post=34216"}],"wp:featuredmedia":[{"embeddable":true,"href":"https:\/\/www.mkw-laser.de\/fr\/wp-json\/wp\/v2\/media\/34220"}],"wp:attachment":[{"href":"https:\/\/www.mkw-laser.de\/fr\/wp-json\/wp\/v2\/media?parent=34216"}],"wp:term":[{"taxonomy":"product_brand","embeddable":true,"href":"https:\/\/www.mkw-laser.de\/fr\/wp-json\/wp\/v2\/product_brand?post=34216"},{"taxonomy":"product_cat","embeddable":true,"href":"https:\/\/www.mkw-laser.de\/fr\/wp-json\/wp\/v2\/product_cat?post=34216"},{"taxonomy":"product_tag","embeddable":true,"href":"https:\/\/www.mkw-laser.de\/fr\/wp-json\/wp\/v2\/product_tag?post=34216"}],"curies":[{"name":"wp","href":"https:\/\/api.w.org\/{rel}","templated":true}]}}