{"id":34228,"date":"2018-03-23T11:15:17","date_gmt":"2018-03-23T10:15:17","guid":{"rendered":"https:\/\/www.mkw-laser.de\/produkt\/tige-de-la-cle-fr\/"},"modified":"2026-01-11T01:53:34","modified_gmt":"2026-01-11T00:53:34","slug":"tige-de-la-cle-fr","status":"publish","type":"product","link":"https:\/\/www.mkw-laser.de\/fr\/produkt\/tige-de-la-cle-fr","title":{"rendered":"Tige de la cl\u00e9"},"content":{"rendered":"<h3>Goupille de cl\u00e9 de rechange pour les appareils laser MKW<\/h3>\n<p>Alors qu&#8217;auparavant, chaque appareil avait sa propre cl\u00e9, nous avons d\u00e9sormais standardis\u00e9 le design. Notre cl\u00e9 \u00e0 molette s&#8217;adapte d\u00e9sormais \u00e0 tous nos lasers doux.<\/p>\n<p>La cl\u00e9 est une fonction de s\u00e9curit\u00e9 sans laquelle les appareils ne peuvent pas \u00eatre utilis\u00e9s. Les lasers ne peuvent \u00eatre activ\u00e9s qu&#8217;avec la cl\u00e9 ins\u00e9r\u00e9e dans la bonne prise.<\/p>\n<p>Lorsque l&#8217;appareil laser est \u00e9teint, la cl\u00e9 est bien rang\u00e9e dans la prise de stationnement ; pour faire fonctionner le laser, elle doit \u00eatre enfich\u00e9e dans la prise active. En cas de perte de la cl\u00e9, le laser ne peut pas \u00eatre utilis\u00e9.<\/p>\n<p>Il est donc pr\u00e9f\u00e9rable d&#8217;avoir une cl\u00e9 de rechange \u00e0 port\u00e9e de main, comme celle de sa propre voiture.<\/p>\n","protected":false},"excerpt":{"rendered":"<p>Goupille de cl\u00e9 de rechange pour les appareils laser MKW Alors qu&#8217;auparavant, chaque appareil avait sa propre cl\u00e9, nous avons d\u00e9sormais standardis\u00e9 le design. Notre cl\u00e9 \u00e0 molette s&#8217;adapte d\u00e9sormais \u00e0 tous nos lasers doux. La cl\u00e9 est une fonction de s\u00e9curit\u00e9 sans laquelle les appareils ne peuvent pas \u00eatre utilis\u00e9s. Les lasers ne peuvent&hellip;<\/p>\n","protected":false},"featured_media":34229,"comment_status":"closed","ping_status":"closed","template":"","meta":{"_links_to":"","_links_to_target":""},"product_brand":[],"product_cat":[191,194],"product_tag":[],"class_list":{"0":"post-34228","1":"product","2":"type-product","3":"status-publish","4":"has-post-thumbnail","6":"product_cat-pieces-de-rechange-fr","7":"product_cat-cles-a-molette","8":"description-off","10":"first","11":"instock","12":"taxable","13":"shipping-taxable","14":"purchasable","15":"product-type-simple"},"_links":{"self":[{"href":"https:\/\/www.mkw-laser.de\/fr\/wp-json\/wp\/v2\/product\/34228","targetHints":{"allow":["GET"]}}],"collection":[{"href":"https:\/\/www.mkw-laser.de\/fr\/wp-json\/wp\/v2\/product"}],"about":[{"href":"https:\/\/www.mkw-laser.de\/fr\/wp-json\/wp\/v2\/types\/product"}],"replies":[{"embeddable":true,"href":"https:\/\/www.mkw-laser.de\/fr\/wp-json\/wp\/v2\/comments?post=34228"}],"wp:featuredmedia":[{"embeddable":true,"href":"https:\/\/www.mkw-laser.de\/fr\/wp-json\/wp\/v2\/media\/34229"}],"wp:attachment":[{"href":"https:\/\/www.mkw-laser.de\/fr\/wp-json\/wp\/v2\/media?parent=34228"}],"wp:term":[{"taxonomy":"product_brand","embeddable":true,"href":"https:\/\/www.mkw-laser.de\/fr\/wp-json\/wp\/v2\/product_brand?post=34228"},{"taxonomy":"product_cat","embeddable":true,"href":"https:\/\/www.mkw-laser.de\/fr\/wp-json\/wp\/v2\/product_cat?post=34228"},{"taxonomy":"product_tag","embeddable":true,"href":"https:\/\/www.mkw-laser.de\/fr\/wp-json\/wp\/v2\/product_tag?post=34228"}],"curies":[{"name":"wp","href":"https:\/\/api.w.org\/{rel}","templated":true}]}}