{"id":34232,"date":"2018-03-23T11:13:51","date_gmt":"2018-03-23T10:13:51","guid":{"rendered":"https:\/\/www.mkw-laser.de\/produkt\/fibre-optique-courte-fr\/"},"modified":"2026-01-11T01:53:34","modified_gmt":"2026-01-11T00:53:34","slug":"fibre-optique-courte-fr","status":"publish","type":"product","link":"https:\/\/www.mkw-laser.de\/fr\/produkt\/fibre-optique-courte-fr","title":{"rendered":"Fibre optique courte"},"content":{"rendered":"<p><span style=\"font-size: 12pt;\"><strong>Fibre optique courte pour appareils laser MKW<\/strong><\/span><\/p>\n<p><strong>Fibre optique rigide et courte<\/strong><\/p>\n<p>pour les lasers MKW LA-X P200 et LA-X P500.<\/p>\n<p>Si un guide de lumi\u00e8re doit \u00eatre retir\u00e9 pour \u00eatre nettoy\u00e9, il est possible de continuer \u00e0 traiter avec le guide de lumi\u00e8re de remplacement pendant le temps de nettoyage. Les stylos laser ne fonctionnent que lorsque le guide optique est en place.<\/p>\n<p>La livraison s&#8217;effectue dans une bo\u00eete en plastique solide avec rembourrage en mousse.<\/p>\n","protected":false},"excerpt":{"rendered":"<p>Fibre optique courte pour appareils laser MKW Fibre optique rigide et courte pour les lasers MKW LA-X P200 et LA-X P500. Si un guide de lumi\u00e8re doit \u00eatre retir\u00e9 pour \u00eatre nettoy\u00e9, il est possible de continuer \u00e0 traiter avec le guide de lumi\u00e8re de remplacement pendant le temps de nettoyage. Les stylos laser ne&hellip;<\/p>\n","protected":false},"featured_media":34234,"comment_status":"closed","ping_status":"closed","template":"","meta":{"_links_to":"","_links_to_target":""},"product_brand":[],"product_cat":[191,201],"product_tag":[],"class_list":{"0":"post-34232","1":"product","2":"type-product","3":"status-publish","4":"has-post-thumbnail","6":"product_cat-pieces-de-rechange-fr","7":"product_cat-fiber-optics-laser-pen-fr","8":"description-off","10":"first","11":"instock","12":"taxable","13":"shipping-taxable","14":"purchasable","15":"product-type-simple"},"_links":{"self":[{"href":"https:\/\/www.mkw-laser.de\/fr\/wp-json\/wp\/v2\/product\/34232","targetHints":{"allow":["GET"]}}],"collection":[{"href":"https:\/\/www.mkw-laser.de\/fr\/wp-json\/wp\/v2\/product"}],"about":[{"href":"https:\/\/www.mkw-laser.de\/fr\/wp-json\/wp\/v2\/types\/product"}],"replies":[{"embeddable":true,"href":"https:\/\/www.mkw-laser.de\/fr\/wp-json\/wp\/v2\/comments?post=34232"}],"wp:featuredmedia":[{"embeddable":true,"href":"https:\/\/www.mkw-laser.de\/fr\/wp-json\/wp\/v2\/media\/34234"}],"wp:attachment":[{"href":"https:\/\/www.mkw-laser.de\/fr\/wp-json\/wp\/v2\/media?parent=34232"}],"wp:term":[{"taxonomy":"product_brand","embeddable":true,"href":"https:\/\/www.mkw-laser.de\/fr\/wp-json\/wp\/v2\/product_brand?post=34232"},{"taxonomy":"product_cat","embeddable":true,"href":"https:\/\/www.mkw-laser.de\/fr\/wp-json\/wp\/v2\/product_cat?post=34232"},{"taxonomy":"product_tag","embeddable":true,"href":"https:\/\/www.mkw-laser.de\/fr\/wp-json\/wp\/v2\/product_tag?post=34232"}],"curies":[{"name":"wp","href":"https:\/\/api.w.org\/{rel}","templated":true}]}}