{"id":34253,"date":"2018-03-23T10:37:51","date_gmt":"2018-03-23T09:37:51","guid":{"rendered":"https:\/\/www.mkw-laser.de\/produkt\/lasertherapie-laserpunktur-bei-pferden-therapieplaene\/"},"modified":"2026-01-11T01:53:34","modified_gmt":"2026-01-11T00:53:34","slug":"lasertherapie-laserpunktur-bei-pferden-therapieplaene","status":"publish","type":"product","link":"https:\/\/www.mkw-laser.de\/fr\/produkt\/lasertherapie-laserpunktur-bei-pferden-therapieplaene","title":{"rendered":"Lasertherapie &#038; Laserpunktur bei Pferden"},"content":{"rendered":"<h3>Lasertherapie &amp; Laserpunktur bei Pferden &#8211; Therapiepl\u00e4ne<\/h3>\n<p>Auf 144 Seiten beschreiben <strong>Anja F\u00fcchtenbusch<\/strong> und <strong>Peter Rosin<\/strong> die Akupunktur und Lasertherapie als energetische Behandlungsmethoden, die sich sehr gut erg\u00e4nzen und auch in der Pferdetherapie eingesetzt werden. Das Buch ist f\u00fcr den Anwender konzipiert, der einen schnellen und direkten Einstieg in die Praxis sucht. Dazu orientiert es sich an den wichtigsten und f\u00fcr das westliche Verst\u00e4ndnis bekannten Indikationen und stellt f\u00fcr diese effektive, direkt umsetzbare Kombinationstherapien mit Laser und Akupunktur vor.<\/p>\n<p>Die Behandlungen gr\u00fcnden auf Empfehlung von <strong>Peter Rosin<\/strong>, einem Pionier der ganzheitlichen Tierheilkunde. Seine Therapiekonzepte sind eine Kombination aus bioenergetischen Verfahren, zu denen auch die Lasertherapie z\u00e4hlt, und Methoden der TCM. Sie begr\u00fcnden einen sehr effizienten, synergistischen und direkten Behandlungsansatz, der in diesem Buch in kompakter, nachvollziehbarer Form f\u00fcr die wichtigsten Indikationen der Pferdetherapie veranschaulicht wird.<\/p>\n<p>Themen: &#8211; Wunden &#8211; St\u00f6rfelder &#8211; Schmerzen &#8211; Bewegungsapparat (Hufrehe, Hufrollenerkrankung, R\u00fcckenschmerzen, Kissing Spines, Spat, Sehnenentz\u00fcndung), Pferdehusten, Innere Organe, Stoffwechsel, Haut, Z\u00e4hne, Psyche, Immunsystem, Gef\u00e4\u00dfe, Fortpflanzung.<\/p>\n","protected":false},"excerpt":{"rendered":"<p>Lasertherapie &amp; Laserpunktur bei Pferden &#8211; Therapiepl\u00e4ne Auf 144 Seiten beschreiben Anja F\u00fcchtenbusch und Peter Rosin die Akupunktur und Lasertherapie als energetische Behandlungsmethoden, die sich sehr gut erg\u00e4nzen und auch in der Pferdetherapie eingesetzt werden. Das Buch ist f\u00fcr den Anwender konzipiert, der einen schnellen und direkten Einstieg in die Praxis sucht. Dazu orientiert es&hellip;<\/p>\n","protected":false},"featured_media":34258,"comment_status":"closed","ping_status":"closed","template":"","meta":{"_links_to":"","_links_to_target":""},"product_brand":[],"product_cat":[185,197],"product_tag":[],"class_list":{"0":"post-34253","1":"product","2":"type-product","3":"status-publish","4":"has-post-thumbnail","6":"product_cat-livres-techniques","7":"product_cat-medecine-veterinaire-laser-fr","8":"description-off","10":"first","11":"instock","12":"taxable","13":"shipping-taxable","14":"purchasable","15":"product-type-simple"},"_links":{"self":[{"href":"https:\/\/www.mkw-laser.de\/fr\/wp-json\/wp\/v2\/product\/34253","targetHints":{"allow":["GET"]}}],"collection":[{"href":"https:\/\/www.mkw-laser.de\/fr\/wp-json\/wp\/v2\/product"}],"about":[{"href":"https:\/\/www.mkw-laser.de\/fr\/wp-json\/wp\/v2\/types\/product"}],"replies":[{"embeddable":true,"href":"https:\/\/www.mkw-laser.de\/fr\/wp-json\/wp\/v2\/comments?post=34253"}],"wp:featuredmedia":[{"embeddable":true,"href":"https:\/\/www.mkw-laser.de\/fr\/wp-json\/wp\/v2\/media\/34258"}],"wp:attachment":[{"href":"https:\/\/www.mkw-laser.de\/fr\/wp-json\/wp\/v2\/media?parent=34253"}],"wp:term":[{"taxonomy":"product_brand","embeddable":true,"href":"https:\/\/www.mkw-laser.de\/fr\/wp-json\/wp\/v2\/product_brand?post=34253"},{"taxonomy":"product_cat","embeddable":true,"href":"https:\/\/www.mkw-laser.de\/fr\/wp-json\/wp\/v2\/product_cat?post=34253"},{"taxonomy":"product_tag","embeddable":true,"href":"https:\/\/www.mkw-laser.de\/fr\/wp-json\/wp\/v2\/product_tag?post=34253"}],"curies":[{"name":"wp","href":"https:\/\/api.w.org\/{rel}","templated":true}]}}