{"id":34266,"date":"2018-03-23T11:07:42","date_gmt":"2018-03-23T10:07:42","guid":{"rendered":"https:\/\/www.mkw-laser.de\/produkt\/fibre-optique-courbee-fr\/"},"modified":"2026-01-11T01:53:35","modified_gmt":"2026-01-11T00:53:35","slug":"fibre-optique-courbee-fr","status":"publish","type":"product","link":"https:\/\/www.mkw-laser.de\/fr\/produkt\/fibre-optique-courbee-fr","title":{"rendered":"Fibre optique courb\u00e9e"},"content":{"rendered":"<h3>Fibre optique courb\u00e9e<\/h3>\n<p>Fibre optique de rechange pour le stylo laser MKW LA-X P200\/P500. Forme courb\u00e9e, ce qui permet par exemple d&#8217;effectuer sans probl\u00e8me des lasers dans le domaine oral, que ce soit en m\u00e9decine humaine ou v\u00e9t\u00e9rinaire. Dans le domaine du traitement oral, il serait par exemple possible d&#8217;effectuer des traitements de la gencive.<\/p>\n<p>La courbure du guide de lumi\u00e8re permet \u00e0 l&#8217;utilisateur d&#8217;orienter le faisceau laser de faible niveau vers la zone de traitement requise sans perte de diffusion et d&#8217;effectuer le traitement rapidement.<\/p>\n<p>La livraison s&#8217;effectue dans un r\u00e9cipient en plastique stable avec rembourrage en mousse.<\/p>\n","protected":false},"excerpt":{"rendered":"<p>Fibre optique courb\u00e9e Fibre optique de rechange pour le stylo laser MKW LA-X P200\/P500. Forme courb\u00e9e, ce qui permet par exemple d&#8217;effectuer sans probl\u00e8me des lasers dans le domaine oral, que ce soit en m\u00e9decine humaine ou v\u00e9t\u00e9rinaire. Dans le domaine du traitement oral, il serait par exemple possible d&#8217;effectuer des traitements de la gencive.&hellip;<\/p>\n","protected":false},"featured_media":44077,"comment_status":"closed","ping_status":"closed","template":"","meta":{"_links_to":"","_links_to_target":""},"product_brand":[],"product_cat":[191,201],"product_tag":[],"class_list":{"0":"post-34266","1":"product","2":"type-product","3":"status-publish","4":"has-post-thumbnail","6":"product_cat-pieces-de-rechange-fr","7":"product_cat-fiber-optics-laser-pen-fr","8":"description-off","10":"first","11":"instock","12":"taxable","13":"shipping-taxable","14":"purchasable","15":"product-type-simple"},"_links":{"self":[{"href":"https:\/\/www.mkw-laser.de\/fr\/wp-json\/wp\/v2\/product\/34266","targetHints":{"allow":["GET"]}}],"collection":[{"href":"https:\/\/www.mkw-laser.de\/fr\/wp-json\/wp\/v2\/product"}],"about":[{"href":"https:\/\/www.mkw-laser.de\/fr\/wp-json\/wp\/v2\/types\/product"}],"replies":[{"embeddable":true,"href":"https:\/\/www.mkw-laser.de\/fr\/wp-json\/wp\/v2\/comments?post=34266"}],"wp:featuredmedia":[{"embeddable":true,"href":"https:\/\/www.mkw-laser.de\/fr\/wp-json\/wp\/v2\/media\/44077"}],"wp:attachment":[{"href":"https:\/\/www.mkw-laser.de\/fr\/wp-json\/wp\/v2\/media?parent=34266"}],"wp:term":[{"taxonomy":"product_brand","embeddable":true,"href":"https:\/\/www.mkw-laser.de\/fr\/wp-json\/wp\/v2\/product_brand?post=34266"},{"taxonomy":"product_cat","embeddable":true,"href":"https:\/\/www.mkw-laser.de\/fr\/wp-json\/wp\/v2\/product_cat?post=34266"},{"taxonomy":"product_tag","embeddable":true,"href":"https:\/\/www.mkw-laser.de\/fr\/wp-json\/wp\/v2\/product_tag?post=34266"}],"curies":[{"name":"wp","href":"https:\/\/api.w.org\/{rel}","templated":true}]}}