{"id":34270,"date":"2018-03-23T11:05:36","date_gmt":"2018-03-23T10:05:36","guid":{"rendered":"https:\/\/www.mkw-laser.de\/produkt\/adaptateur-de-peigne-powertwin-fr\/"},"modified":"2026-01-11T01:53:35","modified_gmt":"2026-01-11T00:53:35","slug":"adaptateur-de-peigne-powertwin-fr","status":"publish","type":"product","link":"https:\/\/www.mkw-laser.de\/fr\/produkt\/adaptateur-de-peigne-powertwin-fr","title":{"rendered":"Adaptateur de peigne PowerTwin"},"content":{"rendered":"<h3>Adaptateur de peigne pour votre douche laser PowerTwin (Vet)<\/h3>\n<p>En un clin d&#8217;\u0153il, vous passez de la douche de surface au peigne laser et vous pouvez continuer \u00e0 travailler sans perdre de temps, m\u00eame si votre patient a une fourrure \u00e9paisse et longue.<\/p>\n<p>Il arrive souvent que le faisceau laser n&#8217;atteigne pas ou seulement partiellement la surface de la peau \u00e0 traiter en raison d&#8217;une fourrure dense ou de longs poils chez les patients animaux. L&#8217;adaptateur de peigne avec les pointes de peigne individuelles garantit que le faisceau laser des diodes est appliqu\u00e9 de mani\u00e8re fiable sur la peau et que le traitement peut \u00eatre effectu\u00e9 comme d&#8217;habitude.<\/p>\n","protected":false},"excerpt":{"rendered":"<p>Adaptateur de peigne pour votre douche laser PowerTwin (Vet) En un clin d&#8217;\u0153il, vous passez de la douche de surface au peigne laser et vous pouvez continuer \u00e0 travailler sans perdre de temps, m\u00eame si votre patient a une fourrure \u00e9paisse et longue. Il arrive souvent que le faisceau laser n&#8217;atteigne pas ou seulement partiellement&hellip;<\/p>\n","protected":false},"featured_media":34271,"comment_status":"closed","ping_status":"closed","template":"","meta":{"_links_to":"","_links_to_target":""},"product_brand":[],"product_cat":[191,192],"product_tag":[],"class_list":{"0":"post-34270","1":"product","2":"type-product","3":"status-publish","4":"has-post-thumbnail","6":"product_cat-pieces-de-rechange-fr","7":"product_cat-embouts-adaptateurs-fr","8":"description-off","10":"first","11":"instock","12":"taxable","13":"shipping-taxable","14":"purchasable","15":"product-type-simple"},"_links":{"self":[{"href":"https:\/\/www.mkw-laser.de\/fr\/wp-json\/wp\/v2\/product\/34270","targetHints":{"allow":["GET"]}}],"collection":[{"href":"https:\/\/www.mkw-laser.de\/fr\/wp-json\/wp\/v2\/product"}],"about":[{"href":"https:\/\/www.mkw-laser.de\/fr\/wp-json\/wp\/v2\/types\/product"}],"replies":[{"embeddable":true,"href":"https:\/\/www.mkw-laser.de\/fr\/wp-json\/wp\/v2\/comments?post=34270"}],"wp:featuredmedia":[{"embeddable":true,"href":"https:\/\/www.mkw-laser.de\/fr\/wp-json\/wp\/v2\/media\/34271"}],"wp:attachment":[{"href":"https:\/\/www.mkw-laser.de\/fr\/wp-json\/wp\/v2\/media?parent=34270"}],"wp:term":[{"taxonomy":"product_brand","embeddable":true,"href":"https:\/\/www.mkw-laser.de\/fr\/wp-json\/wp\/v2\/product_brand?post=34270"},{"taxonomy":"product_cat","embeddable":true,"href":"https:\/\/www.mkw-laser.de\/fr\/wp-json\/wp\/v2\/product_cat?post=34270"},{"taxonomy":"product_tag","embeddable":true,"href":"https:\/\/www.mkw-laser.de\/fr\/wp-json\/wp\/v2\/product_tag?post=34270"}],"curies":[{"name":"wp","href":"https:\/\/api.w.org\/{rel}","templated":true}]}}