{"id":34273,"date":"2018-03-23T10:45:32","date_gmt":"2018-03-23T09:45:32","guid":{"rendered":"https:\/\/www.mkw-laser.de\/produkt\/adaptateur-ponctuel-powertwin-fr\/"},"modified":"2026-01-11T01:53:35","modified_gmt":"2026-01-11T00:53:35","slug":"adaptateur-ponctuel-powertwin-fr","status":"publish","type":"product","link":"https:\/\/www.mkw-laser.de\/fr\/produkt\/adaptateur-ponctuel-powertwin-fr","title":{"rendered":"Adaptateur ponctuel PowerTwin"},"content":{"rendered":"<h3>Adaptateur de point pour la douche laser PowerTwin (Vet)<\/h3>\n<p>En quelques gestes, le PowerTwin peut \u00eatre transform\u00e9 pour des applications ponctuelles.<\/p>\n<p>M\u00eame les poils longs et denses ne sont d\u00e9sormais plus un obstacle \u00e0 l&#8217;application du rayonnement laser sur la peau sans perte.<\/p>\n<p>Longueur de la pointe laser : 4 cm &#8211; Diam\u00e8tre de la fibre optique : 3 mm.<\/p>\n<p>(la puissance des 20 diodes laser restantes est r\u00e9duite de 95% gr\u00e2ce \u00e0 un film sp\u00e9cial)<\/p>\n","protected":false},"excerpt":{"rendered":"<p>Adaptateur de point pour la douche laser PowerTwin (Vet) En quelques gestes, le PowerTwin peut \u00eatre transform\u00e9 pour des applications ponctuelles. M\u00eame les poils longs et denses ne sont d\u00e9sormais plus un obstacle \u00e0 l&#8217;application du rayonnement laser sur la peau sans perte. Longueur de la pointe laser : 4 cm &#8211; Diam\u00e8tre de la&hellip;<\/p>\n","protected":false},"featured_media":34274,"comment_status":"closed","ping_status":"closed","template":"","meta":{"_links_to":"","_links_to_target":""},"product_brand":[],"product_cat":[191,192],"product_tag":[],"class_list":{"0":"post-34273","1":"product","2":"type-product","3":"status-publish","4":"has-post-thumbnail","6":"product_cat-pieces-de-rechange-fr","7":"product_cat-embouts-adaptateurs-fr","8":"description-off","10":"first","11":"instock","12":"taxable","13":"shipping-taxable","14":"purchasable","15":"product-type-simple"},"_links":{"self":[{"href":"https:\/\/www.mkw-laser.de\/fr\/wp-json\/wp\/v2\/product\/34273","targetHints":{"allow":["GET"]}}],"collection":[{"href":"https:\/\/www.mkw-laser.de\/fr\/wp-json\/wp\/v2\/product"}],"about":[{"href":"https:\/\/www.mkw-laser.de\/fr\/wp-json\/wp\/v2\/types\/product"}],"replies":[{"embeddable":true,"href":"https:\/\/www.mkw-laser.de\/fr\/wp-json\/wp\/v2\/comments?post=34273"}],"wp:featuredmedia":[{"embeddable":true,"href":"https:\/\/www.mkw-laser.de\/fr\/wp-json\/wp\/v2\/media\/34274"}],"wp:attachment":[{"href":"https:\/\/www.mkw-laser.de\/fr\/wp-json\/wp\/v2\/media?parent=34273"}],"wp:term":[{"taxonomy":"product_brand","embeddable":true,"href":"https:\/\/www.mkw-laser.de\/fr\/wp-json\/wp\/v2\/product_brand?post=34273"},{"taxonomy":"product_cat","embeddable":true,"href":"https:\/\/www.mkw-laser.de\/fr\/wp-json\/wp\/v2\/product_cat?post=34273"},{"taxonomy":"product_tag","embeddable":true,"href":"https:\/\/www.mkw-laser.de\/fr\/wp-json\/wp\/v2\/product_tag?post=34273"}],"curies":[{"name":"wp","href":"https:\/\/api.w.org\/{rel}","templated":true}]}}