{"id":34279,"date":"2018-03-23T10:29:30","date_gmt":"2018-03-23T09:29:30","guid":{"rendered":"https:\/\/www.mkw-laser.de\/produkt\/trepied-powertwin21-fr\/"},"modified":"2026-01-11T01:53:35","modified_gmt":"2026-01-11T00:53:35","slug":"trepied-powertwin21-fr","status":"publish","type":"product","link":"https:\/\/www.mkw-laser.de\/fr\/produkt\/trepied-powertwin21-fr","title":{"rendered":"Tr\u00e9pied PowerTwin21"},"content":{"rendered":"<h3>Tr\u00e9pied laser pour PowerTwin21 \/ PowerTwin21 XP5<\/h3>\n<p>Certaines indications n\u00e9cessitent des dur\u00e9es de traitement plus longues avec le PowerTwin. Un tr\u00e9pied est alors disponible. Le tr\u00e9pied est pivotant et r\u00e9glable avec un dispositif de fixation sp\u00e9cial pour la PowerTwin21.<\/p>\n<p>Le tr\u00e9pied offre un support s\u00fbr pour votre PowerTwin21 &#8211; vous avez les mains libres pour continuer \u00e0 travailler pendant que le patient re\u00e7oit par exemple un traitement prolong\u00e9 avec l&#8217;appareil.<\/p>\n<p>Vous pouvez bien s\u00fbr laisser le tr\u00e9pied en place et ins\u00e9rer la PowerTwin21 si n\u00e9cessaire. Si vous avez besoin de place, le tr\u00e9pied se d\u00e9tache en quelques gestes et se replie pour prendre moins de place.<\/p>\n<p>Le tr\u00e9pied m\u00e9tallique est noir.<\/p>\n<p>Contenu de la livraison : tr\u00e9pied en 2 parties avec dispositif de serrage pour table<\/p>\n","protected":false},"excerpt":{"rendered":"<p>Tr\u00e9pied laser pour PowerTwin21 \/ PowerTwin21 XP5 Certaines indications n\u00e9cessitent des dur\u00e9es de traitement plus longues avec le PowerTwin. Un tr\u00e9pied est alors disponible. Le tr\u00e9pied est pivotant et r\u00e9glable avec un dispositif de fixation sp\u00e9cial pour la PowerTwin21. Le tr\u00e9pied offre un support s\u00fbr pour votre PowerTwin21 &#8211; vous avez les mains libres pour&hellip;<\/p>\n","protected":false},"featured_media":34280,"comment_status":"closed","ping_status":"closed","template":"","meta":{"_links_to":"","_links_to_target":""},"product_brand":[],"product_cat":[205],"product_tag":[],"class_list":{"0":"post-34279","1":"product","2":"type-product","3":"status-publish","4":"has-post-thumbnail","6":"product_cat-accessoires-en-general-fr","7":"description-off","9":"first","10":"instock","11":"taxable","12":"shipping-taxable","13":"purchasable","14":"product-type-simple"},"_links":{"self":[{"href":"https:\/\/www.mkw-laser.de\/fr\/wp-json\/wp\/v2\/product\/34279","targetHints":{"allow":["GET"]}}],"collection":[{"href":"https:\/\/www.mkw-laser.de\/fr\/wp-json\/wp\/v2\/product"}],"about":[{"href":"https:\/\/www.mkw-laser.de\/fr\/wp-json\/wp\/v2\/types\/product"}],"replies":[{"embeddable":true,"href":"https:\/\/www.mkw-laser.de\/fr\/wp-json\/wp\/v2\/comments?post=34279"}],"wp:featuredmedia":[{"embeddable":true,"href":"https:\/\/www.mkw-laser.de\/fr\/wp-json\/wp\/v2\/media\/34280"}],"wp:attachment":[{"href":"https:\/\/www.mkw-laser.de\/fr\/wp-json\/wp\/v2\/media?parent=34279"}],"wp:term":[{"taxonomy":"product_brand","embeddable":true,"href":"https:\/\/www.mkw-laser.de\/fr\/wp-json\/wp\/v2\/product_brand?post=34279"},{"taxonomy":"product_cat","embeddable":true,"href":"https:\/\/www.mkw-laser.de\/fr\/wp-json\/wp\/v2\/product_cat?post=34279"},{"taxonomy":"product_tag","embeddable":true,"href":"https:\/\/www.mkw-laser.de\/fr\/wp-json\/wp\/v2\/product_tag?post=34279"}],"curies":[{"name":"wp","href":"https:\/\/api.w.org\/{rel}","templated":true}]}}