{"id":34287,"date":"2018-03-23T10:24:58","date_gmt":"2018-03-23T09:24:58","guid":{"rendered":"https:\/\/www.mkw-laser.de\/produkt\/mallette-dequipement-pour-systeme-laser-fr\/"},"modified":"2026-01-11T01:53:35","modified_gmt":"2026-01-11T00:53:35","slug":"mallette-dequipement-pour-systeme-laser-fr","status":"publish","type":"product","link":"https:\/\/www.mkw-laser.de\/fr\/produkt\/mallette-dequipement-pour-systeme-laser-fr","title":{"rendered":"Mallette d&#8217;\u00e9quipement pour syst\u00e8me laser"},"content":{"rendered":"<h3>Avec inserts en mousse pour les appareils laser<\/h3>\n<h4>Mallette pour appareils<\/h4>\n<p>pour les appareils laser de MKW, de couleur gris argent\u00e9 attrayante, dimensions int\u00e9rieures 350x275x63+33mm.<\/p>\n<p>La mallette est \u00e9quip\u00e9e de deux serrures \u00e0 ressort (non verrouillables), la poign\u00e9e de la mallette est de la m\u00eame couleur gris argent\u00e9. Quatre pieds de positionnement en plastique gris clair permettent de poser la valise sur le sol en toute s\u00e9curit\u00e9 sans la rayer.<\/p>\n<p>L&#8217;int\u00e9rieur de la valise est dot\u00e9 de mousse souple noire au niveau du couvercle. Le fond est rembourr\u00e9 de mousse noire.<\/p>\n<p>Convient \u00e0 tous les appareils laser MKW, \u00e0 l&#8217;exception de la s\u00e9rie d&#8217;appareils PowerTwin21.<\/p>\n<p>Le PowerTwin21 ainsi que le PowerTwin21+ ont une mallette s\u00e9par\u00e9e, adapt\u00e9e \u00e0 leurs dimensions.<\/p>\n","protected":false},"excerpt":{"rendered":"<p>Avec inserts en mousse pour les appareils laser Mallette pour appareils pour les appareils laser de MKW, de couleur gris argent\u00e9 attrayante, dimensions int\u00e9rieures 350x275x63+33mm. La mallette est \u00e9quip\u00e9e de deux serrures \u00e0 ressort (non verrouillables), la poign\u00e9e de la mallette est de la m\u00eame couleur gris argent\u00e9. Quatre pieds de positionnement en plastique gris&hellip;<\/p>\n","protected":false},"featured_media":34291,"comment_status":"closed","ping_status":"closed","template":"","meta":{"_links_to":"","_links_to_target":""},"product_brand":[],"product_cat":[205,207],"product_tag":[],"class_list":{"0":"post-34287","1":"product","2":"type-product","3":"status-publish","4":"has-post-thumbnail","6":"product_cat-accessoires-en-general-fr","7":"product_cat-mallette-a-outils-fr","8":"description-off","10":"first","11":"instock","12":"taxable","13":"shipping-taxable","14":"purchasable","15":"product-type-simple"},"_links":{"self":[{"href":"https:\/\/www.mkw-laser.de\/fr\/wp-json\/wp\/v2\/product\/34287","targetHints":{"allow":["GET"]}}],"collection":[{"href":"https:\/\/www.mkw-laser.de\/fr\/wp-json\/wp\/v2\/product"}],"about":[{"href":"https:\/\/www.mkw-laser.de\/fr\/wp-json\/wp\/v2\/types\/product"}],"replies":[{"embeddable":true,"href":"https:\/\/www.mkw-laser.de\/fr\/wp-json\/wp\/v2\/comments?post=34287"}],"wp:featuredmedia":[{"embeddable":true,"href":"https:\/\/www.mkw-laser.de\/fr\/wp-json\/wp\/v2\/media\/34291"}],"wp:attachment":[{"href":"https:\/\/www.mkw-laser.de\/fr\/wp-json\/wp\/v2\/media?parent=34287"}],"wp:term":[{"taxonomy":"product_brand","embeddable":true,"href":"https:\/\/www.mkw-laser.de\/fr\/wp-json\/wp\/v2\/product_brand?post=34287"},{"taxonomy":"product_cat","embeddable":true,"href":"https:\/\/www.mkw-laser.de\/fr\/wp-json\/wp\/v2\/product_cat?post=34287"},{"taxonomy":"product_tag","embeddable":true,"href":"https:\/\/www.mkw-laser.de\/fr\/wp-json\/wp\/v2\/product_tag?post=34287"}],"curies":[{"name":"wp","href":"https:\/\/api.w.org\/{rel}","templated":true}]}}