{"id":34294,"date":"2018-03-23T10:22:33","date_gmt":"2018-03-23T09:22:33","guid":{"rendered":"https:\/\/www.mkw-laser.de\/produkt\/tablette-en-acrylique-powertwin\/"},"modified":"2026-01-11T01:53:35","modified_gmt":"2026-01-11T00:53:35","slug":"tablette-en-acrylique-powertwin","status":"publish","type":"product","link":"https:\/\/www.mkw-laser.de\/fr\/produkt\/tablette-en-acrylique-powertwin","title":{"rendered":"Tablette en acrylique PowerTwin"},"content":{"rendered":"<h3>Rangement s\u00fbr de votre PowerTwin Laserdusche<\/h3>\n<p>Cette \u00e9tag\u00e8re en acrylique pratique et esth\u00e9tique permet de d\u00e9poser rapidement et en toute s\u00e9curit\u00e9 votre douche laser PowerTwin de MKW.<\/p>\n","protected":false},"excerpt":{"rendered":"<p>Rangement s\u00fbr de votre PowerTwin Laserdusche Cette \u00e9tag\u00e8re en acrylique pratique et esth\u00e9tique permet de d\u00e9poser rapidement et en toute s\u00e9curit\u00e9 votre douche laser PowerTwin de MKW.<\/p>\n","protected":false},"featured_media":34295,"comment_status":"closed","ping_status":"closed","template":"","meta":{"_links_to":"","_links_to_target":""},"product_brand":[],"product_cat":[205,206],"product_tag":[],"class_list":{"0":"post-34294","1":"product","2":"type-product","3":"status-publish","4":"has-post-thumbnail","6":"product_cat-accessoires-en-general-fr","7":"product_cat-tablettes-en-acrylique-fr","8":"description-off","10":"first","11":"instock","12":"taxable","13":"shipping-taxable","14":"purchasable","15":"product-type-simple"},"_links":{"self":[{"href":"https:\/\/www.mkw-laser.de\/fr\/wp-json\/wp\/v2\/product\/34294","targetHints":{"allow":["GET"]}}],"collection":[{"href":"https:\/\/www.mkw-laser.de\/fr\/wp-json\/wp\/v2\/product"}],"about":[{"href":"https:\/\/www.mkw-laser.de\/fr\/wp-json\/wp\/v2\/types\/product"}],"replies":[{"embeddable":true,"href":"https:\/\/www.mkw-laser.de\/fr\/wp-json\/wp\/v2\/comments?post=34294"}],"wp:featuredmedia":[{"embeddable":true,"href":"https:\/\/www.mkw-laser.de\/fr\/wp-json\/wp\/v2\/media\/34295"}],"wp:attachment":[{"href":"https:\/\/www.mkw-laser.de\/fr\/wp-json\/wp\/v2\/media?parent=34294"}],"wp:term":[{"taxonomy":"product_brand","embeddable":true,"href":"https:\/\/www.mkw-laser.de\/fr\/wp-json\/wp\/v2\/product_brand?post=34294"},{"taxonomy":"product_cat","embeddable":true,"href":"https:\/\/www.mkw-laser.de\/fr\/wp-json\/wp\/v2\/product_cat?post=34294"},{"taxonomy":"product_tag","embeddable":true,"href":"https:\/\/www.mkw-laser.de\/fr\/wp-json\/wp\/v2\/product_tag?post=34294"}],"curies":[{"name":"wp","href":"https:\/\/api.w.org\/{rel}","templated":true}]}}