{"id":34299,"date":"2018-03-23T10:15:58","date_gmt":"2018-03-23T09:15:58","guid":{"rendered":"https:\/\/www.mkw-laser.de\/produkt\/mallette-pour-appareils-powertwin21-fr\/"},"modified":"2026-01-11T01:53:35","modified_gmt":"2026-01-11T00:53:35","slug":"mallette-pour-appareils-powertwin21-fr","status":"publish","type":"product","link":"https:\/\/www.mkw-laser.de\/fr\/produkt\/mallette-pour-appareils-powertwin21-fr","title":{"rendered":"Mallette pour appareils PowerTwin21"},"content":{"rendered":"<h3>Pour la douche laser MKW de bas niveau<\/h3>\n<h4>Mallette d&#8217;\u00e9quipement robuste<\/h4>\n<p>pour la douche laser PowerTwin21 de MKW en gris argent\u00e9 attractif, dimensions int\u00e9rieures 510x205x103+33mm.<\/p>\n<p>La mallette est \u00e9quip\u00e9e de deux serrures \u00e0 ressort (non verrouillables), la poign\u00e9e de la mallette est de la m\u00eame couleur gris argent\u00e9. Quatre pieds de positionnement en plastique gris clair permettent de poser la valise sur le sol en toute s\u00e9curit\u00e9 sans la rayer.<\/p>\n<p>L&#8217;int\u00e9rieur de la mallette est \u00e9quip\u00e9 d&#8217;une mousse noire \u00e0 bulles au niveau du couvercle ainsi que d&#8217;un \u00e9lastique pour fixer des documents (p. ex. mode d&#8217;emploi, dossier de patient, etc.). Le fond est rembourr\u00e9 de mousse noire.<\/p>\n<p>Design MKW avec impression du logo.<\/p>\n","protected":false},"excerpt":{"rendered":"<p>Pour la douche laser MKW de bas niveau Mallette d&#8217;\u00e9quipement robuste pour la douche laser PowerTwin21 de MKW en gris argent\u00e9 attractif, dimensions int\u00e9rieures 510x205x103+33mm. La mallette est \u00e9quip\u00e9e de deux serrures \u00e0 ressort (non verrouillables), la poign\u00e9e de la mallette est de la m\u00eame couleur gris argent\u00e9. Quatre pieds de positionnement en plastique gris&hellip;<\/p>\n","protected":false},"featured_media":34303,"comment_status":"closed","ping_status":"closed","template":"","meta":{"_links_to":"","_links_to_target":""},"product_brand":[],"product_cat":[205,207],"product_tag":[],"class_list":{"0":"post-34299","1":"product","2":"type-product","3":"status-publish","4":"has-post-thumbnail","6":"product_cat-accessoires-en-general-fr","7":"product_cat-mallette-a-outils-fr","8":"description-off","10":"first","11":"instock","12":"taxable","13":"shipping-taxable","14":"purchasable","15":"product-type-simple"},"_links":{"self":[{"href":"https:\/\/www.mkw-laser.de\/fr\/wp-json\/wp\/v2\/product\/34299","targetHints":{"allow":["GET"]}}],"collection":[{"href":"https:\/\/www.mkw-laser.de\/fr\/wp-json\/wp\/v2\/product"}],"about":[{"href":"https:\/\/www.mkw-laser.de\/fr\/wp-json\/wp\/v2\/types\/product"}],"replies":[{"embeddable":true,"href":"https:\/\/www.mkw-laser.de\/fr\/wp-json\/wp\/v2\/comments?post=34299"}],"wp:featuredmedia":[{"embeddable":true,"href":"https:\/\/www.mkw-laser.de\/fr\/wp-json\/wp\/v2\/media\/34303"}],"wp:attachment":[{"href":"https:\/\/www.mkw-laser.de\/fr\/wp-json\/wp\/v2\/media?parent=34299"}],"wp:term":[{"taxonomy":"product_brand","embeddable":true,"href":"https:\/\/www.mkw-laser.de\/fr\/wp-json\/wp\/v2\/product_brand?post=34299"},{"taxonomy":"product_cat","embeddable":true,"href":"https:\/\/www.mkw-laser.de\/fr\/wp-json\/wp\/v2\/product_cat?post=34299"},{"taxonomy":"product_tag","embeddable":true,"href":"https:\/\/www.mkw-laser.de\/fr\/wp-json\/wp\/v2\/product_tag?post=34299"}],"curies":[{"name":"wp","href":"https:\/\/api.w.org\/{rel}","templated":true}]}}