{"id":34307,"date":"2018-03-23T10:11:28","date_gmt":"2018-03-23T09:11:28","guid":{"rendered":"https:\/\/www.mkw-laser.de\/produkt\/poche-sur-la-jambe-bleue-fr\/"},"modified":"2026-01-11T01:53:35","modified_gmt":"2026-01-11T00:53:35","slug":"poche-sur-la-jambe-bleue-fr","status":"publish","type":"product","link":"https:\/\/www.mkw-laser.de\/fr\/produkt\/poche-sur-la-jambe-bleue-fr","title":{"rendered":"Poche sur la jambe bleue"},"content":{"rendered":"<h3>Poche bleue sur la jambe pour une utilisation mobile<\/h3>\n<p>Les mains restent libres pour l&#8217;appareil laser et le patient. La poche pratique pour les jambes, en tissu solide avec des coutures robustes et des poches bien con\u00e7ues pour les accessoires, permet de changer rapidement les embouts et les batteries sur place, sans devoir retourner \u00e0 chaque fois \u00e0 la voiture.<\/p>\n<p>Le sac est fabriqu\u00e9 de mani\u00e8re \u00e0 ce que le PowerTwin puisse \u00eatre gliss\u00e9 dans la plus grande poche centrale. La Powerbank est gliss\u00e9e dans la poche avant, plus petite. Les appareils restent ainsi bien en place et les autres poches permettent de ranger des accessoires tels que des lunettes de protection laser ou le stylo laser MKW.<\/p>\n<p>Version :<\/p>\n<ul>\n<li>1 longue bandouli\u00e8re r\u00e9glable avec fermeture \u00e0 clic<\/li>\n<li>1 sangle de jambe r\u00e9glable avec fermeture \u00e0 clic<\/li>\n<li>1 petite poche \u00e0 l&#8217;avant avec fermeture velcro pour les embouts adaptateurs<\/li>\n<li>1 grande poche centrale \u00e0 l&#8217;avant avec fermeture velcro pour la Powerbank<\/li>\n<li>1 grande poche ouverte vers le haut pour le PowerTwin<\/li>\n<li>1 poche lat\u00e9rale ouverte vers le haut, de forme allong\u00e9e, pour le stylo laser<\/li>\n<\/ul>\n<p>La Powerbank n&#8217;est pas comprise dans la livraison de la sacoche pour jambes.<\/p>\n","protected":false},"excerpt":{"rendered":"<p>Poche bleue sur la jambe pour une utilisation mobile Les mains restent libres pour l&#8217;appareil laser et le patient. La poche pratique pour les jambes, en tissu solide avec des coutures robustes et des poches bien con\u00e7ues pour les accessoires, permet de changer rapidement les embouts et les batteries sur place, sans devoir retourner \u00e0&hellip;<\/p>\n","protected":false},"featured_media":34310,"comment_status":"closed","ping_status":"closed","template":"","meta":{"_links_to":"","_links_to_target":""},"product_brand":[],"product_cat":[202,205,208],"product_tag":[],"class_list":{"0":"post-34307","1":"product","2":"type-product","3":"status-publish","4":"has-post-thumbnail","6":"product_cat-banque-dalimentation-et-batterie-fr","7":"product_cat-accessoires-en-general-fr","8":"product_cat-sacs-fr","9":"description-off","11":"first","12":"instock","13":"taxable","14":"shipping-taxable","15":"purchasable","16":"product-type-simple"},"_links":{"self":[{"href":"https:\/\/www.mkw-laser.de\/fr\/wp-json\/wp\/v2\/product\/34307","targetHints":{"allow":["GET"]}}],"collection":[{"href":"https:\/\/www.mkw-laser.de\/fr\/wp-json\/wp\/v2\/product"}],"about":[{"href":"https:\/\/www.mkw-laser.de\/fr\/wp-json\/wp\/v2\/types\/product"}],"replies":[{"embeddable":true,"href":"https:\/\/www.mkw-laser.de\/fr\/wp-json\/wp\/v2\/comments?post=34307"}],"wp:featuredmedia":[{"embeddable":true,"href":"https:\/\/www.mkw-laser.de\/fr\/wp-json\/wp\/v2\/media\/34310"}],"wp:attachment":[{"href":"https:\/\/www.mkw-laser.de\/fr\/wp-json\/wp\/v2\/media?parent=34307"}],"wp:term":[{"taxonomy":"product_brand","embeddable":true,"href":"https:\/\/www.mkw-laser.de\/fr\/wp-json\/wp\/v2\/product_brand?post=34307"},{"taxonomy":"product_cat","embeddable":true,"href":"https:\/\/www.mkw-laser.de\/fr\/wp-json\/wp\/v2\/product_cat?post=34307"},{"taxonomy":"product_tag","embeddable":true,"href":"https:\/\/www.mkw-laser.de\/fr\/wp-json\/wp\/v2\/product_tag?post=34307"}],"curies":[{"name":"wp","href":"https:\/\/api.w.org\/{rel}","templated":true}]}}