{"id":34311,"date":"2018-03-23T09:30:30","date_gmt":"2018-03-23T08:30:30","guid":{"rendered":"https:\/\/www.mkw-laser.de\/produkt\/hund-und-katze-therapieplaene\/"},"modified":"2026-01-11T01:53:33","modified_gmt":"2026-01-11T00:53:33","slug":"hund-und-katze-therapieplaene","status":"publish","type":"product","link":"https:\/\/www.mkw-laser.de\/fr\/produkt\/hund-und-katze-therapieplaene","title":{"rendered":"Lasertherapie und Laserpunktur bei Hund und Katze"},"content":{"rendered":"<h3 class=\"product-page\">Hund und Katze &#8211; Therapiepl\u00e4ne<\/h3>\n<p>Die <strong>Low-Level-Lasertherapie<\/strong>\u00a0ist eine wissenschaftlich anerkannte und seit Jahrzehnten bew\u00e4hrte Behandlungsmethode &#8211; und wird heute immer h\u00e4ufiger auch in der <strong>Kleintierpraxis<\/strong> erfolgreich angewendet.<\/p>\n<p>Der Low-Level-Laser wird lokal zur Geweberegeneration, Wundheilung und Schmerzstillung eingesetzt. Er eignet sich aber auch zur Stimulation von Reflex-, Trigger- und Akupunkturpunkten. Beide Ans\u00e4tze erg\u00e4nzen sich zu einem \u00e4u\u00dferst effektiven Kombinationstherapie, die dem Tierarzt auch den Zugang zu regulativen Behandlungsmethoden er\u00f6ffnet, die ansonsten vom Tier h\u00e4ufig wenig toleriert werden.<\/p>\n<p>Dieses <strong>Anwenderhandbuch<\/strong> soll einen schnellen und praktischen Einstieg in die Lasertherapie erm\u00f6glichen. Dazu werden neben einer kurzen Einf\u00fchrung in ihre Wirkungsweise bew\u00e4hrte Therapieschemata f\u00fcr die wichtigsten Indikationen beim Hund und bei der Katze in kompakter, nachvollziehbarer und anschaulicher Form angeleitet. Sie gr\u00fcnden auf den Erkenntnissen von <strong>Peter Rosin<\/strong>, einem Pionier der ganzheitlichen Tierheilkunde, und seiner \u00fcber 20-j\u00e4hrigen Erfahrung mit der Lasertherapie und Laserpunktur bei der Behandlung von Kleintieren.<\/p>\n<p>Themen: Wunden &#8211; St\u00f6rfelder &#8211; Schmerzen &#8211; Bewegungsapparat (Wirbels\u00e4ule, Schulter, Ellbogen, Karpalgelenk, H\u00fcfte, Knie, Sprunggelenk) &#8211; Atemwege &#8211; Magen-Darm &#8211; innere Organe &#8211; Haut &#8211; Immunsystem &#8211; Stoffwechsel &#8211; Gef\u00e4\u00dfe &#8211; Psyche &#8211; u.v.m.<\/p>\n<p><strong>Aufkl\u00e4render Hinweis:<\/strong><br \/>\nBei der Low Level Lasertherapie handelt es sich um ein Therapieverfahren aus der naturheilkundlichen Erfahrungsmedizin, die nicht zu den allgemein anerkannten Methoden der Schulmedizin geh\u00f6ren.<\/p>\n<p>ISBN 978-3-00-028553-0, 2. Auflage 2012,\u00a0165 Seiten<\/p>\n","protected":false},"excerpt":{"rendered":"<p>Hund und Katze &#8211; Therapiepl\u00e4ne Die Low-Level-Lasertherapie\u00a0ist eine wissenschaftlich anerkannte und seit Jahrzehnten bew\u00e4hrte Behandlungsmethode &#8211; und wird heute immer h\u00e4ufiger auch in der Kleintierpraxis erfolgreich angewendet. Der Low-Level-Laser wird lokal zur Geweberegeneration, Wundheilung und Schmerzstillung eingesetzt. Er eignet sich aber auch zur Stimulation von Reflex-, Trigger- und Akupunkturpunkten. Beide Ans\u00e4tze erg\u00e4nzen sich zu einem&hellip;<\/p>\n","protected":false},"featured_media":34316,"comment_status":"closed","ping_status":"closed","template":"","meta":{"_links_to":"","_links_to_target":""},"product_brand":[],"product_cat":[185,197],"product_tag":[],"class_list":{"0":"post-34311","1":"product","2":"type-product","3":"status-publish","4":"has-post-thumbnail","6":"product_cat-livres-techniques","7":"product_cat-medecine-veterinaire-laser-fr","8":"description-off","10":"first","11":"instock","12":"taxable","13":"shipping-taxable","14":"purchasable","15":"product-type-simple"},"_links":{"self":[{"href":"https:\/\/www.mkw-laser.de\/fr\/wp-json\/wp\/v2\/product\/34311","targetHints":{"allow":["GET"]}}],"collection":[{"href":"https:\/\/www.mkw-laser.de\/fr\/wp-json\/wp\/v2\/product"}],"about":[{"href":"https:\/\/www.mkw-laser.de\/fr\/wp-json\/wp\/v2\/types\/product"}],"replies":[{"embeddable":true,"href":"https:\/\/www.mkw-laser.de\/fr\/wp-json\/wp\/v2\/comments?post=34311"}],"wp:featuredmedia":[{"embeddable":true,"href":"https:\/\/www.mkw-laser.de\/fr\/wp-json\/wp\/v2\/media\/34316"}],"wp:attachment":[{"href":"https:\/\/www.mkw-laser.de\/fr\/wp-json\/wp\/v2\/media?parent=34311"}],"wp:term":[{"taxonomy":"product_brand","embeddable":true,"href":"https:\/\/www.mkw-laser.de\/fr\/wp-json\/wp\/v2\/product_brand?post=34311"},{"taxonomy":"product_cat","embeddable":true,"href":"https:\/\/www.mkw-laser.de\/fr\/wp-json\/wp\/v2\/product_cat?post=34311"},{"taxonomy":"product_tag","embeddable":true,"href":"https:\/\/www.mkw-laser.de\/fr\/wp-json\/wp\/v2\/product_tag?post=34311"}],"curies":[{"name":"wp","href":"https:\/\/api.w.org\/{rel}","templated":true}]}}