{"id":37259,"date":"2024-10-16T10:08:32","date_gmt":"2024-10-16T08:08:32","guid":{"rendered":"https:\/\/www.mkw-laser.de\/?post_type=product&#038;p=37259"},"modified":"2026-01-11T01:53:34","modified_gmt":"2026-01-11T00:53:34","slug":"adaptateur-de-douche-powertwin-xp5","status":"publish","type":"product","link":"https:\/\/www.mkw-laser.de\/fr\/produkt\/adaptateur-de-douche-powertwin-xp5","title":{"rendered":"Adaptateur de douche PowerTwin XP5"},"content":{"rendered":"<h3>Adaptateur pour la douche laser PowerTwin XP5<\/h3>\n<p>La pi\u00e8ce standard du PowerTwin XP5. Pour les parties de peau lisses en m\u00e9decine humaine ainsi que pour le pelage court des patients animaux. Retourner du peigne laser \u00e0 la douche laser en un tour de main &#8211; il n&#8217;y a pas plus simple.<\/p>\n","protected":false},"excerpt":{"rendered":"<p>Adaptateur pour la douche laser PowerTwin XP5 La pi\u00e8ce standard du PowerTwin XP5. Pour les parties de peau lisses en m\u00e9decine humaine ainsi que pour le pelage court des patients animaux. Retourner du peigne laser \u00e0 la douche laser en un tour de main &#8211; il n&#8217;y a pas plus simple.<\/p>\n","protected":false},"featured_media":37255,"comment_status":"closed","ping_status":"closed","template":"","meta":{"_links_to":"","_links_to_target":""},"product_brand":[],"product_cat":[191,192],"product_tag":[],"class_list":{"0":"post-37259","1":"product","2":"type-product","3":"status-publish","4":"has-post-thumbnail","6":"product_cat-pieces-de-rechange-fr","7":"product_cat-embouts-adaptateurs-fr","8":"description-off","10":"first","11":"instock","12":"taxable","13":"shipping-taxable","14":"purchasable","15":"product-type-simple"},"_links":{"self":[{"href":"https:\/\/www.mkw-laser.de\/fr\/wp-json\/wp\/v2\/product\/37259","targetHints":{"allow":["GET"]}}],"collection":[{"href":"https:\/\/www.mkw-laser.de\/fr\/wp-json\/wp\/v2\/product"}],"about":[{"href":"https:\/\/www.mkw-laser.de\/fr\/wp-json\/wp\/v2\/types\/product"}],"replies":[{"embeddable":true,"href":"https:\/\/www.mkw-laser.de\/fr\/wp-json\/wp\/v2\/comments?post=37259"}],"wp:featuredmedia":[{"embeddable":true,"href":"https:\/\/www.mkw-laser.de\/fr\/wp-json\/wp\/v2\/media\/37255"}],"wp:attachment":[{"href":"https:\/\/www.mkw-laser.de\/fr\/wp-json\/wp\/v2\/media?parent=37259"}],"wp:term":[{"taxonomy":"product_brand","embeddable":true,"href":"https:\/\/www.mkw-laser.de\/fr\/wp-json\/wp\/v2\/product_brand?post=37259"},{"taxonomy":"product_cat","embeddable":true,"href":"https:\/\/www.mkw-laser.de\/fr\/wp-json\/wp\/v2\/product_cat?post=37259"},{"taxonomy":"product_tag","embeddable":true,"href":"https:\/\/www.mkw-laser.de\/fr\/wp-json\/wp\/v2\/product_tag?post=37259"}],"curies":[{"name":"wp","href":"https:\/\/api.w.org\/{rel}","templated":true}]}}